{"id":1647,"date":"2020-12-18T05:35:18","date_gmt":"2020-12-18T05:35:18","guid":{"rendered":"https:\/\/ld-wp73.template-help.com\/wordpress\/prod_5291\/v1\/?page_id=1647"},"modified":"2025-09-30T11:11:48","modified_gmt":"2025-09-30T11:11:48","slug":"lagoon400s2-auster","status":"publish","type":"page","link":"https:\/\/orizzontevela.it\/cs\/barche\/lagoon400s2-auster\/","title":{"rendered":"Lagoon 400 S2 &#8211; AUSTER"},"content":{"rendered":"<div data-elementor-type=\"wp-page\" data-elementor-id=\"1647\" class=\"elementor elementor-1647\" data-elementor-post-type=\"page\">\n\t\t\t\t\t\t<section class=\"elementor-section elementor-top-section elementor-element elementor-element-b312923 elementor-section-boxed elementor-section-height-default elementor-section-height-default\" data-id=\"b312923\" data-element_type=\"section\" data-e-type=\"section\">\n\t\t\t\t\t\t<div class=\"elementor-container elementor-column-gap-no\">\n\t\t\t\t\t<div class=\"elementor-column elementor-col-50 elementor-top-column elementor-element elementor-element-fdff2b0\" data-id=\"fdff2b0\" data-element_type=\"column\" data-e-type=\"column\">\n\t\t\t<div class=\"elementor-widget-wrap elementor-element-populated\">\n\t\t\t\t\t\t<div class=\"elementor-element elementor-element-1a04904 elementor-widget elementor-widget-heading\" data-id=\"1a04904\" data-element_type=\"widget\" data-e-type=\"widget\" data-widget_type=\"heading.default\">\n\t\t\t\t\t<h2 class=\"elementor-heading-title elementor-size-default\">Podrobnosti na<\/h2>\t\t\t\t<\/div>\n\t\t\t\t<div class=\"elementor-element elementor-element-6143ac5 elementor-widget-divider--view-line elementor-widget elementor-widget-divider\" data-id=\"6143ac5\" data-element_type=\"widget\" data-e-type=\"widget\" data-widget_type=\"divider.default\">\n\t\t\t\t\t\t\t<div class=\"elementor-divider\">\n\t\t\t<span class=\"elementor-divider-separator\">\n\t\t\t\t\t\t<\/span>\n\t\t<\/div>\n\t\t\t\t\t\t<\/div>\n\t\t\t\t<div class=\"elementor-element elementor-element-0590c3b elementor-widget elementor-widget-text-editor\" data-id=\"0590c3b\" data-element_type=\"widget\" data-e-type=\"widget\" data-widget_type=\"text-editor.default\">\n\t\t\t\t\t\t\t\t\t<p style=\"margin-bottom: 5px;\"><span style=\"margin-right: 5px; color: #23282d;\">Staveni\u0161t\u011b:<\/span> Lagoon<\/p><p style=\"margin-bottom: 5px;\"><span style=\"margin-right: 5px; color: #23282d;\">Rok:<\/span> 2016<\/p><p style=\"margin-bottom: 5px;\"><span style=\"margin-right: 5px; color: #23282d;\">Nohy:<\/span> 40<\/p><p style=\"margin-bottom: 5px;\"><span style=\"margin-right: 5px; color: #23282d;\">Motory:<\/span> 45hp x 2<\/p><p style=\"margin-bottom: 5px;\"><span style=\"margin-right: 5px; color: #23282d;\">L\u016f\u017eka:<\/span> 12 l\u016f\u017eek<\/p><p style=\"margin-bottom: 5px;\"><span style=\"margin-right: 5px; color: #23282d;\">Metry:<\/span> 11.97<\/p><p style=\"margin-bottom: 5px;\"><span style=\"margin-right: 5px; color: #23282d;\">Hull:<\/span> Katamar\u00e1n<\/p>\t\t\t\t\t\t\t\t<\/div>\n\t\t\t\t\t<\/div>\n\t\t<\/div>\n\t\t\t\t<div class=\"elementor-column elementor-col-50 elementor-top-column elementor-element elementor-element-f71051d\" data-id=\"f71051d\" data-element_type=\"column\" data-e-type=\"column\">\n\t\t\t<div class=\"elementor-widget-wrap elementor-element-populated\">\n\t\t\t\t\t\t<div class=\"elementor-element elementor-element-15d445c elementor-widget elementor-widget-text-editor\" data-id=\"15d445c\" data-element_type=\"widget\" data-e-type=\"widget\" data-widget_type=\"text-editor.default\">\n\t\t\t\t\t\t\t\t\t<p>Lagoon 400 S2 - Auster<\/p>\t\t\t\t\t\t\t\t<\/div>\n\t\t\t\t<div class=\"elementor-element elementor-element-83df10c elementor-widget elementor-widget-text-editor\" data-id=\"83df10c\" data-element_type=\"widget\" data-e-type=\"widget\" data-widget_type=\"text-editor.default\">\n\t\t\t\t\t\t\t\t\t<p>Katamar\u00e1n<\/p>\t\t\t\t\t\t\t\t<\/div>\n\t\t\t\t<div class=\"elementor-element elementor-element-074e6d2 elementor-widget elementor-widget-text-editor\" data-id=\"074e6d2\" data-element_type=\"widget\" data-e-type=\"widget\" data-widget_type=\"text-editor.default\">\n\t\t\t\t\t\t\t\t\t<p>Se svou \u0161\u00ed\u0159kou 7,25 m je ide\u00e1ln\u00edm modelem pro hobby jachta\u0159e, aby m\u011bl maxim\u00e1ln\u00ed pohodl\u00ed.<\/p>\t\t\t\t\t\t\t\t<\/div>\n\t\t\t\t<div class=\"elementor-element elementor-element-e4971ec elementor-widget elementor-widget-text-editor\" data-id=\"e4971ec\" data-element_type=\"widget\" data-e-type=\"widget\" data-widget_type=\"text-editor.default\">\n\t\t\t\t\t\t\t\t\t<p><span style=\"color: #343a40; font-family: Inter, -apple-system, BlinkMacSystemFont, Roboto, sans-serif, Helvetica, Arial; font-size: 16px; white-space: pre-wrap;\"><img fetchpriority=\"high\" decoding=\"async\" class=\"size-medium wp-image-4254 alignleft\" src=\"https:\/\/orizzontevela.it\/wp-content\/uploads\/2025\/09\/855888_c_851_592_1-300x209.jpg\" alt=\"\" width=\"300\" height=\"209\" srcset=\"https:\/\/orizzontevela.it\/wp-content\/uploads\/2025\/09\/855888_c_851_592_1-300x209.jpg 300w, https:\/\/orizzontevela.it\/wp-content\/uploads\/2025\/09\/855888_c_851_592_1-768x534.jpg 768w, https:\/\/orizzontevela.it\/wp-content\/uploads\/2025\/09\/855888_c_851_592_1.jpg 851w\" sizes=\"(max-width: 300px) 100vw, 300px\" \/>Se svou d\u00e9lkou 12 metr\u016f se AUSTER m\u016f\u017ee pochlubit bezkonkuren\u010dn\u00edmi plochami a prostorem. Je navr\u017een pro plavbu pod\u00e9l pob\u0159e\u017e\u00ed i na otev\u0159en\u00e9m mo\u0159i a p\u0159edstavuje luxusn\u00ed a v\u0161estrannou volbu pro nezapomenutelnou dovolenou na mo\u0159i v naprost\u00e9m bezpe\u010d\u00ed. P\u0159\u00edtomnost dvou velk\u00fdch opalovac\u00edch s\u00edt\u00ed na p\u0159\u00eddi v\u00e1m umo\u017en\u00ed vychutnat si v\u00fdhled v naprost\u00e9 pohod\u011b. Velk\u00fd kokpit pohodln\u011b pojme v\u0161echny hosty a nab\u00edz\u00ed spoustu m\u00edsta ve st\u00ednu, stejn\u011b jako fantastick\u00fd minibar na dosah ruky a spoustu dobr\u00e9 hudby p\u0159ehr\u00e1van\u00e9 prost\u0159ednictv\u00edm hi-fi syst\u00e9mu Bluetooth vybran\u00e9ho p\u0159es v\u00e1\u0161 chytr\u00fd telefon! Vnit\u0159n\u00ed prostory jsou vybaveny dokonale integrovan\u00fdm n\u00e1bytkem a dopl\u0148ky pro maxim\u00e1ln\u00ed pohodl\u00ed. J\u00eddeln\u00ed kout je vybaven rozkl\u00e1dac\u00edm stolkem, kter\u00fd pohovky prom\u011bn\u00ed v neuv\u011b\u0159iteln\u00e9 l\u016f\u017eko pro dva. Kuchy\u0148 je skv\u011ble vybavena velkou pracovn\u00ed deskou, 3 ho\u0159\u00e1ky, klasickou troubou, mikrovlnnou troubou a ne m\u00e9n\u011b ne\u017e 3 lednicemi, z nich\u017e jedna je v kokpitu. K dispozici je tak\u00e9 k\u00e1vovar s kompostovateln\u00fdmi lusky (W \u017eivotn\u00ed prost\u0159ed\u00ed!) a spousta n\u00e1mi nab\u00edzen\u00e9 k\u00e1vy Borbone v neomezen\u00e9m mno\u017estv\u00ed! Ale kouskem odporu je profesion\u00e1ln\u00ed odsolovac\u00ed za\u0159\u00edzen\u00ed s kapacitou 200 litr\u016f za hodinu, kter\u00e9 v\u00e1m umo\u017en\u00ed m\u00edt \u010derstvou vodu k pit\u00ed po celou dobu pobytu.<img decoding=\"async\" class=\"size-medium wp-image-4255 alignright\" src=\"https:\/\/orizzontevela.it\/wp-content\/uploads\/2025\/09\/855890_c_851_592_1-300x209.jpg\" alt=\"\" width=\"300\" height=\"209\" srcset=\"https:\/\/orizzontevela.it\/wp-content\/uploads\/2025\/09\/855890_c_851_592_1-300x209.jpg 300w, https:\/\/orizzontevela.it\/wp-content\/uploads\/2025\/09\/855890_c_851_592_1-768x534.jpg 768w, https:\/\/orizzontevela.it\/wp-content\/uploads\/2025\/09\/855890_c_851_592_1.jpg 851w\" sizes=\"(max-width: 300px) 100vw, 300px\" \/> To znamen\u00e1 neomezen\u00e9 sprchov\u00e1n\u00ed a \u017e\u00e1dn\u00e9 fronty v p\u0159\u00edstavu na dopln\u011bn\u00ed vody! Kajuty jsou vybaveny man\u017eelsk\u00fdmi postelemi, vlastn\u00edmi koupelnami a velk\u00fdmi okny, kter\u00e1 zaji\u0161\u0165uj\u00ed dostatek sv\u011btla a v\u00fdbornou cirkulaci vzduchu d\u00edky ventil\u00e1tor\u016fm. \u010clun je dlouh\u00fd asi 3 m a pohodln\u011b p\u0159eprav\u00ed 6 osob. P\u0159\u00edv\u011bsn\u00fd motor Honda m\u00e1 impozantn\u00ed v\u00fdkon 10 kon\u00ed a velmi u\u017eite\u010dn\u00fd elektrick\u00fd start\u00e9r. K dispozici je tak\u00e9 kajak, SUP prkno a vybaven\u00ed pro \u0161norchlov\u00e1n\u00ed. Co na to \u0159\u00edct... bavte se<\/span><\/p>\t\t\t\t\t\t\t\t<\/div>\n\t\t\t\t\t<\/div>\n\t\t<\/div>\n\t\t\t\t\t<\/div>\n\t\t<\/section>\n\t\t\t\t<section class=\"elementor-section elementor-top-section elementor-element elementor-element-3193a2c elementor-section-boxed elementor-section-height-default elementor-section-height-default\" data-id=\"3193a2c\" data-element_type=\"section\" data-e-type=\"section\">\n\t\t\t\t\t\t<div class=\"elementor-container elementor-column-gap-no\">\n\t\t\t\t\t<div class=\"elementor-column elementor-col-100 elementor-top-column elementor-element elementor-element-59a8a6c\" data-id=\"59a8a6c\" data-element_type=\"column\" data-e-type=\"column\">\n\t\t\t<div class=\"elementor-widget-wrap elementor-element-populated\">\n\t\t\t\t\t\t<div class=\"elementor-element elementor-element-127f5d7 elementor-arrows-position-inside elementor-pagination-position-outside elementor-widget elementor-widget-image-carousel\" data-id=\"127f5d7\" data-element_type=\"widget\" data-e-type=\"widget\" data-settings=\"{&quot;navigation&quot;:&quot;both&quot;,&quot;autoplay&quot;:&quot;yes&quot;,&quot;pause_on_hover&quot;:&quot;yes&quot;,&quot;pause_on_interaction&quot;:&quot;yes&quot;,&quot;autoplay_speed&quot;:5000,&quot;infinite&quot;:&quot;yes&quot;,&quot;speed&quot;:500}\" data-widget_type=\"image-carousel.default\">\n\t\t\t\t\t\t\t<div class=\"elementor-image-carousel-wrapper swiper\" role=\"region\" aria-roledescription=\"carousel\" aria-label=\"Koloto\u010d obr\u00e1zk\u016f\" dir=\"ltr\">\n\t\t\t<div class=\"elementor-image-carousel swiper-wrapper\" aria-live=\"off\">\n\t\t\t\t\t\t\t\t<div class=\"swiper-slide\" role=\"group\" aria-roledescription=\"slide\" aria-label=\"1 von 13\"><figure class=\"swiper-slide-inner\"><img decoding=\"async\" class=\"swiper-slide-image\" src=\"https:\/\/orizzontevela.it\/wp-content\/uploads\/2025\/09\/DSC9162-1-200x300.jpg\" alt=\"_DSC9162\" \/><\/figure><\/div><div class=\"swiper-slide\" role=\"group\" aria-roledescription=\"slide\" aria-label=\"2 von 13\"><figure class=\"swiper-slide-inner\"><img decoding=\"async\" class=\"swiper-slide-image\" src=\"https:\/\/orizzontevela.it\/wp-content\/uploads\/2025\/09\/DSC9165-200x300.jpg\" alt=\"_DSC9165\" \/><\/figure><\/div><div class=\"swiper-slide\" role=\"group\" aria-roledescription=\"slide\" aria-label=\"3 von 13\"><figure class=\"swiper-slide-inner\"><img decoding=\"async\" class=\"swiper-slide-image\" src=\"https:\/\/orizzontevela.it\/wp-content\/uploads\/2025\/09\/DSC9092-200x300.jpg\" alt=\"_DSC9092\" \/><\/figure><\/div><div class=\"swiper-slide\" role=\"group\" aria-roledescription=\"slide\" aria-label=\"4 von 13\"><figure class=\"swiper-slide-inner\"><img decoding=\"async\" class=\"swiper-slide-image\" src=\"https:\/\/orizzontevela.it\/wp-content\/uploads\/2025\/09\/DSC8944-300x200.jpg\" alt=\"_DSC8944\" \/><\/figure><\/div><div class=\"swiper-slide\" role=\"group\" aria-roledescription=\"slide\" aria-label=\"5 von 13\"><figure class=\"swiper-slide-inner\"><img decoding=\"async\" class=\"swiper-slide-image\" src=\"https:\/\/orizzontevela.it\/wp-content\/uploads\/2025\/09\/DSC8938-200x300.jpg\" alt=\"_DSC8938\" \/><\/figure><\/div><div class=\"swiper-slide\" role=\"group\" aria-roledescription=\"slide\" aria-label=\"6 von 13\"><figure class=\"swiper-slide-inner\"><img decoding=\"async\" class=\"swiper-slide-image\" src=\"https:\/\/orizzontevela.it\/wp-content\/uploads\/2025\/09\/DSC8921-300x200.jpg\" alt=\"_DSC8921\" \/><\/figure><\/div><div class=\"swiper-slide\" role=\"group\" aria-roledescription=\"slide\" aria-label=\"7 von 13\"><figure class=\"swiper-slide-inner\"><img decoding=\"async\" class=\"swiper-slide-image\" src=\"https:\/\/orizzontevela.it\/wp-content\/uploads\/2025\/09\/DSC8888-300x200.jpg\" alt=\"_DSC8888\" \/><\/figure><\/div><div class=\"swiper-slide\" role=\"group\" aria-roledescription=\"slide\" aria-label=\"8 von 13\"><figure class=\"swiper-slide-inner\"><img decoding=\"async\" class=\"swiper-slide-image\" src=\"https:\/\/orizzontevela.it\/wp-content\/uploads\/2025\/09\/DSC8734-200x300.jpg\" alt=\"_DSC8734\" \/><\/figure><\/div><div class=\"swiper-slide\" role=\"group\" aria-roledescription=\"slide\" aria-label=\"9 von 13\"><figure class=\"swiper-slide-inner\"><img decoding=\"async\" class=\"swiper-slide-image\" src=\"https:\/\/orizzontevela.it\/wp-content\/uploads\/2025\/09\/DSC8722-200x300.jpg\" alt=\"_DSC8722\" \/><\/figure><\/div><div class=\"swiper-slide\" role=\"group\" aria-roledescription=\"slide\" aria-label=\"10 von 13\"><figure class=\"swiper-slide-inner\"><img decoding=\"async\" class=\"swiper-slide-image\" src=\"https:\/\/orizzontevela.it\/wp-content\/uploads\/2025\/09\/DSC8723-300x200.jpg\" alt=\"_DSC8723\" \/><\/figure><\/div><div class=\"swiper-slide\" role=\"group\" aria-roledescription=\"slide\" aria-label=\"11 von 13\"><figure class=\"swiper-slide-inner\"><img decoding=\"async\" class=\"swiper-slide-image\" src=\"https:\/\/orizzontevela.it\/wp-content\/uploads\/2025\/09\/DSC8717-200x300.jpg\" alt=\"_DSC8717\" \/><\/figure><\/div><div class=\"swiper-slide\" role=\"group\" aria-roledescription=\"slide\" aria-label=\"12 von 13\"><figure class=\"swiper-slide-inner\"><img decoding=\"async\" class=\"swiper-slide-image\" src=\"https:\/\/orizzontevela.it\/wp-content\/uploads\/2025\/09\/DSC8609-200x300.jpg\" alt=\"_DSC8609\" \/><\/figure><\/div><div class=\"swiper-slide\" role=\"group\" aria-roledescription=\"slide\" aria-label=\"13 von 13\"><figure class=\"swiper-slide-inner\"><img decoding=\"async\" class=\"swiper-slide-image\" src=\"https:\/\/orizzontevela.it\/wp-content\/uploads\/2025\/09\/DSC8596-200x300.jpg\" alt=\"_DSC8596\" \/><\/figure><\/div>\t\t\t<\/div>\n\t\t\t\t\t\t\t\t\t\t\t\t<div class=\"elementor-swiper-button elementor-swiper-button-prev\" role=\"button\" tabindex=\"0\">\n\t\t\t\t\t\t<svg aria-hidden=\"true\" class=\"e-font-icon-svg e-eicon-chevron-left\" viewbox=\"0 0 1000 1000\" xmlns=\"http:\/\/www.w3.org\/2000\/svg\"><path d=\"M646 125C629 125 613 133 604 142L308 442C296 454 292 471 292 487 292 504 296 521 308 533L604 854C617 867 629 875 646 875 663 875 679 871 692 858 704 846 713 829 713 812 713 796 708 779 692 767L438 487 692 225C700 217 708 204 708 187 708 171 704 154 692 142 675 129 663 125 646 125Z\"><\/path><\/svg>\t\t\t\t\t<\/div>\n\t\t\t\t\t<div class=\"elementor-swiper-button elementor-swiper-button-next\" role=\"button\" tabindex=\"0\">\n\t\t\t\t\t\t<svg aria-hidden=\"true\" class=\"e-font-icon-svg e-eicon-chevron-right\" viewbox=\"0 0 1000 1000\" xmlns=\"http:\/\/www.w3.org\/2000\/svg\"><path d=\"M696 533C708 521 713 504 713 487 713 471 708 454 696 446L400 146C388 133 375 125 354 125 338 125 325 129 313 142 300 154 292 171 292 187 292 204 296 221 308 233L563 492 304 771C292 783 288 800 288 817 288 833 296 850 308 863 321 871 338 875 354 875 371 875 388 867 400 854L696 533Z\"><\/path><\/svg>\t\t\t\t\t<\/div>\n\t\t\t\t\n\t\t\t\t\t\t\t\t\t<div class=\"swiper-pagination\"><\/div>\n\t\t\t\t\t\t\t\t\t<\/div>\n\t\t\t\t\t\t<\/div>\n\t\t\t\t\t<\/div>\n\t\t<\/div>\n\t\t\t\t\t<\/div>\n\t\t<\/section>\n\t\t\t\t<section class=\"elementor-section elementor-top-section elementor-element elementor-element-584d973 elementor-section-full_width elementor-section-height-default elementor-section-height-default\" data-id=\"584d973\" data-element_type=\"section\" data-e-type=\"section\">\n\t\t\t\t\t\t<div class=\"elementor-container elementor-column-gap-no\">\n\t\t\t\t\t<div class=\"elementor-column elementor-col-100 elementor-top-column elementor-element elementor-element-3b71602\" data-id=\"3b71602\" data-element_type=\"column\" data-e-type=\"column\">\n\t\t\t<div class=\"elementor-widget-wrap\">\n\t\t\t\t\t\t\t<\/div>\n\t\t<\/div>\n\t\t\t\t\t<\/div>\n\t\t<\/section>\n\t\t\t\t<\/div>\n\t\t\n    <div class=\"xs_social_share_widget xs_share_url after_content \t\tmain_content  wslu-style-1 wslu-share-box-shaped wslu-fill-colored wslu-none wslu-share-horizontal wslu-theme-font-no wslu-main_content\">\n\n\t\t\n        <ul>\n\t\t\t        <\/ul>\n    <\/div>","protected":false},"excerpt":{"rendered":"<p>Dettagli Cantiere: Lagoon Anno: 2016 Piedi: 40 Motori: 45cv x 2 Posti letto: 12 Posti letto Metri: 11.97 Scafo: Catamarano Lagoon 400 S2 &#8211; Auster Catamarano Con la sua larghezza di 7.25m \u00e8 il modello perfetto per un diportista hobbista per disporre del massimo comfort Con i suoi 12 metri di lunghezza, AUSTER vanta superfici [&hellip;]<\/p>\n","protected":false},"author":1,"featured_media":0,"parent":142,"menu_order":0,"comment_status":"closed","ping_status":"closed","template":"elementor_header_footer","meta":{"postBodyCss":"","postBodyMargin":[],"postBodyPadding":[],"postBodyBackground":{"backgroundType":"classic","gradient":""},"footnotes":""},"class_list":["post-1647","page","type-page","status-publish","hentry"],"yoast_head":"<!-- This site is optimized with the Yoast SEO plugin v27.5 - https:\/\/yoast.com\/product\/yoast-seo-wordpress\/ -->\n<title>Lagoon 400 S2 - AUSTER - OrizzonteVela<\/title>\n<meta name=\"description\" content=\"Catamarano Lagoon 400 S2 - Con la sua larghezza e il modello perfetto per un diportista hobbista, questo modello \u00e8 costruito per avere il massimo della comodit\u00e0.\" \/>\n<meta name=\"robots\" content=\"index, follow, max-snippet:-1, max-image-preview:large, max-video-preview:-1\" \/>\n<link rel=\"canonical\" href=\"https:\/\/orizzontevela.it\/cs\/barche\/lagoon400s2-auster\/\" \/>\n<meta property=\"og:locale\" content=\"cs_CZ\" \/>\n<meta property=\"og:type\" content=\"article\" \/>\n<meta property=\"og:title\" content=\"Lagoon 400 S2 - AUSTER - OrizzonteVela\" \/>\n<meta property=\"og:description\" content=\"Catamarano Lagoon 400 S2 - Con la sua larghezza e il modello perfetto per un diportista hobbista, questo modello \u00e8 costruito per avere il massimo della comodit\u00e0.\" \/>\n<meta property=\"og:url\" content=\"https:\/\/orizzontevela.it\/cs\/barche\/lagoon400s2-auster\/\" \/>\n<meta property=\"og:site_name\" content=\"OrizzonteVela\" \/>\n<meta property=\"article:modified_time\" content=\"2025-09-30T11:11:48+00:00\" \/>\n<meta property=\"og:image\" content=\"https:\/\/orizzontevela.it\/wp-content\/uploads\/2025\/09\/855888_c_851_592_1.jpg\" \/>\n\t<meta property=\"og:image:width\" content=\"851\" \/>\n\t<meta property=\"og:image:height\" content=\"592\" \/>\n\t<meta property=\"og:image:type\" content=\"image\/jpeg\" \/>\n<meta name=\"twitter:card\" content=\"summary_large_image\" \/>\n<meta name=\"twitter:label1\" content=\"Odhadovan\u00e1 doba \u010dten\u00ed\" \/>\n\t<meta name=\"twitter:data1\" content=\"6 minut\" \/>\n<script type=\"application\/ld+json\" class=\"yoast-schema-graph\">{\"@context\":\"https:\\\/\\\/schema.org\",\"@graph\":[{\"@type\":\"WebPage\",\"@id\":\"https:\\\/\\\/orizzontevela.it\\\/barche\\\/lagoon400s2-auster\\\/\",\"url\":\"https:\\\/\\\/orizzontevela.it\\\/barche\\\/lagoon400s2-auster\\\/\",\"name\":\"Lagoon 400 S2 - AUSTER - OrizzonteVela\",\"isPartOf\":{\"@id\":\"https:\\\/\\\/orizzontevela.it\\\/#website\"},\"primaryImageOfPage\":{\"@id\":\"https:\\\/\\\/orizzontevela.it\\\/barche\\\/lagoon400s2-auster\\\/#primaryimage\"},\"image\":{\"@id\":\"https:\\\/\\\/orizzontevela.it\\\/barche\\\/lagoon400s2-auster\\\/#primaryimage\"},\"thumbnailUrl\":\"https:\\\/\\\/orizzontevela.it\\\/wp-content\\\/uploads\\\/2025\\\/09\\\/855888_c_851_592_1-300x209.jpg\",\"datePublished\":\"2020-12-18T05:35:18+00:00\",\"dateModified\":\"2025-09-30T11:11:48+00:00\",\"description\":\"Catamarano Lagoon 400 S2 - Con la sua larghezza e il modello perfetto per un diportista hobbista, questo modello \u00e8 costruito per avere il massimo della comodit\u00e0.\",\"breadcrumb\":{\"@id\":\"https:\\\/\\\/orizzontevela.it\\\/barche\\\/lagoon400s2-auster\\\/#breadcrumb\"},\"inLanguage\":\"cs\",\"potentialAction\":[{\"@type\":\"ReadAction\",\"target\":[\"https:\\\/\\\/orizzontevela.it\\\/barche\\\/lagoon400s2-auster\\\/\"]}]},{\"@type\":\"ImageObject\",\"inLanguage\":\"cs\",\"@id\":\"https:\\\/\\\/orizzontevela.it\\\/barche\\\/lagoon400s2-auster\\\/#primaryimage\",\"url\":\"https:\\\/\\\/orizzontevela.it\\\/wp-content\\\/uploads\\\/2025\\\/09\\\/855888_c_851_592_1-300x209.jpg\",\"contentUrl\":\"https:\\\/\\\/orizzontevela.it\\\/wp-content\\\/uploads\\\/2025\\\/09\\\/855888_c_851_592_1-300x209.jpg\"},{\"@type\":\"BreadcrumbList\",\"@id\":\"https:\\\/\\\/orizzontevela.it\\\/barche\\\/lagoon400s2-auster\\\/#breadcrumb\",\"itemListElement\":[{\"@type\":\"ListItem\",\"position\":1,\"name\":\"Home\",\"item\":\"https:\\\/\\\/orizzontevela.it\\\/\"},{\"@type\":\"ListItem\",\"position\":2,\"name\":\"Barche\",\"item\":\"https:\\\/\\\/orizzontevela.it\\\/barche\\\/\"},{\"@type\":\"ListItem\",\"position\":3,\"name\":\"Lagoon 400 S2 &#8211; AUSTER\"}]},{\"@type\":\"WebSite\",\"@id\":\"https:\\\/\\\/orizzontevela.it\\\/#website\",\"url\":\"https:\\\/\\\/orizzontevela.it\\\/\",\"name\":\"OrizzonteVela\",\"description\":\"Un Viaggio, mille orizzonti\",\"publisher\":{\"@id\":\"https:\\\/\\\/orizzontevela.it\\\/#organization\"},\"alternateName\":\"Orizzontevela\",\"potentialAction\":[{\"@type\":\"SearchAction\",\"target\":{\"@type\":\"EntryPoint\",\"urlTemplate\":\"https:\\\/\\\/orizzontevela.it\\\/?s={search_term_string}\"},\"query-input\":{\"@type\":\"PropertyValueSpecification\",\"valueRequired\":true,\"valueName\":\"search_term_string\"}}],\"inLanguage\":\"cs\"},{\"@type\":\"Organization\",\"@id\":\"https:\\\/\\\/orizzontevela.it\\\/#organization\",\"name\":\"OrizzonteVela\",\"url\":\"https:\\\/\\\/orizzontevela.it\\\/\",\"logo\":{\"@type\":\"ImageObject\",\"inLanguage\":\"cs\",\"@id\":\"https:\\\/\\\/orizzontevela.it\\\/#\\\/schema\\\/logo\\\/image\\\/\",\"url\":\"https:\\\/\\\/orizzontevela.it\\\/wp-content\\\/uploads\\\/2025\\\/09\\\/logo-colore.png\",\"contentUrl\":\"https:\\\/\\\/orizzontevela.it\\\/wp-content\\\/uploads\\\/2025\\\/09\\\/logo-colore.png\",\"width\":2264,\"height\":579,\"caption\":\"OrizzonteVela\"},\"image\":{\"@id\":\"https:\\\/\\\/orizzontevela.it\\\/#\\\/schema\\\/logo\\\/image\\\/\"},\"sameAs\":[\"https:\\\/\\\/www.instagram.com\\\/orizzontevela\\\/\"]}]}<\/script>\n<!-- \/ Yoast SEO plugin. -->","yoast_head_json":{"title":"Lagoon 400 S2 - AUSTER - OrizzonteVela","description":"Catamarano Lagoon 400 S2 - Con la sua larghezza e il modello perfetto per un diportista hobbista, questo modello \u00e8 costruito per avere il massimo della comodit\u00e0.","robots":{"index":"index","follow":"follow","max-snippet":"max-snippet:-1","max-image-preview":"max-image-preview:large","max-video-preview":"max-video-preview:-1"},"canonical":"https:\/\/orizzontevela.it\/cs\/barche\/lagoon400s2-auster\/","og_locale":"cs_CZ","og_type":"article","og_title":"Lagoon 400 S2 - AUSTER - OrizzonteVela","og_description":"Catamarano Lagoon 400 S2 - Con la sua larghezza e il modello perfetto per un diportista hobbista, questo modello \u00e8 costruito per avere il massimo della comodit\u00e0.","og_url":"https:\/\/orizzontevela.it\/cs\/barche\/lagoon400s2-auster\/","og_site_name":"OrizzonteVela","article_modified_time":"2025-09-30T11:11:48+00:00","og_image":[{"width":851,"height":592,"url":"https:\/\/orizzontevela.it\/wp-content\/uploads\/2025\/09\/855888_c_851_592_1.jpg","type":"image\/jpeg"}],"twitter_card":"summary_large_image","twitter_misc":{"Odhadovan\u00e1 doba \u010dten\u00ed":"6 minut"},"schema":{"@context":"https:\/\/schema.org","@graph":[{"@type":"WebPage","@id":"https:\/\/orizzontevela.it\/barche\/lagoon400s2-auster\/","url":"https:\/\/orizzontevela.it\/barche\/lagoon400s2-auster\/","name":"Lagoon 400 S2 - AUSTER - OrizzonteVela","isPartOf":{"@id":"https:\/\/orizzontevela.it\/#website"},"primaryImageOfPage":{"@id":"https:\/\/orizzontevela.it\/barche\/lagoon400s2-auster\/#primaryimage"},"image":{"@id":"https:\/\/orizzontevela.it\/barche\/lagoon400s2-auster\/#primaryimage"},"thumbnailUrl":"https:\/\/orizzontevela.it\/wp-content\/uploads\/2025\/09\/855888_c_851_592_1-300x209.jpg","datePublished":"2020-12-18T05:35:18+00:00","dateModified":"2025-09-30T11:11:48+00:00","description":"Catamarano Lagoon 400 S2 - Con la sua larghezza e il modello perfetto per un diportista hobbista, questo modello \u00e8 costruito per avere il massimo della comodit\u00e0.","breadcrumb":{"@id":"https:\/\/orizzontevela.it\/barche\/lagoon400s2-auster\/#breadcrumb"},"inLanguage":"cs","potentialAction":[{"@type":"ReadAction","target":["https:\/\/orizzontevela.it\/barche\/lagoon400s2-auster\/"]}]},{"@type":"ImageObject","inLanguage":"cs","@id":"https:\/\/orizzontevela.it\/barche\/lagoon400s2-auster\/#primaryimage","url":"https:\/\/orizzontevela.it\/wp-content\/uploads\/2025\/09\/855888_c_851_592_1-300x209.jpg","contentUrl":"https:\/\/orizzontevela.it\/wp-content\/uploads\/2025\/09\/855888_c_851_592_1-300x209.jpg"},{"@type":"BreadcrumbList","@id":"https:\/\/orizzontevela.it\/barche\/lagoon400s2-auster\/#breadcrumb","itemListElement":[{"@type":"ListItem","position":1,"name":"Home","item":"https:\/\/orizzontevela.it\/"},{"@type":"ListItem","position":2,"name":"Barche","item":"https:\/\/orizzontevela.it\/barche\/"},{"@type":"ListItem","position":3,"name":"Lagoon 400 S2 &#8211; AUSTER"}]},{"@type":"WebSite","@id":"https:\/\/orizzontevela.it\/#website","url":"https:\/\/orizzontevela.it\/","name":"HorizonSail","description":"Jedna cesta, tis\u00edc obzor\u016f","publisher":{"@id":"https:\/\/orizzontevela.it\/#organization"},"alternateName":"Orizzontevela","potentialAction":[{"@type":"SearchAction","target":{"@type":"EntryPoint","urlTemplate":"https:\/\/orizzontevela.it\/?s={search_term_string}"},"query-input":{"@type":"PropertyValueSpecification","valueRequired":true,"valueName":"search_term_string"}}],"inLanguage":"cs"},{"@type":"Organization","@id":"https:\/\/orizzontevela.it\/#organization","name":"HorizonSail","url":"https:\/\/orizzontevela.it\/","logo":{"@type":"ImageObject","inLanguage":"cs","@id":"https:\/\/orizzontevela.it\/#\/schema\/logo\/image\/","url":"https:\/\/orizzontevela.it\/wp-content\/uploads\/2025\/09\/logo-colore.png","contentUrl":"https:\/\/orizzontevela.it\/wp-content\/uploads\/2025\/09\/logo-colore.png","width":2264,"height":579,"caption":"OrizzonteVela"},"image":{"@id":"https:\/\/orizzontevela.it\/#\/schema\/logo\/image\/"},"sameAs":["https:\/\/www.instagram.com\/orizzontevela\/"]}]}},"_links":{"self":[{"href":"https:\/\/orizzontevela.it\/cs\/wp-json\/wp\/v2\/pages\/1647","targetHints":{"allow":["GET"]}}],"collection":[{"href":"https:\/\/orizzontevela.it\/cs\/wp-json\/wp\/v2\/pages"}],"about":[{"href":"https:\/\/orizzontevela.it\/cs\/wp-json\/wp\/v2\/types\/page"}],"author":[{"embeddable":true,"href":"https:\/\/orizzontevela.it\/cs\/wp-json\/wp\/v2\/users\/1"}],"replies":[{"embeddable":true,"href":"https:\/\/orizzontevela.it\/cs\/wp-json\/wp\/v2\/comments?post=1647"}],"version-history":[{"count":12,"href":"https:\/\/orizzontevela.it\/cs\/wp-json\/wp\/v2\/pages\/1647\/revisions"}],"predecessor-version":[{"id":4259,"href":"https:\/\/orizzontevela.it\/cs\/wp-json\/wp\/v2\/pages\/1647\/revisions\/4259"}],"up":[{"embeddable":true,"href":"https:\/\/orizzontevela.it\/cs\/wp-json\/wp\/v2\/pages\/142"}],"wp:attachment":[{"href":"https:\/\/orizzontevela.it\/cs\/wp-json\/wp\/v2\/media?parent=1647"}],"curies":[{"name":"wp","href":"https:\/\/api.w.org\/{rel}","templated":true}]}}