{"id":4086,"date":"2025-09-29T11:28:21","date_gmt":"2025-09-29T11:28:21","guid":{"rendered":"https:\/\/orizzontevela.it\/?page_id=4086"},"modified":"2025-09-30T10:23:55","modified_gmt":"2025-09-30T10:23:55","slug":"bali-catspace-maui","status":"publish","type":"page","link":"https:\/\/orizzontevela.it\/cs\/barche\/bali-catspace-maui\/","title":{"rendered":"Bali CatSpace - MAUI"},"content":{"rendered":"<div data-elementor-type=\"wp-page\" data-elementor-id=\"4086\" class=\"elementor elementor-4086\" data-elementor-post-type=\"page\">\n\t\t\t\t\t\t<section class=\"elementor-section elementor-top-section elementor-element elementor-element-b312923 elementor-section-boxed elementor-section-height-default elementor-section-height-default\" data-id=\"b312923\" data-element_type=\"section\" data-e-type=\"section\">\n\t\t\t\t\t\t<div class=\"elementor-container elementor-column-gap-no\">\n\t\t\t\t\t<div class=\"elementor-column elementor-col-50 elementor-top-column elementor-element elementor-element-fdff2b0\" data-id=\"fdff2b0\" data-element_type=\"column\" data-e-type=\"column\">\n\t\t\t<div class=\"elementor-widget-wrap elementor-element-populated\">\n\t\t\t\t\t\t<div class=\"elementor-element elementor-element-1a04904 elementor-widget elementor-widget-heading\" data-id=\"1a04904\" data-element_type=\"widget\" data-e-type=\"widget\" data-widget_type=\"heading.default\">\n\t\t\t\t\t<h2 class=\"elementor-heading-title elementor-size-default\">Podrobnosti na<\/h2>\t\t\t\t<\/div>\n\t\t\t\t<div class=\"elementor-element elementor-element-6143ac5 elementor-widget-divider--view-line elementor-widget elementor-widget-divider\" data-id=\"6143ac5\" data-element_type=\"widget\" data-e-type=\"widget\" data-widget_type=\"divider.default\">\n\t\t\t\t\t\t\t<div class=\"elementor-divider\">\n\t\t\t<span class=\"elementor-divider-separator\">\n\t\t\t\t\t\t<\/span>\n\t\t<\/div>\n\t\t\t\t\t\t<\/div>\n\t\t\t\t<div class=\"elementor-element elementor-element-0590c3b elementor-widget elementor-widget-text-editor\" data-id=\"0590c3b\" data-element_type=\"widget\" data-e-type=\"widget\" data-widget_type=\"text-editor.default\">\n\t\t\t\t\t\t\t\t\t<p style=\"margin-bottom: 5px;\"><span style=\"margin-right: 5px; color: #23282d;\">Staveni\u0161t\u011b:<\/span> Bali<\/p><p style=\"margin-bottom: 5px;\"><span style=\"margin-right: 5px; color: #23282d;\">Rok:<\/span> 2025<\/p><p style=\"margin-bottom: 5px;\"><span style=\"margin-right: 5px; color: #23282d;\">Nohy:<\/span> 40<\/p><p style=\"margin-bottom: 5px;\"><span style=\"margin-right: 5px; color: #23282d;\">Motory:<\/span> 38hp x 2<\/p><p style=\"margin-bottom: 5px;\"><span style=\"margin-right: 5px; color: #23282d;\">L\u016f\u017eka:<\/span> 8 l\u016f\u017eek<\/p><p style=\"margin-bottom: 5px;\"><span style=\"margin-right: 5px; color: #23282d;\">Metry:<\/span> 11.97<\/p><p style=\"margin-bottom: 5px;\"><span style=\"margin-right: 5px; color: #23282d;\">Hull:<\/span> Katamar\u00e1n<\/p>\t\t\t\t\t\t\t\t<\/div>\n\t\t\t\t\t<\/div>\n\t\t<\/div>\n\t\t\t\t<div class=\"elementor-column elementor-col-50 elementor-top-column elementor-element elementor-element-f71051d\" data-id=\"f71051d\" data-element_type=\"column\" data-e-type=\"column\">\n\t\t\t<div class=\"elementor-widget-wrap elementor-element-populated\">\n\t\t\t\t\t\t<div class=\"elementor-element elementor-element-15d445c elementor-widget elementor-widget-text-editor\" data-id=\"15d445c\" data-element_type=\"widget\" data-e-type=\"widget\" data-widget_type=\"text-editor.default\">\n\t\t\t\t\t\t\t\t\t<p>Bali Catspace 'Maui'<\/p>\t\t\t\t\t\t\t\t<\/div>\n\t\t\t\t<div class=\"elementor-element elementor-element-83df10c elementor-widget elementor-widget-text-editor\" data-id=\"83df10c\" data-element_type=\"widget\" data-e-type=\"widget\" data-widget_type=\"text-editor.default\">\n\t\t\t\t\t\t\t\t\t<p>Katamar\u00e1n<\/p>\t\t\t\t\t\t\t\t<\/div>\n\t\t\t\t<div class=\"elementor-element elementor-element-074e6d2 elementor-widget elementor-widget-text-editor\" data-id=\"074e6d2\" data-element_type=\"widget\" data-e-type=\"widget\" data-widget_type=\"text-editor.default\">\n\t\t\t\t\t\t\t\t\t<p>Prostor a pohodl\u00ed na nejvy\u0161\u0161\u00ed \u00farovni<\/p>\t\t\t\t\t\t\t\t<\/div>\n\t\t\t\t<div class=\"elementor-element elementor-element-e4971ec elementor-widget elementor-widget-text-editor\" data-id=\"e4971ec\" data-element_type=\"widget\" data-e-type=\"widget\" data-widget_type=\"text-editor.default\">\n\t\t\t\t\t\t\t\t\t<p>\u00a0<\/p><p>Maui je katamar\u00e1n ur\u010den\u00fd pro ty, kte\u0159\u00ed cht\u011bj\u00ed spojit eleganci designu s pot\u011b\u0161en\u00edm z plavby. Jeho sv\u011btl\u00fd a p\u0159\u00edv\u011btiv\u00fd interi\u00e9r nab\u00edz\u00ed na svou kategorii p\u0159ekvapiv\u00e9 obytn\u00e9 prostory, kter\u00e9 prom\u011bn\u00ed ka\u017ed\u00fd okam\u017eik na palub\u011b v relaxa\u010dn\u00ed a spole\u010densk\u00fd z\u00e1\u017eitek. Velk\u00fd panoramatick\u00fd salon, modern\u00ed kuchy\u0148ka se sloupovou lednic\u00ed jako doma a integrovan\u00e1 j\u00eddelna vytv\u00e1\u0159ej\u00ed jedine\u010dn\u00e9, otev\u0159en\u00e9 a funk\u010dn\u00ed prost\u0159ed\u00ed. Prostorn\u00e9 a dokonale za\u0159\u00edzen\u00e9 kajuty zaru\u010duj\u00ed pohodl\u00ed na vysok\u00e9 \u00farovni. Zejm\u00e9na p\u0159edn\u00ed kajuty, jejich\u017e l\u016f\u017eka jsou um\u00edst\u011bna tak, aby z nich byl v\u00fdhled na mo\u0159e, maj\u00ed nav\u00edc skl\u00e1p\u011bc\u00ed l\u016f\u017eko.  Exteri\u00e9ry nab\u00edzej\u00ed v\u0161e, co pot\u0159ebujete k pro\u017eitku z mo\u0159e: velk\u00e9 plochy na opalov\u00e1n\u00ed, p\u0159edn\u00ed kokpit s pohovkami, stolky a pol\u0161t\u00e1\u0159i je absolutn\u00ed novinkou stejn\u011b jako velmi pohodln\u00fd flybridge, kter\u00fd nab\u00edz\u00ed \u00fachvatn\u00fd v\u00fdhled za ka\u017ed\u00e9 situace. Odsolova\u010d s kapacitou 200 litr\u016f za hodinu pak zaji\u0161\u0165uje dostatek \u010derstv\u00e9 vody, \u010d\u00edm\u017e se vyhnete zbyte\u010dn\u00fdm a \u00fanavn\u00fdm front\u00e1m v p\u0159\u00edstavu na dopln\u011bn\u00ed pr\u00e1zdn\u00fdch n\u00e1dr\u017e\u00ed. A kone\u010dn\u011b, tendr je rozhodn\u011b adekv\u00e1tn\u00ed \u00farovni lodi. Ve skute\u010dnosti je dlouh\u00fd 3,10 m a m\u00e1 motor o v\u00fdkonu 10 kon\u00ed!<\/p><p>S Bali Catspace se plavba st\u00e1v\u00e1 svobodou: modern\u00ed linie, v\u00fdjime\u010dn\u00e1 stabilita a plavebn\u00ed v\u00fdkon, kter\u00e9 v\u00e1m umo\u017en\u00ed u\u017e\u00edvat si mo\u0159e v naprost\u00e9m bezpe\u010d\u00ed. Je to ide\u00e1ln\u00ed katamar\u00e1n pro rodiny, p\u00e1ry nebo skupiny p\u0159\u00e1tel, kter\u00fd prom\u011bn\u00ed ka\u017edou dovolenou v nezapomenutelnou vzpom\u00ednku.<\/p>\t\t\t\t\t\t\t\t<\/div>\n\t\t\t\t\t<\/div>\n\t\t<\/div>\n\t\t\t\t\t<\/div>\n\t\t<\/section>\n\t\t\t\t<section class=\"elementor-section elementor-top-section elementor-element elementor-element-3193a2c elementor-section-boxed elementor-section-height-default elementor-section-height-default\" data-id=\"3193a2c\" data-element_type=\"section\" data-e-type=\"section\">\n\t\t\t\t\t\t<div class=\"elementor-container elementor-column-gap-no\">\n\t\t\t\t\t<div class=\"elementor-column elementor-col-100 elementor-top-column elementor-element elementor-element-59a8a6c\" data-id=\"59a8a6c\" data-element_type=\"column\" data-e-type=\"column\">\n\t\t\t<div class=\"elementor-widget-wrap\">\n\t\t\t\t\t\t\t<\/div>\n\t\t<\/div>\n\t\t\t\t\t<\/div>\n\t\t<\/section>\n\t\t\t\t<section class=\"elementor-section elementor-top-section elementor-element elementor-element-584d973 elementor-section-full_width elementor-section-height-default elementor-section-height-default\" data-id=\"584d973\" data-element_type=\"section\" data-e-type=\"section\">\n\t\t\t\t\t\t<div class=\"elementor-container elementor-column-gap-no\">\n\t\t\t\t\t<div class=\"elementor-column elementor-col-100 elementor-top-column elementor-element elementor-element-3b71602\" data-id=\"3b71602\" data-element_type=\"column\" data-e-type=\"column\">\n\t\t\t<div class=\"elementor-widget-wrap\">\n\t\t\t\t\t\t\t<\/div>\n\t\t<\/div>\n\t\t\t\t\t<\/div>\n\t\t<\/section>\n\t\t\t\t<\/div>\n\t\t\n    <div class=\"xs_social_share_widget xs_share_url after_content \t\tmain_content  wslu-style-1 wslu-share-box-shaped wslu-fill-colored wslu-none wslu-share-horizontal wslu-theme-font-no wslu-main_content\">\n\n\t\t\n        <ul>\n\t\t\t        <\/ul>\n    <\/div>","protected":false},"excerpt":{"rendered":"<p>Dettagli Cantiere: Bali Anno: 2025 Piedi: 40 Motori: 38cv x 2 Posti letto: 8 Posti letto Metri: 11.97 Scafo: Catamarano Bali Catspace \u2018Maui\u2019 Catamarano Spazio e comfort ai massimi livelli Maui \u00e8 il catamarano pensato per chi desidera unire l\u2019eleganza del design al piacere della navigazione. Con i suoi interni luminosi e accoglienti, offre spazi [&hellip;]<\/p>\n","protected":false},"author":1,"featured_media":0,"parent":142,"menu_order":0,"comment_status":"closed","ping_status":"closed","template":"elementor_header_footer","meta":{"postBodyCss":"","postBodyMargin":[],"postBodyPadding":[],"postBodyBackground":{"backgroundType":"classic","gradient":""},"footnotes":""},"class_list":["post-4086","page","type-page","status-publish","hentry"],"yoast_head":"<!-- This site is optimized with the Yoast SEO plugin v27.5 - https:\/\/yoast.com\/product\/yoast-seo-wordpress\/ -->\n<title>Bali CatSpace \u2013 MAUI - OrizzonteVela<\/title>\n<meta name=\"description\" content=\"Catamarano Lagoon 400 S2 - Con la sua larghezza e il modello perfetto per un diportista hobbista, questo modello \u00e8 costruito per avere il massimo della comodit\u00e0.\" \/>\n<meta name=\"robots\" content=\"index, follow, max-snippet:-1, max-image-preview:large, max-video-preview:-1\" \/>\n<link rel=\"canonical\" href=\"https:\/\/orizzontevela.it\/cs\/barche\/bali-catspace-maui\/\" \/>\n<meta property=\"og:locale\" content=\"cs_CZ\" \/>\n<meta property=\"og:type\" content=\"article\" \/>\n<meta property=\"og:title\" content=\"Bali CatSpace \u2013 MAUI - OrizzonteVela\" \/>\n<meta property=\"og:description\" content=\"Catamarano Lagoon 400 S2 - Con la sua larghezza e il modello perfetto per un diportista hobbista, questo modello \u00e8 costruito per avere il massimo della comodit\u00e0.\" \/>\n<meta property=\"og:url\" content=\"https:\/\/orizzontevela.it\/cs\/barche\/bali-catspace-maui\/\" \/>\n<meta property=\"og:site_name\" content=\"OrizzonteVela\" \/>\n<meta property=\"article:modified_time\" content=\"2025-09-30T10:23:55+00:00\" \/>\n<meta name=\"twitter:card\" content=\"summary_large_image\" \/>\n<meta name=\"twitter:label1\" content=\"Odhadovan\u00e1 doba \u010dten\u00ed\" \/>\n\t<meta name=\"twitter:data1\" content=\"2 minuty\" \/>\n<script type=\"application\/ld+json\" class=\"yoast-schema-graph\">{\"@context\":\"https:\\\/\\\/schema.org\",\"@graph\":[{\"@type\":\"WebPage\",\"@id\":\"https:\\\/\\\/orizzontevela.it\\\/barche\\\/bali-catspace-maui\\\/\",\"url\":\"https:\\\/\\\/orizzontevela.it\\\/barche\\\/bali-catspace-maui\\\/\",\"name\":\"Bali CatSpace \u2013 MAUI - OrizzonteVela\",\"isPartOf\":{\"@id\":\"https:\\\/\\\/orizzontevela.it\\\/#website\"},\"datePublished\":\"2025-09-29T11:28:21+00:00\",\"dateModified\":\"2025-09-30T10:23:55+00:00\",\"description\":\"Catamarano Lagoon 400 S2 - Con la sua larghezza e il modello perfetto per un diportista hobbista, questo modello \u00e8 costruito per avere il massimo della comodit\u00e0.\",\"breadcrumb\":{\"@id\":\"https:\\\/\\\/orizzontevela.it\\\/barche\\\/bali-catspace-maui\\\/#breadcrumb\"},\"inLanguage\":\"cs\",\"potentialAction\":[{\"@type\":\"ReadAction\",\"target\":[\"https:\\\/\\\/orizzontevela.it\\\/barche\\\/bali-catspace-maui\\\/\"]}]},{\"@type\":\"BreadcrumbList\",\"@id\":\"https:\\\/\\\/orizzontevela.it\\\/barche\\\/bali-catspace-maui\\\/#breadcrumb\",\"itemListElement\":[{\"@type\":\"ListItem\",\"position\":1,\"name\":\"Home\",\"item\":\"https:\\\/\\\/orizzontevela.it\\\/\"},{\"@type\":\"ListItem\",\"position\":2,\"name\":\"Barche\",\"item\":\"https:\\\/\\\/orizzontevela.it\\\/barche\\\/\"},{\"@type\":\"ListItem\",\"position\":3,\"name\":\"Bali CatSpace \u2013 MAUI\"}]},{\"@type\":\"WebSite\",\"@id\":\"https:\\\/\\\/orizzontevela.it\\\/#website\",\"url\":\"https:\\\/\\\/orizzontevela.it\\\/\",\"name\":\"OrizzonteVela\",\"description\":\"Un Viaggio, mille orizzonti\",\"publisher\":{\"@id\":\"https:\\\/\\\/orizzontevela.it\\\/#organization\"},\"alternateName\":\"Orizzontevela\",\"potentialAction\":[{\"@type\":\"SearchAction\",\"target\":{\"@type\":\"EntryPoint\",\"urlTemplate\":\"https:\\\/\\\/orizzontevela.it\\\/?s={search_term_string}\"},\"query-input\":{\"@type\":\"PropertyValueSpecification\",\"valueRequired\":true,\"valueName\":\"search_term_string\"}}],\"inLanguage\":\"cs\"},{\"@type\":\"Organization\",\"@id\":\"https:\\\/\\\/orizzontevela.it\\\/#organization\",\"name\":\"OrizzonteVela\",\"url\":\"https:\\\/\\\/orizzontevela.it\\\/\",\"logo\":{\"@type\":\"ImageObject\",\"inLanguage\":\"cs\",\"@id\":\"https:\\\/\\\/orizzontevela.it\\\/#\\\/schema\\\/logo\\\/image\\\/\",\"url\":\"https:\\\/\\\/orizzontevela.it\\\/wp-content\\\/uploads\\\/2025\\\/09\\\/logo-colore.png\",\"contentUrl\":\"https:\\\/\\\/orizzontevela.it\\\/wp-content\\\/uploads\\\/2025\\\/09\\\/logo-colore.png\",\"width\":2264,\"height\":579,\"caption\":\"OrizzonteVela\"},\"image\":{\"@id\":\"https:\\\/\\\/orizzontevela.it\\\/#\\\/schema\\\/logo\\\/image\\\/\"},\"sameAs\":[\"https:\\\/\\\/www.instagram.com\\\/orizzontevela\\\/\"]}]}<\/script>\n<!-- \/ Yoast SEO plugin. -->","yoast_head_json":{"title":"Bali CatSpace \u2013 MAUI - OrizzonteVela","description":"Catamarano Lagoon 400 S2 - Con la sua larghezza e il modello perfetto per un diportista hobbista, questo modello \u00e8 costruito per avere il massimo della comodit\u00e0.","robots":{"index":"index","follow":"follow","max-snippet":"max-snippet:-1","max-image-preview":"max-image-preview:large","max-video-preview":"max-video-preview:-1"},"canonical":"https:\/\/orizzontevela.it\/cs\/barche\/bali-catspace-maui\/","og_locale":"cs_CZ","og_type":"article","og_title":"Bali CatSpace \u2013 MAUI - OrizzonteVela","og_description":"Catamarano Lagoon 400 S2 - Con la sua larghezza e il modello perfetto per un diportista hobbista, questo modello \u00e8 costruito per avere il massimo della comodit\u00e0.","og_url":"https:\/\/orizzontevela.it\/cs\/barche\/bali-catspace-maui\/","og_site_name":"OrizzonteVela","article_modified_time":"2025-09-30T10:23:55+00:00","twitter_card":"summary_large_image","twitter_misc":{"Odhadovan\u00e1 doba \u010dten\u00ed":"2 minuty"},"schema":{"@context":"https:\/\/schema.org","@graph":[{"@type":"WebPage","@id":"https:\/\/orizzontevela.it\/barche\/bali-catspace-maui\/","url":"https:\/\/orizzontevela.it\/barche\/bali-catspace-maui\/","name":"Bali CatSpace \u2013 MAUI - OrizzonteVela","isPartOf":{"@id":"https:\/\/orizzontevela.it\/#website"},"datePublished":"2025-09-29T11:28:21+00:00","dateModified":"2025-09-30T10:23:55+00:00","description":"Catamarano Lagoon 400 S2 - Con la sua larghezza e il modello perfetto per un diportista hobbista, questo modello \u00e8 costruito per avere il massimo della comodit\u00e0.","breadcrumb":{"@id":"https:\/\/orizzontevela.it\/barche\/bali-catspace-maui\/#breadcrumb"},"inLanguage":"cs","potentialAction":[{"@type":"ReadAction","target":["https:\/\/orizzontevela.it\/barche\/bali-catspace-maui\/"]}]},{"@type":"BreadcrumbList","@id":"https:\/\/orizzontevela.it\/barche\/bali-catspace-maui\/#breadcrumb","itemListElement":[{"@type":"ListItem","position":1,"name":"Home","item":"https:\/\/orizzontevela.it\/"},{"@type":"ListItem","position":2,"name":"Barche","item":"https:\/\/orizzontevela.it\/barche\/"},{"@type":"ListItem","position":3,"name":"Bali CatSpace \u2013 MAUI"}]},{"@type":"WebSite","@id":"https:\/\/orizzontevela.it\/#website","url":"https:\/\/orizzontevela.it\/","name":"HorizonSail","description":"Jedna cesta, tis\u00edc obzor\u016f","publisher":{"@id":"https:\/\/orizzontevela.it\/#organization"},"alternateName":"Orizzontevela","potentialAction":[{"@type":"SearchAction","target":{"@type":"EntryPoint","urlTemplate":"https:\/\/orizzontevela.it\/?s={search_term_string}"},"query-input":{"@type":"PropertyValueSpecification","valueRequired":true,"valueName":"search_term_string"}}],"inLanguage":"cs"},{"@type":"Organization","@id":"https:\/\/orizzontevela.it\/#organization","name":"HorizonSail","url":"https:\/\/orizzontevela.it\/","logo":{"@type":"ImageObject","inLanguage":"cs","@id":"https:\/\/orizzontevela.it\/#\/schema\/logo\/image\/","url":"https:\/\/orizzontevela.it\/wp-content\/uploads\/2025\/09\/logo-colore.png","contentUrl":"https:\/\/orizzontevela.it\/wp-content\/uploads\/2025\/09\/logo-colore.png","width":2264,"height":579,"caption":"OrizzonteVela"},"image":{"@id":"https:\/\/orizzontevela.it\/#\/schema\/logo\/image\/"},"sameAs":["https:\/\/www.instagram.com\/orizzontevela\/"]}]}},"_links":{"self":[{"href":"https:\/\/orizzontevela.it\/cs\/wp-json\/wp\/v2\/pages\/4086","targetHints":{"allow":["GET"]}}],"collection":[{"href":"https:\/\/orizzontevela.it\/cs\/wp-json\/wp\/v2\/pages"}],"about":[{"href":"https:\/\/orizzontevela.it\/cs\/wp-json\/wp\/v2\/types\/page"}],"author":[{"embeddable":true,"href":"https:\/\/orizzontevela.it\/cs\/wp-json\/wp\/v2\/users\/1"}],"replies":[{"embeddable":true,"href":"https:\/\/orizzontevela.it\/cs\/wp-json\/wp\/v2\/comments?post=4086"}],"version-history":[{"count":10,"href":"https:\/\/orizzontevela.it\/cs\/wp-json\/wp\/v2\/pages\/4086\/revisions"}],"predecessor-version":[{"id":4195,"href":"https:\/\/orizzontevela.it\/cs\/wp-json\/wp\/v2\/pages\/4086\/revisions\/4195"}],"up":[{"embeddable":true,"href":"https:\/\/orizzontevela.it\/cs\/wp-json\/wp\/v2\/pages\/142"}],"wp:attachment":[{"href":"https:\/\/orizzontevela.it\/cs\/wp-json\/wp\/v2\/media?parent=4086"}],"curies":[{"name":"wp","href":"https:\/\/api.w.org\/{rel}","templated":true}]}}