{"id":4129,"date":"2025-09-30T09:29:31","date_gmt":"2025-09-30T09:29:31","guid":{"rendered":"https:\/\/orizzontevela.it\/?page_id=4129"},"modified":"2025-09-30T09:34:28","modified_gmt":"2025-09-30T09:34:28","slug":"cultura","status":"publish","type":"page","link":"https:\/\/orizzontevela.it\/de\/capo-carbonara\/territorio\/cultura\/","title":{"rendered":"Kultur"},"content":{"rendered":"<div data-elementor-type=\"wp-page\" data-elementor-id=\"4129\" class=\"elementor elementor-4129\" data-elementor-post-type=\"page\">\n\t\t\t\t<div class=\"elementor-element elementor-element-3789ede e-flex e-con-boxed e-con e-parent\" data-id=\"3789ede\" data-element_type=\"container\" data-e-type=\"container\">\n\t\t\t\t\t<div class=\"e-con-inner\">\n\t\t\t\t<div class=\"elementor-element elementor-element-119c341 elementor-widget elementor-widget-image\" data-id=\"119c341\" data-element_type=\"widget\" data-e-type=\"widget\" data-widget_type=\"image.default\">\n\t\t\t\t\t\t\t\t\t\t\t\t\t\t\t<img fetchpriority=\"high\" decoding=\"async\" width=\"800\" height=\"250\" src=\"https:\/\/orizzontevela.it\/wp-content\/uploads\/2025\/09\/bread-amp-1024x320.jpg\" class=\"attachment-large size-large wp-image-4130\" alt=\"\" srcset=\"https:\/\/orizzontevela.it\/wp-content\/uploads\/2025\/09\/bread-amp-1024x320.jpg 1024w, https:\/\/orizzontevela.it\/wp-content\/uploads\/2025\/09\/bread-amp-300x94.jpg 300w, https:\/\/orizzontevela.it\/wp-content\/uploads\/2025\/09\/bread-amp-768x240.jpg 768w, https:\/\/orizzontevela.it\/wp-content\/uploads\/2025\/09\/bread-amp-1536x480.jpg 1536w, https:\/\/orizzontevela.it\/wp-content\/uploads\/2025\/09\/bread-amp.jpg 1920w\" sizes=\"(max-width: 800px) 100vw, 800px\" \/>\t\t\t\t\t\t\t\t\t\t\t\t\t\t\t<\/div>\n\t\t\t\t\t<\/div>\n\t\t\t\t<\/div>\n\t\t<div class=\"elementor-element elementor-element-6ab68dc e-flex e-con-boxed e-con e-parent\" data-id=\"6ab68dc\" data-element_type=\"container\" data-e-type=\"container\">\n\t\t\t\t\t<div class=\"e-con-inner\">\n\t\t\t\t<div class=\"elementor-element elementor-element-4f497e6 elementor-widget elementor-widget-text-editor\" data-id=\"4f497e6\" data-element_type=\"widget\" data-e-type=\"widget\" data-widget_type=\"text-editor.default\">\n\t\t\t\t\t\t\t\t\t<p>Ein Aufenthalt, ob kurz oder lang, in unserem Gebiet ist der beste Weg, um alle seine Aspekte zu genie\u00dfen. In Kontakt mit Sardinien, ohne Zweifel, mit seinen Traditionen, seine Lebensmittel, seine Feste, aber nicht nur. Sie werden sich in der Tat in einer einzigartigen Umgebung wiederfinden, einem wahren Schatz im Mittelmeer, der unter anderem von allen nationalen und internationalen Flugh\u00e4fen aus leicht erreichbar ist.<br \/><br \/><b>Religi\u00f6se Feste<\/b><br \/>In Villasimius werden die religi\u00f6sen Feste der Madonna del Naufrago, Santa Maria und des Schutzpatrons San Raffaele Arcangelo gefeiert. Sie werden von folkloristischen Darbietungen mit T\u00e4nzen in traditionellen sardischen Trachten, Musik und poetischen Kompositionen begleitet. Sie bieten die Gelegenheit, \u00fcber die religi\u00f6sen Gef\u00fchle hinaus faszinierende Details \u00fcber die lokale Kultur zu entdecken. Das Fest von Santa Maria findet in der ersten Septemberwoche statt. Zu diesem Fest versammeln sich Volksgruppen aus anderen Teilen Sardiniens, Masken, Launeddaspieler und Cantadores. Geschm\u00fcckte Ochsenkarren (die so genannten Traccas) sind in einer Prozession zu bewundern, und neben den Fahrern ziehen Frauen und Kinder in Trachten umher, ein Zeichen f\u00fcr die tiefe Verbundenheit zwischen der Religion und den Berufen der Vergangenheit. Das Fest von San Raffaele, dem Schutzpatron von Villasimius, das auf den 24. Oktober f\u00e4llt, ist die Gelegenheit, den langen Sommer auf der Insel mit Gesang, Tanz und Feuerwerk zu beenden.<\/p>\t\t\t\t\t\t\t\t<\/div>\n\t\t\t\t\t<\/div>\n\t\t\t\t<\/div>\n\t\t\t\t<\/div>\n\t\t\n    <div class=\"xs_social_share_widget xs_share_url after_content \t\tmain_content  wslu-style-1 wslu-share-box-shaped wslu-fill-colored wslu-none wslu-share-horizontal wslu-theme-font-no wslu-main_content\">\n\n\t\t\n        <ul>\n\t\t\t        <\/ul>\n    <\/div>","protected":false},"excerpt":{"rendered":"<p>La permanenza, breve o lunga che sia, nel nostro territorio, \u00e8 il modo migliore per gustarne pienamente tutti gli aspetti. A contatto con la Sardegna, senza dubbio, con le sue tradizioni, i suoi cibi, le sue sagre, ma non solo. Vi troverete, infatti, immersi in un ambiente unico nel suo genere, un vero tesoro nel [&hellip;]<\/p>\n","protected":false},"author":1,"featured_media":0,"parent":4126,"menu_order":0,"comment_status":"closed","ping_status":"closed","template":"","meta":{"postBodyCss":"","postBodyMargin":[],"postBodyPadding":[],"postBodyBackground":{"backgroundType":"classic","gradient":""},"footnotes":""},"class_list":["post-4129","page","type-page","status-publish","hentry"],"yoast_head":"<!-- This site is optimized with the Yoast SEO plugin v27.5 - https:\/\/yoast.com\/product\/yoast-seo-wordpress\/ -->\n<title>Cultura - OrizzonteVela<\/title>\n<meta name=\"robots\" content=\"index, follow, max-snippet:-1, max-image-preview:large, max-video-preview:-1\" \/>\n<link rel=\"canonical\" href=\"https:\/\/orizzontevela.it\/de\/capo-carbonara\/territorio\/cultura\/\" \/>\n<meta property=\"og:locale\" content=\"de_DE\" \/>\n<meta property=\"og:type\" content=\"article\" \/>\n<meta property=\"og:title\" content=\"Cultura - OrizzonteVela\" \/>\n<meta property=\"og:description\" content=\"La permanenza, breve o lunga che sia, nel nostro territorio, \u00e8 il modo migliore per gustarne pienamente tutti gli aspetti. A contatto con la Sardegna, senza dubbio, con le sue tradizioni, i suoi cibi, le sue sagre, ma non solo. Vi troverete, infatti, immersi in un ambiente unico nel suo genere, un vero tesoro nel [&hellip;]\" \/>\n<meta property=\"og:url\" content=\"https:\/\/orizzontevela.it\/de\/capo-carbonara\/territorio\/cultura\/\" \/>\n<meta property=\"og:site_name\" content=\"OrizzonteVela\" \/>\n<meta property=\"article:modified_time\" content=\"2025-09-30T09:34:28+00:00\" \/>\n<meta property=\"og:image\" content=\"https:\/\/orizzontevela.it\/wp-content\/uploads\/2025\/09\/bread-amp-1024x320.jpg\" \/>\n<meta name=\"twitter:card\" content=\"summary_large_image\" \/>\n<meta name=\"twitter:label1\" content=\"Gesch\u00e4tzte Lesezeit\" \/>\n\t<meta name=\"twitter:data1\" content=\"2\u00a0Minuten\" \/>\n<script type=\"application\/ld+json\" class=\"yoast-schema-graph\">{\"@context\":\"https:\\\/\\\/schema.org\",\"@graph\":[{\"@type\":\"WebPage\",\"@id\":\"https:\\\/\\\/orizzontevela.it\\\/capo-carbonara\\\/territorio\\\/cultura\\\/\",\"url\":\"https:\\\/\\\/orizzontevela.it\\\/capo-carbonara\\\/territorio\\\/cultura\\\/\",\"name\":\"Cultura - OrizzonteVela\",\"isPartOf\":{\"@id\":\"https:\\\/\\\/orizzontevela.it\\\/#website\"},\"primaryImageOfPage\":{\"@id\":\"https:\\\/\\\/orizzontevela.it\\\/capo-carbonara\\\/territorio\\\/cultura\\\/#primaryimage\"},\"image\":{\"@id\":\"https:\\\/\\\/orizzontevela.it\\\/capo-carbonara\\\/territorio\\\/cultura\\\/#primaryimage\"},\"thumbnailUrl\":\"https:\\\/\\\/orizzontevela.it\\\/wp-content\\\/uploads\\\/2025\\\/09\\\/bread-amp-1024x320.jpg\",\"datePublished\":\"2025-09-30T09:29:31+00:00\",\"dateModified\":\"2025-09-30T09:34:28+00:00\",\"breadcrumb\":{\"@id\":\"https:\\\/\\\/orizzontevela.it\\\/capo-carbonara\\\/territorio\\\/cultura\\\/#breadcrumb\"},\"inLanguage\":\"de\",\"potentialAction\":[{\"@type\":\"ReadAction\",\"target\":[\"https:\\\/\\\/orizzontevela.it\\\/capo-carbonara\\\/territorio\\\/cultura\\\/\"]}]},{\"@type\":\"ImageObject\",\"inLanguage\":\"de\",\"@id\":\"https:\\\/\\\/orizzontevela.it\\\/capo-carbonara\\\/territorio\\\/cultura\\\/#primaryimage\",\"url\":\"https:\\\/\\\/orizzontevela.it\\\/wp-content\\\/uploads\\\/2025\\\/09\\\/bread-amp-1024x320.jpg\",\"contentUrl\":\"https:\\\/\\\/orizzontevela.it\\\/wp-content\\\/uploads\\\/2025\\\/09\\\/bread-amp-1024x320.jpg\"},{\"@type\":\"BreadcrumbList\",\"@id\":\"https:\\\/\\\/orizzontevela.it\\\/capo-carbonara\\\/territorio\\\/cultura\\\/#breadcrumb\",\"itemListElement\":[{\"@type\":\"ListItem\",\"position\":1,\"name\":\"Home\",\"item\":\"https:\\\/\\\/orizzontevela.it\\\/\"},{\"@type\":\"ListItem\",\"position\":2,\"name\":\"Capo Carbonara\",\"item\":\"https:\\\/\\\/orizzontevela.it\\\/capo-carbonara\\\/\"},{\"@type\":\"ListItem\",\"position\":3,\"name\":\"Territorio\",\"item\":\"https:\\\/\\\/orizzontevela.it\\\/capo-carbonara\\\/territorio\\\/\"},{\"@type\":\"ListItem\",\"position\":4,\"name\":\"Cultura\"}]},{\"@type\":\"WebSite\",\"@id\":\"https:\\\/\\\/orizzontevela.it\\\/#website\",\"url\":\"https:\\\/\\\/orizzontevela.it\\\/\",\"name\":\"OrizzonteVela\",\"description\":\"Un Viaggio, mille orizzonti\",\"publisher\":{\"@id\":\"https:\\\/\\\/orizzontevela.it\\\/#organization\"},\"alternateName\":\"Orizzontevela\",\"potentialAction\":[{\"@type\":\"SearchAction\",\"target\":{\"@type\":\"EntryPoint\",\"urlTemplate\":\"https:\\\/\\\/orizzontevela.it\\\/?s={search_term_string}\"},\"query-input\":{\"@type\":\"PropertyValueSpecification\",\"valueRequired\":true,\"valueName\":\"search_term_string\"}}],\"inLanguage\":\"de\"},{\"@type\":\"Organization\",\"@id\":\"https:\\\/\\\/orizzontevela.it\\\/#organization\",\"name\":\"OrizzonteVela\",\"url\":\"https:\\\/\\\/orizzontevela.it\\\/\",\"logo\":{\"@type\":\"ImageObject\",\"inLanguage\":\"de\",\"@id\":\"https:\\\/\\\/orizzontevela.it\\\/#\\\/schema\\\/logo\\\/image\\\/\",\"url\":\"https:\\\/\\\/orizzontevela.it\\\/wp-content\\\/uploads\\\/2025\\\/09\\\/logo-colore.png\",\"contentUrl\":\"https:\\\/\\\/orizzontevela.it\\\/wp-content\\\/uploads\\\/2025\\\/09\\\/logo-colore.png\",\"width\":2264,\"height\":579,\"caption\":\"OrizzonteVela\"},\"image\":{\"@id\":\"https:\\\/\\\/orizzontevela.it\\\/#\\\/schema\\\/logo\\\/image\\\/\"},\"sameAs\":[\"https:\\\/\\\/www.instagram.com\\\/orizzontevela\\\/\"]}]}<\/script>\n<!-- \/ Yoast SEO plugin. -->","yoast_head_json":{"title":"Cultura - OrizzonteVela","robots":{"index":"index","follow":"follow","max-snippet":"max-snippet:-1","max-image-preview":"max-image-preview:large","max-video-preview":"max-video-preview:-1"},"canonical":"https:\/\/orizzontevela.it\/de\/capo-carbonara\/territorio\/cultura\/","og_locale":"de_DE","og_type":"article","og_title":"Cultura - OrizzonteVela","og_description":"La permanenza, breve o lunga che sia, nel nostro territorio, \u00e8 il modo migliore per gustarne pienamente tutti gli aspetti. A contatto con la Sardegna, senza dubbio, con le sue tradizioni, i suoi cibi, le sue sagre, ma non solo. Vi troverete, infatti, immersi in un ambiente unico nel suo genere, un vero tesoro nel [&hellip;]","og_url":"https:\/\/orizzontevela.it\/de\/capo-carbonara\/territorio\/cultura\/","og_site_name":"OrizzonteVela","article_modified_time":"2025-09-30T09:34:28+00:00","og_image":[{"url":"https:\/\/orizzontevela.it\/wp-content\/uploads\/2025\/09\/bread-amp-1024x320.jpg","type":"","width":"","height":""}],"twitter_card":"summary_large_image","twitter_misc":{"Gesch\u00e4tzte Lesezeit":"2\u00a0Minuten"},"schema":{"@context":"https:\/\/schema.org","@graph":[{"@type":"WebPage","@id":"https:\/\/orizzontevela.it\/capo-carbonara\/territorio\/cultura\/","url":"https:\/\/orizzontevela.it\/capo-carbonara\/territorio\/cultura\/","name":"Cultura - OrizzonteVela","isPartOf":{"@id":"https:\/\/orizzontevela.it\/#website"},"primaryImageOfPage":{"@id":"https:\/\/orizzontevela.it\/capo-carbonara\/territorio\/cultura\/#primaryimage"},"image":{"@id":"https:\/\/orizzontevela.it\/capo-carbonara\/territorio\/cultura\/#primaryimage"},"thumbnailUrl":"https:\/\/orizzontevela.it\/wp-content\/uploads\/2025\/09\/bread-amp-1024x320.jpg","datePublished":"2025-09-30T09:29:31+00:00","dateModified":"2025-09-30T09:34:28+00:00","breadcrumb":{"@id":"https:\/\/orizzontevela.it\/capo-carbonara\/territorio\/cultura\/#breadcrumb"},"inLanguage":"de","potentialAction":[{"@type":"ReadAction","target":["https:\/\/orizzontevela.it\/capo-carbonara\/territorio\/cultura\/"]}]},{"@type":"ImageObject","inLanguage":"de","@id":"https:\/\/orizzontevela.it\/capo-carbonara\/territorio\/cultura\/#primaryimage","url":"https:\/\/orizzontevela.it\/wp-content\/uploads\/2025\/09\/bread-amp-1024x320.jpg","contentUrl":"https:\/\/orizzontevela.it\/wp-content\/uploads\/2025\/09\/bread-amp-1024x320.jpg"},{"@type":"BreadcrumbList","@id":"https:\/\/orizzontevela.it\/capo-carbonara\/territorio\/cultura\/#breadcrumb","itemListElement":[{"@type":"ListItem","position":1,"name":"Home","item":"https:\/\/orizzontevela.it\/"},{"@type":"ListItem","position":2,"name":"Capo Carbonara","item":"https:\/\/orizzontevela.it\/capo-carbonara\/"},{"@type":"ListItem","position":3,"name":"Territorio","item":"https:\/\/orizzontevela.it\/capo-carbonara\/territorio\/"},{"@type":"ListItem","position":4,"name":"Cultura"}]},{"@type":"WebSite","@id":"https:\/\/orizzontevela.it\/#website","url":"https:\/\/orizzontevela.it\/","name":"HorizonSail","description":"Eine Reise, tausend Horizonte","publisher":{"@id":"https:\/\/orizzontevela.it\/#organization"},"alternateName":"Orizzontevela","potentialAction":[{"@type":"SearchAction","target":{"@type":"EntryPoint","urlTemplate":"https:\/\/orizzontevela.it\/?s={search_term_string}"},"query-input":{"@type":"PropertyValueSpecification","valueRequired":true,"valueName":"search_term_string"}}],"inLanguage":"de"},{"@type":"Organization","@id":"https:\/\/orizzontevela.it\/#organization","name":"HorizonSail","url":"https:\/\/orizzontevela.it\/","logo":{"@type":"ImageObject","inLanguage":"de","@id":"https:\/\/orizzontevela.it\/#\/schema\/logo\/image\/","url":"https:\/\/orizzontevela.it\/wp-content\/uploads\/2025\/09\/logo-colore.png","contentUrl":"https:\/\/orizzontevela.it\/wp-content\/uploads\/2025\/09\/logo-colore.png","width":2264,"height":579,"caption":"OrizzonteVela"},"image":{"@id":"https:\/\/orizzontevela.it\/#\/schema\/logo\/image\/"},"sameAs":["https:\/\/www.instagram.com\/orizzontevela\/"]}]}},"_links":{"self":[{"href":"https:\/\/orizzontevela.it\/de\/wp-json\/wp\/v2\/pages\/4129","targetHints":{"allow":["GET"]}}],"collection":[{"href":"https:\/\/orizzontevela.it\/de\/wp-json\/wp\/v2\/pages"}],"about":[{"href":"https:\/\/orizzontevela.it\/de\/wp-json\/wp\/v2\/types\/page"}],"author":[{"embeddable":true,"href":"https:\/\/orizzontevela.it\/de\/wp-json\/wp\/v2\/users\/1"}],"replies":[{"embeddable":true,"href":"https:\/\/orizzontevela.it\/de\/wp-json\/wp\/v2\/comments?post=4129"}],"version-history":[{"count":8,"href":"https:\/\/orizzontevela.it\/de\/wp-json\/wp\/v2\/pages\/4129\/revisions"}],"predecessor-version":[{"id":4145,"href":"https:\/\/orizzontevela.it\/de\/wp-json\/wp\/v2\/pages\/4129\/revisions\/4145"}],"up":[{"embeddable":true,"href":"https:\/\/orizzontevela.it\/de\/wp-json\/wp\/v2\/pages\/4126"}],"wp:attachment":[{"href":"https:\/\/orizzontevela.it\/de\/wp-json\/wp\/v2\/media?parent=4129"}],"curies":[{"name":"wp","href":"https:\/\/api.w.org\/{rel}","templated":true}]}}