{"id":4157,"date":"2025-09-30T09:40:50","date_gmt":"2025-09-30T09:40:50","guid":{"rendered":"https:\/\/orizzontevela.it\/?page_id=4157"},"modified":"2025-09-30T09:44:26","modified_gmt":"2025-09-30T09:44:26","slug":"attivita-consentite","status":"publish","type":"page","link":"https:\/\/orizzontevela.it\/de\/capo-carbonara\/regole\/attivita-consentite\/","title":{"rendered":"Zul\u00e4ssige Aktivit\u00e4ten"},"content":{"rendered":"<div data-elementor-type=\"wp-page\" data-elementor-id=\"4157\" class=\"elementor elementor-4157\" data-elementor-post-type=\"page\">\n\t\t\t\t<div class=\"elementor-element elementor-element-93fc140 e-flex e-con-boxed e-con e-parent\" data-id=\"93fc140\" data-element_type=\"container\" data-e-type=\"container\">\n\t\t\t\t\t<div class=\"e-con-inner\">\n\t\t\t\t<div class=\"elementor-element elementor-element-1de9da2 elementor-widget elementor-widget-image\" data-id=\"1de9da2\" data-element_type=\"widget\" data-e-type=\"widget\" data-widget_type=\"image.default\">\n\t\t\t\t\t\t\t\t\t\t\t\t\t\t\t<img fetchpriority=\"high\" decoding=\"async\" width=\"800\" height=\"250\" src=\"https:\/\/orizzontevela.it\/wp-content\/uploads\/2025\/09\/bread-fauna-1-1024x320.jpg\" class=\"attachment-large size-large wp-image-4161\" alt=\"\" srcset=\"https:\/\/orizzontevela.it\/wp-content\/uploads\/2025\/09\/bread-fauna-1-1024x320.jpg 1024w, https:\/\/orizzontevela.it\/wp-content\/uploads\/2025\/09\/bread-fauna-1-300x94.jpg 300w, https:\/\/orizzontevela.it\/wp-content\/uploads\/2025\/09\/bread-fauna-1-768x240.jpg 768w, https:\/\/orizzontevela.it\/wp-content\/uploads\/2025\/09\/bread-fauna-1-1536x480.jpg 1536w, https:\/\/orizzontevela.it\/wp-content\/uploads\/2025\/09\/bread-fauna-1.jpg 1920w\" sizes=\"(max-width: 800px) 100vw, 800px\" \/>\t\t\t\t\t\t\t\t\t\t\t\t\t\t\t<\/div>\n\t\t\t\t\t<\/div>\n\t\t\t\t<\/div>\n\t\t<div class=\"elementor-element elementor-element-9e1ac39 e-flex e-con-boxed e-con e-parent\" data-id=\"9e1ac39\" data-element_type=\"container\" data-e-type=\"container\">\n\t\t\t\t\t<div class=\"e-con-inner\">\n\t\t\t\t<div class=\"elementor-element elementor-element-056335d elementor-widget elementor-widget-text-editor\" data-id=\"056335d\" data-element_type=\"widget\" data-e-type=\"widget\" data-widget_type=\"text-editor.default\">\n\t\t\t\t\t\t\t\t\t<p><strong>Zone A (Integrale Reserve)<\/strong><br \/>Es ist erlaubt:<\/p><ul><li>Der Zugang wird dem Personal der Verwaltungsstelle f\u00fcr Dienstleistungst\u00e4tigkeiten und dem wissenschaftlichen Personal f\u00fcr die Durchf\u00fchrung genehmigter Forschungst\u00e4tigkeiten gew\u00e4hrt.<\/li><li>Die Organisation von gef\u00fchrten Unterwassertouren, die von der Verwaltungsbeh\u00f6rde geregelt werden, in den angrenzenden Gebieten auf vorher festgelegten Routen, wobei die Anforderungen des Umweltschutzes ber\u00fccksichtigt werden.<\/li><li>Rettungs- und \u00dcberwachungsma\u00dfnahmen.<\/li><li>Im Auftrag der Verwaltungsbeh\u00f6rde durchgef\u00fchrte Dienstleistungst\u00e4tigkeiten<\/li><\/ul><p><br \/>Es ist verboten:<\/p><ul><li>Baden.<\/li><li>Berufs-, Sport- und Unterwasserfischerei.<\/li><li>Die Durchfahrt von Schiffen mit Ausnahme derjenigen, die zum Meeresschutzgebiet geh\u00f6ren oder von diesem zugelassen sind.<\/li><\/ul><p><br \/><br \/><strong>Zone B (Allgemeine Reserve)<\/strong><br \/>Aktivit\u00e4ten der Zone A sind erlaubt.<br \/>Sie sind ebenfalls erlaubt:<\/p><ul><li>Die Navigation von Schiffen und Booten mit niedrigen Geschwindigkeiten von nicht mehr als 10 Knoten.<\/li><li>Gef\u00fchrte Unterwassertouren werden von der Verwaltungsbeh\u00f6rde des Meeresschutzgebiets gem\u00e4\u00df den in den Durchf\u00fchrungs- und Organisationsvorschriften festgelegten Verfahren geregelt.<\/li><li>Baden.<\/li><li>Freitauchen ohne Taucherbrille in voller \u00dcbereinstimmung mit den Bestimmungen der Verwaltungsbeh\u00f6rde und den Anordnungen des Hafenmeisters.<\/li><li>Anlegen in den entsprechenden Einrichtungen, die von der Verwaltungsbeh\u00f6rde zur Verf\u00fcgung gestellt werden oder mit der Notwendigkeit des Schutzes des Meeresbodens (sandiger oder felsiger Meeresboden) vereinbar sind.<\/li><li>Kleinfischerei mit selektivem Fangger\u00e4t, das den Meeresboden nicht besch\u00e4digt (Stellnetze, Reusen und Trammelnetze), nur f\u00fcr Berufsfischer, die zum Zeitpunkt des Inkrafttretens des Dekrets Nr. 60 vom 7. Februar 2012 in der Gemeinde Villasimius ans\u00e4ssig sind, gem\u00e4\u00df den im Durchf\u00fchrungs- und Organisationsreglement festgelegten Verfahren.<\/li><li>Sportfischerei nur f\u00fcr Einwohner oder ihnen Gleichgestellte (Besitzer von Zweitwohnungen, Liegeplatz in der Villasimius Naval League, Jahresliegeplatz in der Villasimius Marina), mit den Techniken und Mengen, die in der Durchf\u00fchrungs- und Organisationsordnung vorgesehen sind.<\/li><li>Walbeobachtungsaktivit\u00e4ten (Cetacean Watching) in der in der Durchf\u00fchrungs- und Organisationsverordnung vorgesehenen Weise.<\/li><\/ul><p><br \/><br \/>Sie sind verboten:<\/p><ul><li>Speerfischen.<\/li><li>Tauchen.<\/li><li>Die Verwendung von Jetskis oder Jet-Skis und \u00e4hnlichen Mitteln, die Aus\u00fcbung von Wasserski und \u00e4hnlichen Wassersportarten.<\/li><\/ul><p><br \/><br \/><strong>Zone C (Teilweise Reserve)<\/strong><br \/>Aktivit\u00e4ten der Zone B sind erlaubt.<br \/>Sie sind ebenfalls erlaubt:<\/p><ul><li>Zugang zu Sportbooten.<\/li><li>Befahren mit Schiffen und Booten mit geringer Geschwindigkeit von h\u00f6chstens 10 Knoten. Anlegen in geeigneten Strukturen, die von der Verwaltungsbeh\u00f6rde zur Verf\u00fcgung gestellt werden oder mit der Notwendigkeit des Schutzes des Meeresbodens vereinbar sind (sandiger oder felsiger Meeresboden).<\/li><li>Kleinfischerei mit selektivem Fangger\u00e4t, das den Meeresboden nicht besch\u00e4digt (Stellnetze, Reusen und Trammelnetze), nur f\u00fcr Berufsfischer, die zum Zeitpunkt des Inkrafttretens des Dekrets Nr. 60 vom 7. Februar 2012 in der Gemeinde Villasimius ans\u00e4ssig sind, gem\u00e4\u00df den im Durchf\u00fchrungs- und Organisationsreglement festgelegten Verfahren.<\/li><li>Freitauchen mit und\/oder ohne Taucherbrille, vorbehaltlich der Genehmigung durch das Leitungsorgan gem\u00e4\u00df den Bestimmungen des Durchf\u00fchrungs- und Organisationsreglements.<\/li><li>Die Sportfischerei steht Einwohnern oder ihnen gleichgestellten Personen (Besitzer von Zweitwohnungen, Liegeplatz in der Villasimius Naval League, Jahresliegeplatz im Yachthafen von Villasimius) und Nicht-Einwohnern offen, mit den Techniken und Mengen, die in der Durchf\u00fchrungs- und Organisationsordnung vorgesehen sind.<\/li><li>Walbeobachtungsaktivit\u00e4ten (Cetacean Watching) in der in der Durchf\u00fchrungs- und Organisationsverordnung vorgesehenen Weise.<\/li><\/ul><p><br \/><br \/>Sie sind verboten:<\/p><ul><li>Speerfischen<\/li><li>Die Verwendung von Jetskis oder Jet-Skis und \u00e4hnlichen Mitteln, die Aus\u00fcbung von Wasserski und \u00e4hnlichen Wassersportarten.<\/li><\/ul><p><br \/><br \/><strong>Zone D (Versuchsreserve)<\/strong><br \/>Aktivit\u00e4ten der Zone C sind erlaubt.<br \/>Sie sind ebenfalls erlaubt:<\/p><ul><li>Die Navigation von Schiffen und Booten mit niedrigen Geschwindigkeiten von nicht mehr als 20 Knoten.<\/li><\/ul><p><br \/>Sie sind verboten:<\/p><ul><li>Speerfischen.<\/li><li>Die Verwendung von Jetskis oder Jet-Skis und \u00e4hnlichen Mitteln, die Aus\u00fcbung von Wasserski und \u00e4hnlichen Wassersportarten.<\/li><\/ul>\t\t\t\t\t\t\t\t<\/div>\n\t\t\t\t\t<\/div>\n\t\t\t\t<\/div>\n\t\t\t\t<\/div>\n\t\t\n    <div class=\"xs_social_share_widget xs_share_url after_content \t\tmain_content  wslu-style-1 wslu-share-box-shaped wslu-fill-colored wslu-none wslu-share-horizontal wslu-theme-font-no wslu-main_content\">\n\n\t\t\n        <ul>\n\t\t\t        <\/ul>\n    <\/div>","protected":false},"excerpt":{"rendered":"<p>Zona A (Riserva Integrale)\u00c8 consentito: L\u2019accesso al personale dell\u2019Ente Gestore, per attivit\u00e0 di servizio, e al personale scientifico, per lo svolgimento di attivit\u00e0 di ricerca autorizzate. La realizzazione di visite guidate subacquee, regolamentate dall\u2019Ente Gestore, in aree limitrofe, secondo percorsi prefissati, tenendo comunque conto delle esigenze di elevata tutela ambientale. Le attivit\u00e0 di soccorso e [&hellip;]<\/p>\n","protected":false},"author":1,"featured_media":0,"parent":4150,"menu_order":0,"comment_status":"closed","ping_status":"closed","template":"","meta":{"postBodyCss":"","postBodyMargin":[],"postBodyPadding":[],"postBodyBackground":{"backgroundType":"classic","gradient":""},"footnotes":""},"class_list":["post-4157","page","type-page","status-publish","hentry"],"yoast_head":"<!-- This site is optimized with the Yoast SEO plugin v27.5 - https:\/\/yoast.com\/product\/yoast-seo-wordpress\/ -->\n<title>Attivit\u00e0 Consentite - OrizzonteVela<\/title>\n<meta name=\"robots\" content=\"index, follow, max-snippet:-1, max-image-preview:large, max-video-preview:-1\" \/>\n<link rel=\"canonical\" href=\"https:\/\/orizzontevela.it\/de\/capo-carbonara\/regole\/attivita-consentite\/\" \/>\n<meta property=\"og:locale\" content=\"de_DE\" \/>\n<meta property=\"og:type\" content=\"article\" \/>\n<meta property=\"og:title\" content=\"Attivit\u00e0 Consentite - OrizzonteVela\" \/>\n<meta property=\"og:description\" content=\"Zona A (Riserva Integrale)\u00c8 consentito: L\u2019accesso al personale dell\u2019Ente Gestore, per attivit\u00e0 di servizio, e al personale scientifico, per lo svolgimento di attivit\u00e0 di ricerca autorizzate. La realizzazione di visite guidate subacquee, regolamentate dall\u2019Ente Gestore, in aree limitrofe, secondo percorsi prefissati, tenendo comunque conto delle esigenze di elevata tutela ambientale. Le attivit\u00e0 di soccorso e [&hellip;]\" \/>\n<meta property=\"og:url\" content=\"https:\/\/orizzontevela.it\/de\/capo-carbonara\/regole\/attivita-consentite\/\" \/>\n<meta property=\"og:site_name\" content=\"OrizzonteVela\" \/>\n<meta property=\"article:modified_time\" content=\"2025-09-30T09:44:26+00:00\" \/>\n<meta property=\"og:image\" content=\"https:\/\/orizzontevela.it\/wp-content\/uploads\/2025\/09\/bread-fauna-1-1024x320.jpg\" \/>\n<meta name=\"twitter:card\" content=\"summary_large_image\" \/>\n<meta name=\"twitter:label1\" content=\"Gesch\u00e4tzte Lesezeit\" \/>\n\t<meta name=\"twitter:data1\" content=\"4\u00a0Minuten\" \/>\n<script type=\"application\/ld+json\" class=\"yoast-schema-graph\">{\"@context\":\"https:\\\/\\\/schema.org\",\"@graph\":[{\"@type\":\"WebPage\",\"@id\":\"https:\\\/\\\/orizzontevela.it\\\/capo-carbonara\\\/regole\\\/attivita-consentite\\\/\",\"url\":\"https:\\\/\\\/orizzontevela.it\\\/capo-carbonara\\\/regole\\\/attivita-consentite\\\/\",\"name\":\"Attivit\u00e0 Consentite - OrizzonteVela\",\"isPartOf\":{\"@id\":\"https:\\\/\\\/orizzontevela.it\\\/#website\"},\"primaryImageOfPage\":{\"@id\":\"https:\\\/\\\/orizzontevela.it\\\/capo-carbonara\\\/regole\\\/attivita-consentite\\\/#primaryimage\"},\"image\":{\"@id\":\"https:\\\/\\\/orizzontevela.it\\\/capo-carbonara\\\/regole\\\/attivita-consentite\\\/#primaryimage\"},\"thumbnailUrl\":\"https:\\\/\\\/orizzontevela.it\\\/wp-content\\\/uploads\\\/2025\\\/09\\\/bread-fauna-1-1024x320.jpg\",\"datePublished\":\"2025-09-30T09:40:50+00:00\",\"dateModified\":\"2025-09-30T09:44:26+00:00\",\"breadcrumb\":{\"@id\":\"https:\\\/\\\/orizzontevela.it\\\/capo-carbonara\\\/regole\\\/attivita-consentite\\\/#breadcrumb\"},\"inLanguage\":\"de\",\"potentialAction\":[{\"@type\":\"ReadAction\",\"target\":[\"https:\\\/\\\/orizzontevela.it\\\/capo-carbonara\\\/regole\\\/attivita-consentite\\\/\"]}]},{\"@type\":\"ImageObject\",\"inLanguage\":\"de\",\"@id\":\"https:\\\/\\\/orizzontevela.it\\\/capo-carbonara\\\/regole\\\/attivita-consentite\\\/#primaryimage\",\"url\":\"https:\\\/\\\/orizzontevela.it\\\/wp-content\\\/uploads\\\/2025\\\/09\\\/bread-fauna-1-1024x320.jpg\",\"contentUrl\":\"https:\\\/\\\/orizzontevela.it\\\/wp-content\\\/uploads\\\/2025\\\/09\\\/bread-fauna-1-1024x320.jpg\"},{\"@type\":\"BreadcrumbList\",\"@id\":\"https:\\\/\\\/orizzontevela.it\\\/capo-carbonara\\\/regole\\\/attivita-consentite\\\/#breadcrumb\",\"itemListElement\":[{\"@type\":\"ListItem\",\"position\":1,\"name\":\"Home\",\"item\":\"https:\\\/\\\/orizzontevela.it\\\/\"},{\"@type\":\"ListItem\",\"position\":2,\"name\":\"Capo Carbonara\",\"item\":\"https:\\\/\\\/orizzontevela.it\\\/capo-carbonara\\\/\"},{\"@type\":\"ListItem\",\"position\":3,\"name\":\"Regole\",\"item\":\"https:\\\/\\\/orizzontevela.it\\\/capo-carbonara\\\/regole\\\/\"},{\"@type\":\"ListItem\",\"position\":4,\"name\":\"Attivit\u00e0 Consentite\"}]},{\"@type\":\"WebSite\",\"@id\":\"https:\\\/\\\/orizzontevela.it\\\/#website\",\"url\":\"https:\\\/\\\/orizzontevela.it\\\/\",\"name\":\"OrizzonteVela\",\"description\":\"Un Viaggio, mille orizzonti\",\"publisher\":{\"@id\":\"https:\\\/\\\/orizzontevela.it\\\/#organization\"},\"alternateName\":\"Orizzontevela\",\"potentialAction\":[{\"@type\":\"SearchAction\",\"target\":{\"@type\":\"EntryPoint\",\"urlTemplate\":\"https:\\\/\\\/orizzontevela.it\\\/?s={search_term_string}\"},\"query-input\":{\"@type\":\"PropertyValueSpecification\",\"valueRequired\":true,\"valueName\":\"search_term_string\"}}],\"inLanguage\":\"de\"},{\"@type\":\"Organization\",\"@id\":\"https:\\\/\\\/orizzontevela.it\\\/#organization\",\"name\":\"OrizzonteVela\",\"url\":\"https:\\\/\\\/orizzontevela.it\\\/\",\"logo\":{\"@type\":\"ImageObject\",\"inLanguage\":\"de\",\"@id\":\"https:\\\/\\\/orizzontevela.it\\\/#\\\/schema\\\/logo\\\/image\\\/\",\"url\":\"https:\\\/\\\/orizzontevela.it\\\/wp-content\\\/uploads\\\/2025\\\/09\\\/logo-colore.png\",\"contentUrl\":\"https:\\\/\\\/orizzontevela.it\\\/wp-content\\\/uploads\\\/2025\\\/09\\\/logo-colore.png\",\"width\":2264,\"height\":579,\"caption\":\"OrizzonteVela\"},\"image\":{\"@id\":\"https:\\\/\\\/orizzontevela.it\\\/#\\\/schema\\\/logo\\\/image\\\/\"},\"sameAs\":[\"https:\\\/\\\/www.instagram.com\\\/orizzontevela\\\/\"]}]}<\/script>\n<!-- \/ Yoast SEO plugin. -->","yoast_head_json":{"title":"Attivit\u00e0 Consentite - OrizzonteVela","robots":{"index":"index","follow":"follow","max-snippet":"max-snippet:-1","max-image-preview":"max-image-preview:large","max-video-preview":"max-video-preview:-1"},"canonical":"https:\/\/orizzontevela.it\/de\/capo-carbonara\/regole\/attivita-consentite\/","og_locale":"de_DE","og_type":"article","og_title":"Attivit\u00e0 Consentite - OrizzonteVela","og_description":"Zona A (Riserva Integrale)\u00c8 consentito: L\u2019accesso al personale dell\u2019Ente Gestore, per attivit\u00e0 di servizio, e al personale scientifico, per lo svolgimento di attivit\u00e0 di ricerca autorizzate. La realizzazione di visite guidate subacquee, regolamentate dall\u2019Ente Gestore, in aree limitrofe, secondo percorsi prefissati, tenendo comunque conto delle esigenze di elevata tutela ambientale. Le attivit\u00e0 di soccorso e [&hellip;]","og_url":"https:\/\/orizzontevela.it\/de\/capo-carbonara\/regole\/attivita-consentite\/","og_site_name":"OrizzonteVela","article_modified_time":"2025-09-30T09:44:26+00:00","og_image":[{"url":"https:\/\/orizzontevela.it\/wp-content\/uploads\/2025\/09\/bread-fauna-1-1024x320.jpg","type":"","width":"","height":""}],"twitter_card":"summary_large_image","twitter_misc":{"Gesch\u00e4tzte Lesezeit":"4\u00a0Minuten"},"schema":{"@context":"https:\/\/schema.org","@graph":[{"@type":"WebPage","@id":"https:\/\/orizzontevela.it\/capo-carbonara\/regole\/attivita-consentite\/","url":"https:\/\/orizzontevela.it\/capo-carbonara\/regole\/attivita-consentite\/","name":"Attivit\u00e0 Consentite - OrizzonteVela","isPartOf":{"@id":"https:\/\/orizzontevela.it\/#website"},"primaryImageOfPage":{"@id":"https:\/\/orizzontevela.it\/capo-carbonara\/regole\/attivita-consentite\/#primaryimage"},"image":{"@id":"https:\/\/orizzontevela.it\/capo-carbonara\/regole\/attivita-consentite\/#primaryimage"},"thumbnailUrl":"https:\/\/orizzontevela.it\/wp-content\/uploads\/2025\/09\/bread-fauna-1-1024x320.jpg","datePublished":"2025-09-30T09:40:50+00:00","dateModified":"2025-09-30T09:44:26+00:00","breadcrumb":{"@id":"https:\/\/orizzontevela.it\/capo-carbonara\/regole\/attivita-consentite\/#breadcrumb"},"inLanguage":"de","potentialAction":[{"@type":"ReadAction","target":["https:\/\/orizzontevela.it\/capo-carbonara\/regole\/attivita-consentite\/"]}]},{"@type":"ImageObject","inLanguage":"de","@id":"https:\/\/orizzontevela.it\/capo-carbonara\/regole\/attivita-consentite\/#primaryimage","url":"https:\/\/orizzontevela.it\/wp-content\/uploads\/2025\/09\/bread-fauna-1-1024x320.jpg","contentUrl":"https:\/\/orizzontevela.it\/wp-content\/uploads\/2025\/09\/bread-fauna-1-1024x320.jpg"},{"@type":"BreadcrumbList","@id":"https:\/\/orizzontevela.it\/capo-carbonara\/regole\/attivita-consentite\/#breadcrumb","itemListElement":[{"@type":"ListItem","position":1,"name":"Home","item":"https:\/\/orizzontevela.it\/"},{"@type":"ListItem","position":2,"name":"Capo Carbonara","item":"https:\/\/orizzontevela.it\/capo-carbonara\/"},{"@type":"ListItem","position":3,"name":"Regole","item":"https:\/\/orizzontevela.it\/capo-carbonara\/regole\/"},{"@type":"ListItem","position":4,"name":"Attivit\u00e0 Consentite"}]},{"@type":"WebSite","@id":"https:\/\/orizzontevela.it\/#website","url":"https:\/\/orizzontevela.it\/","name":"HorizonSail","description":"Eine Reise, tausend Horizonte","publisher":{"@id":"https:\/\/orizzontevela.it\/#organization"},"alternateName":"Orizzontevela","potentialAction":[{"@type":"SearchAction","target":{"@type":"EntryPoint","urlTemplate":"https:\/\/orizzontevela.it\/?s={search_term_string}"},"query-input":{"@type":"PropertyValueSpecification","valueRequired":true,"valueName":"search_term_string"}}],"inLanguage":"de"},{"@type":"Organization","@id":"https:\/\/orizzontevela.it\/#organization","name":"HorizonSail","url":"https:\/\/orizzontevela.it\/","logo":{"@type":"ImageObject","inLanguage":"de","@id":"https:\/\/orizzontevela.it\/#\/schema\/logo\/image\/","url":"https:\/\/orizzontevela.it\/wp-content\/uploads\/2025\/09\/logo-colore.png","contentUrl":"https:\/\/orizzontevela.it\/wp-content\/uploads\/2025\/09\/logo-colore.png","width":2264,"height":579,"caption":"OrizzonteVela"},"image":{"@id":"https:\/\/orizzontevela.it\/#\/schema\/logo\/image\/"},"sameAs":["https:\/\/www.instagram.com\/orizzontevela\/"]}]}},"_links":{"self":[{"href":"https:\/\/orizzontevela.it\/de\/wp-json\/wp\/v2\/pages\/4157","targetHints":{"allow":["GET"]}}],"collection":[{"href":"https:\/\/orizzontevela.it\/de\/wp-json\/wp\/v2\/pages"}],"about":[{"href":"https:\/\/orizzontevela.it\/de\/wp-json\/wp\/v2\/types\/page"}],"author":[{"embeddable":true,"href":"https:\/\/orizzontevela.it\/de\/wp-json\/wp\/v2\/users\/1"}],"replies":[{"embeddable":true,"href":"https:\/\/orizzontevela.it\/de\/wp-json\/wp\/v2\/comments?post=4157"}],"version-history":[{"count":4,"href":"https:\/\/orizzontevela.it\/de\/wp-json\/wp\/v2\/pages\/4157\/revisions"}],"predecessor-version":[{"id":4164,"href":"https:\/\/orizzontevela.it\/de\/wp-json\/wp\/v2\/pages\/4157\/revisions\/4164"}],"up":[{"embeddable":true,"href":"https:\/\/orizzontevela.it\/de\/wp-json\/wp\/v2\/pages\/4150"}],"wp:attachment":[{"href":"https:\/\/orizzontevela.it\/de\/wp-json\/wp\/v2\/media?parent=4157"}],"curies":[{"name":"wp","href":"https:\/\/api.w.org\/{rel}","templated":true}]}}