{"id":4121,"date":"2025-09-30T09:14:07","date_gmt":"2025-09-30T09:14:07","guid":{"rendered":"https:\/\/orizzontevela.it\/?page_id=4121"},"modified":"2025-09-30T09:17:51","modified_gmt":"2025-09-30T09:17:51","slug":"storia","status":"publish","type":"page","link":"https:\/\/orizzontevela.it\/el\/capo-carbonara\/territorio\/storia\/","title":{"rendered":"Storia"},"content":{"rendered":"<div data-elementor-type=\"wp-page\" data-elementor-id=\"4121\" class=\"elementor elementor-4121\" data-elementor-post-type=\"page\">\n\t\t\t\t<div class=\"elementor-element elementor-element-e5a54ef e-flex e-con-boxed e-con e-parent\" data-id=\"e5a54ef\" data-element_type=\"container\" data-e-type=\"container\">\n\t\t\t\t\t<div class=\"e-con-inner\">\n\t\t\t\t<div class=\"elementor-element elementor-element-e26ed89 elementor-widget elementor-widget-image\" data-id=\"e26ed89\" data-element_type=\"widget\" data-e-type=\"widget\" data-widget_type=\"image.default\">\n\t\t\t\t\t\t\t\t\t\t\t\t\t\t\t<img fetchpriority=\"high\" decoding=\"async\" width=\"800\" height=\"250\" src=\"https:\/\/orizzontevela.it\/wp-content\/uploads\/2025\/09\/bread-posidonia-1024x320.jpg\" class=\"attachment-large size-large wp-image-4122\" alt=\"\" srcset=\"https:\/\/orizzontevela.it\/wp-content\/uploads\/2025\/09\/bread-posidonia-1024x320.jpg 1024w, https:\/\/orizzontevela.it\/wp-content\/uploads\/2025\/09\/bread-posidonia-300x94.jpg 300w, https:\/\/orizzontevela.it\/wp-content\/uploads\/2025\/09\/bread-posidonia-768x240.jpg 768w, https:\/\/orizzontevela.it\/wp-content\/uploads\/2025\/09\/bread-posidonia-1536x480.jpg 1536w, https:\/\/orizzontevela.it\/wp-content\/uploads\/2025\/09\/bread-posidonia.jpg 1920w\" sizes=\"(max-width: 800px) 100vw, 800px\" \/>\t\t\t\t\t\t\t\t\t\t\t\t\t\t\t<\/div>\n\t\t\t\t\t<\/div>\n\t\t\t\t<\/div>\n\t\t<div class=\"elementor-element elementor-element-8cfe2b5 e-flex e-con-boxed e-con e-parent\" data-id=\"8cfe2b5\" data-element_type=\"container\" data-e-type=\"container\">\n\t\t\t\t\t<div class=\"e-con-inner\">\n\t\t\t\t<div class=\"elementor-element elementor-element-ccb840e elementor-widget elementor-widget-text-editor\" data-id=\"ccb840e\" data-element_type=\"widget\" data-e-type=\"widget\" data-widget_type=\"text-editor.default\">\n\t\t\t\t\t\t\t\t\t<p>Le aree marine protette sono \u201cambienti marini costituiti dalle acque e dai relativi fondali nonch\u00e9 dai tratti di costa prospicienti, che presentano un rilevante interesse per le caratteristiche naturali, geomorfologiche, fisiche, biochimiche, con particolare riguardo alla flora e alla fauna marine e costiere e per l&#8217;importanza scientifica, ecologica, culturale, educativa ed economica che rivestono\u201d (Legge n. 979\/82 Difesa del mare).<br \/><br \/>L\u2019Area Marina Protetta Capo Carbonara (AMPCC) \u00e8 localizzata nella parte sud-est della Sardegna ed \u00e8 stata istituita con Decreto del Ministero dell\u2019Ambiente nel 1998, poi modificato nel 1999 e sostituito integralmente nel 2012. Coprendo una superficie di circa 14.360 ettari, l\u2019AMPCC \u00e8 la terza area marina pi\u00f9 estesa della Sardegna ed \u00e8 suddivisa in quattro livelli di protezione: zona A (riserva integrale), zona B (riserva generale), zona C (riserva parziale) e D (riserva sperimentale).<br \/><br \/>Il territorio dell\u2019Area Marina Protetta Capo Carbonara si estende da Cala Pisano sino a Punta Is Proceddus e comprende il tratto di mare che circonda le isole di Serpentara e dei Cavoli, oltre a numerosi scogli minori come quello del Congresso, dei Proci, di Santo Stefano e dei Variglioni e diverse secche come le ancore, di Berni, dei Dotti, di Libeccio, di Mezzo, di Piscaddedus e Santa Caterina.<br \/><br \/>Le bellissime rocce presenti sulle spiagge, le vaste praterie di Posidonia oceanica e i diffusi sedimenti bioclastici marini conferiscono a Capo Carbonara un paesaggio terrestre e marino di elevatissimo valore ambientale. Ed \u00e8 per questo grande valore che l\u2019AMP \u00e8 stata riconosciuta anche come area ASPIM (Area Specialmente Protetta di Importanza Mediterranea) ai sensi della Convenzione di Barcellona per la protezione del Mar Mediterraneo dai rischi dell&#8217;inquinamento. Il suo perimetro inoltre coincide quasi interamente con il Sito di interesse comunitario Isola dei Cavoli, Serpentara, Punta Molentis e Campulongu istituito ai sensi della Direttiva Habitat 92\/43\/CEE e sono presenti diverse Zona di Protezione Speciale (ZPS) istituite ai sensi della Direttiva Uccelli 79\/409\/CEE.<br \/><br \/>Numerose sono le spiagge che si affacciano sull\u2019AMP, una sorta di istmo con al centro la zona umida dello stagno di Notteri circondato da una costa tra le pi\u00f9 varie e affascinanti del Mediterraneo.<br \/><br \/>Negli scenari sommersi, \u00e8 possibile ammirare le forme delle rocce granitiche, pinnacoli, avvallamenti, spaccature e tafoni, sovente colorati dal giallo delle margherite di mare o dal rosso delle gorgonie, dove le tranquille popolazioni di cernie, dentici e orate di grandi dimensioni e i banchi di barracuda mediterraneo pattugliano in cerca di cibo. Tra i mammiferi marini, oltre alla frequente presenza del delfino costiero, il tursiope, negli ultimi anni sono state avvistati alcuni esemplari di balenottera comune, capodogli, delfini comuni e stenelle nelle acque pi\u00f9 profonde del Area Marina Protetta.<br \/><br \/><b>Curiosit\u00e0<\/b>\u00a0Lo sapevi che l\u2019Area Marina Protetta Capo Carbonara prende il nome dal promontorio omonimo? Deriva dall\u2019antico nome di Villasimius, \u201cCrabonaxa\u201d, legato all\u2019utilizzo del legno per la produzione di carbone.<\/p>\t\t\t\t\t\t\t\t<\/div>\n\t\t\t\t\t<\/div>\n\t\t\t\t<\/div>\n\t\t\t\t<\/div>\n\t\t\n    <div class=\"xs_social_share_widget xs_share_url after_content \t\tmain_content  wslu-style-1 wslu-share-box-shaped wslu-fill-colored wslu-none wslu-share-horizontal wslu-theme-font-no wslu-main_content\">\n\n\t\t\n        <ul>\n\t\t\t        <\/ul>\n    <\/div>","protected":false},"excerpt":{"rendered":"<p>Le aree marine protette sono \u201cambienti marini costituiti dalle acque e dai relativi fondali nonch\u00e9 dai tratti di costa prospicienti, che presentano un rilevante interesse per le caratteristiche naturali, geomorfologiche, fisiche, biochimiche, con particolare riguardo alla flora e alla fauna marine e costiere e per l&#8217;importanza scientifica, ecologica, culturale, educativa ed economica che rivestono\u201d (Legge [&hellip;]<\/p>\n","protected":false},"author":1,"featured_media":0,"parent":4126,"menu_order":0,"comment_status":"closed","ping_status":"closed","template":"","meta":{"postBodyCss":"","postBodyMargin":[],"postBodyPadding":[],"postBodyBackground":{"backgroundType":"classic","gradient":""},"footnotes":""},"class_list":["post-4121","page","type-page","status-publish","hentry"],"yoast_head":"<!-- This site is optimized with the Yoast SEO plugin v27.4 - https:\/\/yoast.com\/product\/yoast-seo-wordpress\/ -->\n<title>Storia - OrizzonteVela<\/title>\n<meta name=\"robots\" content=\"index, follow, max-snippet:-1, max-image-preview:large, max-video-preview:-1\" \/>\n<link rel=\"canonical\" href=\"https:\/\/orizzontevela.it\/el\/capo-carbonara\/territorio\/storia\/\" \/>\n<meta property=\"og:locale\" content=\"el_GR\" \/>\n<meta property=\"og:type\" content=\"article\" \/>\n<meta property=\"og:title\" content=\"Storia - OrizzonteVela\" \/>\n<meta property=\"og:description\" content=\"Le aree marine protette sono \u201cambienti marini costituiti dalle acque e dai relativi fondali nonch\u00e9 dai tratti di costa prospicienti, che presentano un rilevante interesse per le caratteristiche naturali, geomorfologiche, fisiche, biochimiche, con particolare riguardo alla flora e alla fauna marine e costiere e per l&#8217;importanza scientifica, ecologica, culturale, educativa ed economica che rivestono\u201d (Legge [&hellip;]\" \/>\n<meta property=\"og:url\" content=\"https:\/\/orizzontevela.it\/el\/capo-carbonara\/territorio\/storia\/\" \/>\n<meta property=\"og:site_name\" content=\"OrizzonteVela\" \/>\n<meta property=\"article:modified_time\" content=\"2025-09-30T09:17:51+00:00\" \/>\n<meta property=\"og:image\" content=\"https:\/\/orizzontevela.it\/wp-content\/uploads\/2025\/09\/bread-posidonia-1024x320.jpg\" \/>\n<meta name=\"twitter:card\" content=\"summary_large_image\" \/>\n<meta name=\"twitter:label1\" content=\"\u0395\u03ba\u03c4\u03b9\u03bc\u03ce\u03bc\u03b5\u03bd\u03bf\u03c2 \u03c7\u03c1\u03cc\u03bd\u03bf\u03c2 \u03b1\u03bd\u03ac\u03b3\u03bd\u03c9\u03c3\u03b7\u03c2\" \/>\n\t<meta name=\"twitter:data1\" content=\"3 \u03bb\u03b5\u03c0\u03c4\u03ac\" \/>\n<script type=\"application\/ld+json\" class=\"yoast-schema-graph\">{\"@context\":\"https:\\\/\\\/schema.org\",\"@graph\":[{\"@type\":\"WebPage\",\"@id\":\"https:\\\/\\\/orizzontevela.it\\\/capo-carbonara\\\/territorio\\\/storia\\\/\",\"url\":\"https:\\\/\\\/orizzontevela.it\\\/capo-carbonara\\\/territorio\\\/storia\\\/\",\"name\":\"Storia - OrizzonteVela\",\"isPartOf\":{\"@id\":\"https:\\\/\\\/orizzontevela.it\\\/#website\"},\"primaryImageOfPage\":{\"@id\":\"https:\\\/\\\/orizzontevela.it\\\/capo-carbonara\\\/territorio\\\/storia\\\/#primaryimage\"},\"image\":{\"@id\":\"https:\\\/\\\/orizzontevela.it\\\/capo-carbonara\\\/territorio\\\/storia\\\/#primaryimage\"},\"thumbnailUrl\":\"https:\\\/\\\/orizzontevela.it\\\/wp-content\\\/uploads\\\/2025\\\/09\\\/bread-posidonia-1024x320.jpg\",\"datePublished\":\"2025-09-30T09:14:07+00:00\",\"dateModified\":\"2025-09-30T09:17:51+00:00\",\"breadcrumb\":{\"@id\":\"https:\\\/\\\/orizzontevela.it\\\/capo-carbonara\\\/territorio\\\/storia\\\/#breadcrumb\"},\"inLanguage\":\"el\",\"potentialAction\":[{\"@type\":\"ReadAction\",\"target\":[\"https:\\\/\\\/orizzontevela.it\\\/capo-carbonara\\\/territorio\\\/storia\\\/\"]}]},{\"@type\":\"ImageObject\",\"inLanguage\":\"el\",\"@id\":\"https:\\\/\\\/orizzontevela.it\\\/capo-carbonara\\\/territorio\\\/storia\\\/#primaryimage\",\"url\":\"https:\\\/\\\/orizzontevela.it\\\/wp-content\\\/uploads\\\/2025\\\/09\\\/bread-posidonia-1024x320.jpg\",\"contentUrl\":\"https:\\\/\\\/orizzontevela.it\\\/wp-content\\\/uploads\\\/2025\\\/09\\\/bread-posidonia-1024x320.jpg\"},{\"@type\":\"BreadcrumbList\",\"@id\":\"https:\\\/\\\/orizzontevela.it\\\/capo-carbonara\\\/territorio\\\/storia\\\/#breadcrumb\",\"itemListElement\":[{\"@type\":\"ListItem\",\"position\":1,\"name\":\"Home\",\"item\":\"https:\\\/\\\/orizzontevela.it\\\/\"},{\"@type\":\"ListItem\",\"position\":2,\"name\":\"Capo Carbonara\",\"item\":\"https:\\\/\\\/orizzontevela.it\\\/capo-carbonara\\\/\"},{\"@type\":\"ListItem\",\"position\":3,\"name\":\"Territorio\",\"item\":\"https:\\\/\\\/orizzontevela.it\\\/capo-carbonara\\\/territorio\\\/\"},{\"@type\":\"ListItem\",\"position\":4,\"name\":\"Storia\"}]},{\"@type\":\"WebSite\",\"@id\":\"https:\\\/\\\/orizzontevela.it\\\/#website\",\"url\":\"https:\\\/\\\/orizzontevela.it\\\/\",\"name\":\"OrizzonteVela\",\"description\":\"Un Viaggio, mille orizzonti\",\"publisher\":{\"@id\":\"https:\\\/\\\/orizzontevela.it\\\/#organization\"},\"alternateName\":\"Orizzontevela\",\"potentialAction\":[{\"@type\":\"SearchAction\",\"target\":{\"@type\":\"EntryPoint\",\"urlTemplate\":\"https:\\\/\\\/orizzontevela.it\\\/?s={search_term_string}\"},\"query-input\":{\"@type\":\"PropertyValueSpecification\",\"valueRequired\":true,\"valueName\":\"search_term_string\"}}],\"inLanguage\":\"el\"},{\"@type\":\"Organization\",\"@id\":\"https:\\\/\\\/orizzontevela.it\\\/#organization\",\"name\":\"OrizzonteVela\",\"url\":\"https:\\\/\\\/orizzontevela.it\\\/\",\"logo\":{\"@type\":\"ImageObject\",\"inLanguage\":\"el\",\"@id\":\"https:\\\/\\\/orizzontevela.it\\\/#\\\/schema\\\/logo\\\/image\\\/\",\"url\":\"https:\\\/\\\/orizzontevela.it\\\/wp-content\\\/uploads\\\/2025\\\/09\\\/logo-colore.png\",\"contentUrl\":\"https:\\\/\\\/orizzontevela.it\\\/wp-content\\\/uploads\\\/2025\\\/09\\\/logo-colore.png\",\"width\":2264,\"height\":579,\"caption\":\"OrizzonteVela\"},\"image\":{\"@id\":\"https:\\\/\\\/orizzontevela.it\\\/#\\\/schema\\\/logo\\\/image\\\/\"},\"sameAs\":[\"https:\\\/\\\/www.instagram.com\\\/orizzontevela\\\/\"]}]}<\/script>\n<!-- \/ Yoast SEO plugin. -->","yoast_head_json":{"title":"Storia - OrizzonteVela","robots":{"index":"index","follow":"follow","max-snippet":"max-snippet:-1","max-image-preview":"max-image-preview:large","max-video-preview":"max-video-preview:-1"},"canonical":"https:\/\/orizzontevela.it\/el\/capo-carbonara\/territorio\/storia\/","og_locale":"el_GR","og_type":"article","og_title":"Storia - OrizzonteVela","og_description":"Le aree marine protette sono \u201cambienti marini costituiti dalle acque e dai relativi fondali nonch\u00e9 dai tratti di costa prospicienti, che presentano un rilevante interesse per le caratteristiche naturali, geomorfologiche, fisiche, biochimiche, con particolare riguardo alla flora e alla fauna marine e costiere e per l&#8217;importanza scientifica, ecologica, culturale, educativa ed economica che rivestono\u201d (Legge [&hellip;]","og_url":"https:\/\/orizzontevela.it\/el\/capo-carbonara\/territorio\/storia\/","og_site_name":"OrizzonteVela","article_modified_time":"2025-09-30T09:17:51+00:00","og_image":[{"url":"https:\/\/orizzontevela.it\/wp-content\/uploads\/2025\/09\/bread-posidonia-1024x320.jpg","type":"","width":"","height":""}],"twitter_card":"summary_large_image","twitter_misc":{"\u0395\u03ba\u03c4\u03b9\u03bc\u03ce\u03bc\u03b5\u03bd\u03bf\u03c2 \u03c7\u03c1\u03cc\u03bd\u03bf\u03c2 \u03b1\u03bd\u03ac\u03b3\u03bd\u03c9\u03c3\u03b7\u03c2":"3 \u03bb\u03b5\u03c0\u03c4\u03ac"},"schema":{"@context":"https:\/\/schema.org","@graph":[{"@type":"WebPage","@id":"https:\/\/orizzontevela.it\/capo-carbonara\/territorio\/storia\/","url":"https:\/\/orizzontevela.it\/capo-carbonara\/territorio\/storia\/","name":"Storia - OrizzonteVela","isPartOf":{"@id":"https:\/\/orizzontevela.it\/#website"},"primaryImageOfPage":{"@id":"https:\/\/orizzontevela.it\/capo-carbonara\/territorio\/storia\/#primaryimage"},"image":{"@id":"https:\/\/orizzontevela.it\/capo-carbonara\/territorio\/storia\/#primaryimage"},"thumbnailUrl":"https:\/\/orizzontevela.it\/wp-content\/uploads\/2025\/09\/bread-posidonia-1024x320.jpg","datePublished":"2025-09-30T09:14:07+00:00","dateModified":"2025-09-30T09:17:51+00:00","breadcrumb":{"@id":"https:\/\/orizzontevela.it\/capo-carbonara\/territorio\/storia\/#breadcrumb"},"inLanguage":"el","potentialAction":[{"@type":"ReadAction","target":["https:\/\/orizzontevela.it\/capo-carbonara\/territorio\/storia\/"]}]},{"@type":"ImageObject","inLanguage":"el","@id":"https:\/\/orizzontevela.it\/capo-carbonara\/territorio\/storia\/#primaryimage","url":"https:\/\/orizzontevela.it\/wp-content\/uploads\/2025\/09\/bread-posidonia-1024x320.jpg","contentUrl":"https:\/\/orizzontevela.it\/wp-content\/uploads\/2025\/09\/bread-posidonia-1024x320.jpg"},{"@type":"BreadcrumbList","@id":"https:\/\/orizzontevela.it\/capo-carbonara\/territorio\/storia\/#breadcrumb","itemListElement":[{"@type":"ListItem","position":1,"name":"Home","item":"https:\/\/orizzontevela.it\/"},{"@type":"ListItem","position":2,"name":"Capo Carbonara","item":"https:\/\/orizzontevela.it\/capo-carbonara\/"},{"@type":"ListItem","position":3,"name":"Territorio","item":"https:\/\/orizzontevela.it\/capo-carbonara\/territorio\/"},{"@type":"ListItem","position":4,"name":"Storia"}]},{"@type":"WebSite","@id":"https:\/\/orizzontevela.it\/#website","url":"https:\/\/orizzontevela.it\/","name":"OrizzonteVela","description":"Un Viaggio, mille orizzonti","publisher":{"@id":"https:\/\/orizzontevela.it\/#organization"},"alternateName":"Orizzontevela","potentialAction":[{"@type":"SearchAction","target":{"@type":"EntryPoint","urlTemplate":"https:\/\/orizzontevela.it\/?s={search_term_string}"},"query-input":{"@type":"PropertyValueSpecification","valueRequired":true,"valueName":"search_term_string"}}],"inLanguage":"el"},{"@type":"Organization","@id":"https:\/\/orizzontevela.it\/#organization","name":"OrizzonteVela","url":"https:\/\/orizzontevela.it\/","logo":{"@type":"ImageObject","inLanguage":"el","@id":"https:\/\/orizzontevela.it\/#\/schema\/logo\/image\/","url":"https:\/\/orizzontevela.it\/wp-content\/uploads\/2025\/09\/logo-colore.png","contentUrl":"https:\/\/orizzontevela.it\/wp-content\/uploads\/2025\/09\/logo-colore.png","width":2264,"height":579,"caption":"OrizzonteVela"},"image":{"@id":"https:\/\/orizzontevela.it\/#\/schema\/logo\/image\/"},"sameAs":["https:\/\/www.instagram.com\/orizzontevela\/"]}]}},"_links":{"self":[{"href":"https:\/\/orizzontevela.it\/el\/wp-json\/wp\/v2\/pages\/4121","targetHints":{"allow":["GET"]}}],"collection":[{"href":"https:\/\/orizzontevela.it\/el\/wp-json\/wp\/v2\/pages"}],"about":[{"href":"https:\/\/orizzontevela.it\/el\/wp-json\/wp\/v2\/types\/page"}],"author":[{"embeddable":true,"href":"https:\/\/orizzontevela.it\/el\/wp-json\/wp\/v2\/users\/1"}],"replies":[{"embeddable":true,"href":"https:\/\/orizzontevela.it\/el\/wp-json\/wp\/v2\/comments?post=4121"}],"version-history":[{"count":4,"href":"https:\/\/orizzontevela.it\/el\/wp-json\/wp\/v2\/pages\/4121\/revisions"}],"predecessor-version":[{"id":4128,"href":"https:\/\/orizzontevela.it\/el\/wp-json\/wp\/v2\/pages\/4121\/revisions\/4128"}],"up":[{"embeddable":true,"href":"https:\/\/orizzontevela.it\/el\/wp-json\/wp\/v2\/pages\/4126"}],"wp:attachment":[{"href":"https:\/\/orizzontevela.it\/el\/wp-json\/wp\/v2\/media?parent=4121"}],"curies":[{"name":"wp","href":"https:\/\/api.w.org\/{rel}","templated":true}]}}