{"id":4086,"date":"2025-09-29T11:28:21","date_gmt":"2025-09-29T11:28:21","guid":{"rendered":"https:\/\/orizzontevela.it\/?page_id=4086"},"modified":"2025-09-30T10:23:55","modified_gmt":"2025-09-30T10:23:55","slug":"bali-catspace-maui","status":"publish","type":"page","link":"https:\/\/orizzontevela.it\/es\/barche\/bali-catspace-maui\/","title":{"rendered":"Bali CatSpace - MAUI"},"content":{"rendered":"<div data-elementor-type=\"wp-page\" data-elementor-id=\"4086\" class=\"elementor elementor-4086\" data-elementor-post-type=\"page\">\n\t\t\t\t\t\t<section class=\"elementor-section elementor-top-section elementor-element elementor-element-b312923 elementor-section-boxed elementor-section-height-default elementor-section-height-default\" data-id=\"b312923\" data-element_type=\"section\" data-e-type=\"section\">\n\t\t\t\t\t\t<div class=\"elementor-container elementor-column-gap-no\">\n\t\t\t\t\t<div class=\"elementor-column elementor-col-50 elementor-top-column elementor-element elementor-element-fdff2b0\" data-id=\"fdff2b0\" data-element_type=\"column\" data-e-type=\"column\">\n\t\t\t<div class=\"elementor-widget-wrap elementor-element-populated\">\n\t\t\t\t\t\t<div class=\"elementor-element elementor-element-1a04904 elementor-widget elementor-widget-heading\" data-id=\"1a04904\" data-element_type=\"widget\" data-e-type=\"widget\" data-widget_type=\"heading.default\">\n\t\t\t\t\t<h2 class=\"elementor-heading-title elementor-size-default\">Detalles<\/h2>\t\t\t\t<\/div>\n\t\t\t\t<div class=\"elementor-element elementor-element-6143ac5 elementor-widget-divider--view-line elementor-widget elementor-widget-divider\" data-id=\"6143ac5\" data-element_type=\"widget\" data-e-type=\"widget\" data-widget_type=\"divider.default\">\n\t\t\t\t\t\t\t<div class=\"elementor-divider\">\n\t\t\t<span class=\"elementor-divider-separator\">\n\t\t\t\t\t\t<\/span>\n\t\t<\/div>\n\t\t\t\t\t\t<\/div>\n\t\t\t\t<div class=\"elementor-element elementor-element-0590c3b elementor-widget elementor-widget-text-editor\" data-id=\"0590c3b\" data-element_type=\"widget\" data-e-type=\"widget\" data-widget_type=\"text-editor.default\">\n\t\t\t\t\t\t\t\t\t<p style=\"margin-bottom: 5px;\"><span style=\"margin-right: 5px; color: #23282d;\">Obra en construcci\u00f3n:<\/span> Bali<\/p><p style=\"margin-bottom: 5px;\"><span style=\"margin-right: 5px; color: #23282d;\">A\u00f1o:<\/span> 2025<\/p><p style=\"margin-bottom: 5px;\"><span style=\"margin-right: 5px; color: #23282d;\">Los pies:<\/span> 40<\/p><p style=\"margin-bottom: 5px;\"><span style=\"margin-right: 5px; color: #23282d;\">Motores:<\/span> 38 CV x 2<\/p><p style=\"margin-bottom: 5px;\"><span style=\"margin-right: 5px; color: #23282d;\">Camas:<\/span> 8 Camas<\/p><p style=\"margin-bottom: 5px;\"><span style=\"margin-right: 5px; color: #23282d;\">Metros:<\/span> 11.97<\/p><p style=\"margin-bottom: 5px;\"><span style=\"margin-right: 5px; color: #23282d;\">Casco:<\/span> Catamar\u00e1n<\/p>\t\t\t\t\t\t\t\t<\/div>\n\t\t\t\t\t<\/div>\n\t\t<\/div>\n\t\t\t\t<div class=\"elementor-column elementor-col-50 elementor-top-column elementor-element elementor-element-f71051d\" data-id=\"f71051d\" data-element_type=\"column\" data-e-type=\"column\">\n\t\t\t<div class=\"elementor-widget-wrap elementor-element-populated\">\n\t\t\t\t\t\t<div class=\"elementor-element elementor-element-15d445c elementor-widget elementor-widget-text-editor\" data-id=\"15d445c\" data-element_type=\"widget\" data-e-type=\"widget\" data-widget_type=\"text-editor.default\">\n\t\t\t\t\t\t\t\t\t<p>Bali Catspace 'Maui<\/p>\t\t\t\t\t\t\t\t<\/div>\n\t\t\t\t<div class=\"elementor-element elementor-element-83df10c elementor-widget elementor-widget-text-editor\" data-id=\"83df10c\" data-element_type=\"widget\" data-e-type=\"widget\" data-widget_type=\"text-editor.default\">\n\t\t\t\t\t\t\t\t\t<p>Catamar\u00e1n<\/p>\t\t\t\t\t\t\t\t<\/div>\n\t\t\t\t<div class=\"elementor-element elementor-element-074e6d2 elementor-widget elementor-widget-text-editor\" data-id=\"074e6d2\" data-element_type=\"widget\" data-e-type=\"widget\" data-widget_type=\"text-editor.default\">\n\t\t\t\t\t\t\t\t\t<p>Espacio y confort al m\u00e1s alto nivel<\/p>\t\t\t\t\t\t\t\t<\/div>\n\t\t\t\t<div class=\"elementor-element elementor-element-e4971ec elementor-widget elementor-widget-text-editor\" data-id=\"e4971ec\" data-element_type=\"widget\" data-e-type=\"widget\" data-widget_type=\"text-editor.default\">\n\t\t\t\t\t\t\t\t\t<p>\u00a0<\/p><p>Maui es el catamar\u00e1n dise\u00f1ado para quienes desean combinar la elegancia del dise\u00f1o con el placer de navegar. Con su interior luminoso y acogedor, ofrece espacios de vida sorprendentes para su categor\u00eda, transformando cada momento a bordo en una experiencia relajante y de convivencia. El gran sal\u00f3n panor\u00e1mico, la moderna cocina con nevera de columna como la de casa y el comedor integrado crean un ambiente \u00fanico, abierto y funcional. Los camarotes, espaciosos y perfectamente amueblados, garantizan un confort de alto nivel. Los camarotes de proa en particular, con sus camas colocadas de forma que miran al mar, disponen de una cama plegable adicional.  Los exteriores ofrecen todo lo necesario para vivir el mar: amplias zonas para tomar el sol, una ba\u00f1era delantera con sof\u00e1s, mesas y cojines es una novedad absoluta al igual que el comod\u00edsimo flybridge que ofrece una vista impresionante en cualquier situaci\u00f3n. A continuaci\u00f3n, un desalinizador de 200 litros\/hora proporciona agua dulce en abundancia, evitando las innecesarias y tediosas colas en el puerto para rellenar los dep\u00f3sitos vac\u00edos. Por \u00faltimo, la embarcaci\u00f3n auxiliar es decididamente adecuada para el nivel del barco. De hecho, tiene 3,10 m de eslora y un motor de 10 CV.<\/p><p>Con el Bali Catspace, el crucero se convierte en libertad: l\u00edneas modernas, estabilidad excepcional y prestaciones de navegaci\u00f3n que permiten disfrutar del mar con total seguridad. Perfecto para familias, parejas o grupos de amigos, es el catamar\u00e1n que convierte cada vacaci\u00f3n en un recuerdo inolvidable.<\/p>\t\t\t\t\t\t\t\t<\/div>\n\t\t\t\t\t<\/div>\n\t\t<\/div>\n\t\t\t\t\t<\/div>\n\t\t<\/section>\n\t\t\t\t<section class=\"elementor-section elementor-top-section elementor-element elementor-element-3193a2c elementor-section-boxed elementor-section-height-default elementor-section-height-default\" data-id=\"3193a2c\" data-element_type=\"section\" data-e-type=\"section\">\n\t\t\t\t\t\t<div class=\"elementor-container elementor-column-gap-no\">\n\t\t\t\t\t<div class=\"elementor-column elementor-col-100 elementor-top-column elementor-element elementor-element-59a8a6c\" data-id=\"59a8a6c\" data-element_type=\"column\" data-e-type=\"column\">\n\t\t\t<div class=\"elementor-widget-wrap\">\n\t\t\t\t\t\t\t<\/div>\n\t\t<\/div>\n\t\t\t\t\t<\/div>\n\t\t<\/section>\n\t\t\t\t<section class=\"elementor-section elementor-top-section elementor-element elementor-element-584d973 elementor-section-full_width elementor-section-height-default elementor-section-height-default\" data-id=\"584d973\" data-element_type=\"section\" data-e-type=\"section\">\n\t\t\t\t\t\t<div class=\"elementor-container elementor-column-gap-no\">\n\t\t\t\t\t<div class=\"elementor-column elementor-col-100 elementor-top-column elementor-element elementor-element-3b71602\" data-id=\"3b71602\" data-element_type=\"column\" data-e-type=\"column\">\n\t\t\t<div class=\"elementor-widget-wrap\">\n\t\t\t\t\t\t\t<\/div>\n\t\t<\/div>\n\t\t\t\t\t<\/div>\n\t\t<\/section>\n\t\t\t\t<\/div>\n\t\t\n    <div class=\"xs_social_share_widget xs_share_url after_content \t\tmain_content  wslu-style-1 wslu-share-box-shaped wslu-fill-colored wslu-none wslu-share-horizontal wslu-theme-font-no wslu-main_content\">\n\n\t\t\n        <ul>\n\t\t\t        <\/ul>\n    <\/div>","protected":false},"excerpt":{"rendered":"<p>Dettagli Cantiere: Bali Anno: 2025 Piedi: 40 Motori: 38cv x 2 Posti letto: 8 Posti letto Metri: 11.97 Scafo: Catamarano Bali Catspace \u2018Maui\u2019 Catamarano Spazio e comfort ai massimi livelli Maui \u00e8 il catamarano pensato per chi desidera unire l\u2019eleganza del design al piacere della navigazione. Con i suoi interni luminosi e accoglienti, offre spazi [&hellip;]<\/p>\n","protected":false},"author":1,"featured_media":0,"parent":142,"menu_order":0,"comment_status":"closed","ping_status":"closed","template":"elementor_header_footer","meta":{"postBodyCss":"","postBodyMargin":[],"postBodyPadding":[],"postBodyBackground":{"backgroundType":"classic","gradient":""},"footnotes":""},"class_list":["post-4086","page","type-page","status-publish","hentry"],"yoast_head":"<!-- This site is optimized with the Yoast SEO plugin v27.5 - https:\/\/yoast.com\/product\/yoast-seo-wordpress\/ -->\n<title>Bali CatSpace \u2013 MAUI - OrizzonteVela<\/title>\n<meta name=\"description\" content=\"Catamarano Lagoon 400 S2 - Con la sua larghezza e il modello perfetto per un diportista hobbista, questo modello \u00e8 costruito per avere il massimo della comodit\u00e0.\" \/>\n<meta name=\"robots\" content=\"index, follow, max-snippet:-1, max-image-preview:large, max-video-preview:-1\" \/>\n<link rel=\"canonical\" href=\"https:\/\/orizzontevela.it\/es\/barche\/bali-catspace-maui\/\" \/>\n<meta property=\"og:locale\" content=\"es_ES\" \/>\n<meta property=\"og:type\" content=\"article\" \/>\n<meta property=\"og:title\" content=\"Bali CatSpace \u2013 MAUI - OrizzonteVela\" \/>\n<meta property=\"og:description\" content=\"Catamarano Lagoon 400 S2 - Con la sua larghezza e il modello perfetto per un diportista hobbista, questo modello \u00e8 costruito per avere il massimo della comodit\u00e0.\" \/>\n<meta property=\"og:url\" content=\"https:\/\/orizzontevela.it\/es\/barche\/bali-catspace-maui\/\" \/>\n<meta property=\"og:site_name\" content=\"OrizzonteVela\" \/>\n<meta property=\"article:modified_time\" content=\"2025-09-30T10:23:55+00:00\" \/>\n<meta name=\"twitter:card\" content=\"summary_large_image\" \/>\n<meta name=\"twitter:label1\" content=\"Tiempo de lectura\" \/>\n\t<meta name=\"twitter:data1\" content=\"2 minutos\" \/>\n<script type=\"application\/ld+json\" class=\"yoast-schema-graph\">{\"@context\":\"https:\\\/\\\/schema.org\",\"@graph\":[{\"@type\":\"WebPage\",\"@id\":\"https:\\\/\\\/orizzontevela.it\\\/barche\\\/bali-catspace-maui\\\/\",\"url\":\"https:\\\/\\\/orizzontevela.it\\\/barche\\\/bali-catspace-maui\\\/\",\"name\":\"Bali CatSpace \u2013 MAUI - OrizzonteVela\",\"isPartOf\":{\"@id\":\"https:\\\/\\\/orizzontevela.it\\\/#website\"},\"datePublished\":\"2025-09-29T11:28:21+00:00\",\"dateModified\":\"2025-09-30T10:23:55+00:00\",\"description\":\"Catamarano Lagoon 400 S2 - Con la sua larghezza e il modello perfetto per un diportista hobbista, questo modello \u00e8 costruito per avere il massimo della comodit\u00e0.\",\"breadcrumb\":{\"@id\":\"https:\\\/\\\/orizzontevela.it\\\/barche\\\/bali-catspace-maui\\\/#breadcrumb\"},\"inLanguage\":\"es\",\"potentialAction\":[{\"@type\":\"ReadAction\",\"target\":[\"https:\\\/\\\/orizzontevela.it\\\/barche\\\/bali-catspace-maui\\\/\"]}]},{\"@type\":\"BreadcrumbList\",\"@id\":\"https:\\\/\\\/orizzontevela.it\\\/barche\\\/bali-catspace-maui\\\/#breadcrumb\",\"itemListElement\":[{\"@type\":\"ListItem\",\"position\":1,\"name\":\"Home\",\"item\":\"https:\\\/\\\/orizzontevela.it\\\/\"},{\"@type\":\"ListItem\",\"position\":2,\"name\":\"Barche\",\"item\":\"https:\\\/\\\/orizzontevela.it\\\/barche\\\/\"},{\"@type\":\"ListItem\",\"position\":3,\"name\":\"Bali CatSpace \u2013 MAUI\"}]},{\"@type\":\"WebSite\",\"@id\":\"https:\\\/\\\/orizzontevela.it\\\/#website\",\"url\":\"https:\\\/\\\/orizzontevela.it\\\/\",\"name\":\"OrizzonteVela\",\"description\":\"Un Viaggio, mille orizzonti\",\"publisher\":{\"@id\":\"https:\\\/\\\/orizzontevela.it\\\/#organization\"},\"alternateName\":\"Orizzontevela\",\"potentialAction\":[{\"@type\":\"SearchAction\",\"target\":{\"@type\":\"EntryPoint\",\"urlTemplate\":\"https:\\\/\\\/orizzontevela.it\\\/?s={search_term_string}\"},\"query-input\":{\"@type\":\"PropertyValueSpecification\",\"valueRequired\":true,\"valueName\":\"search_term_string\"}}],\"inLanguage\":\"es\"},{\"@type\":\"Organization\",\"@id\":\"https:\\\/\\\/orizzontevela.it\\\/#organization\",\"name\":\"OrizzonteVela\",\"url\":\"https:\\\/\\\/orizzontevela.it\\\/\",\"logo\":{\"@type\":\"ImageObject\",\"inLanguage\":\"es\",\"@id\":\"https:\\\/\\\/orizzontevela.it\\\/#\\\/schema\\\/logo\\\/image\\\/\",\"url\":\"https:\\\/\\\/orizzontevela.it\\\/wp-content\\\/uploads\\\/2025\\\/09\\\/logo-colore.png\",\"contentUrl\":\"https:\\\/\\\/orizzontevela.it\\\/wp-content\\\/uploads\\\/2025\\\/09\\\/logo-colore.png\",\"width\":2264,\"height\":579,\"caption\":\"OrizzonteVela\"},\"image\":{\"@id\":\"https:\\\/\\\/orizzontevela.it\\\/#\\\/schema\\\/logo\\\/image\\\/\"},\"sameAs\":[\"https:\\\/\\\/www.instagram.com\\\/orizzontevela\\\/\"]}]}<\/script>\n<!-- \/ Yoast SEO plugin. -->","yoast_head_json":{"title":"Bali CatSpace \u2013 MAUI - OrizzonteVela","description":"Catamarano Lagoon 400 S2 - Con la sua larghezza e il modello perfetto per un diportista hobbista, questo modello \u00e8 costruito per avere il massimo della comodit\u00e0.","robots":{"index":"index","follow":"follow","max-snippet":"max-snippet:-1","max-image-preview":"max-image-preview:large","max-video-preview":"max-video-preview:-1"},"canonical":"https:\/\/orizzontevela.it\/es\/barche\/bali-catspace-maui\/","og_locale":"es_ES","og_type":"article","og_title":"Bali CatSpace \u2013 MAUI - OrizzonteVela","og_description":"Catamarano Lagoon 400 S2 - Con la sua larghezza e il modello perfetto per un diportista hobbista, questo modello \u00e8 costruito per avere il massimo della comodit\u00e0.","og_url":"https:\/\/orizzontevela.it\/es\/barche\/bali-catspace-maui\/","og_site_name":"OrizzonteVela","article_modified_time":"2025-09-30T10:23:55+00:00","twitter_card":"summary_large_image","twitter_misc":{"Tiempo de lectura":"2 minutos"},"schema":{"@context":"https:\/\/schema.org","@graph":[{"@type":"WebPage","@id":"https:\/\/orizzontevela.it\/barche\/bali-catspace-maui\/","url":"https:\/\/orizzontevela.it\/barche\/bali-catspace-maui\/","name":"Bali CatSpace \u2013 MAUI - OrizzonteVela","isPartOf":{"@id":"https:\/\/orizzontevela.it\/#website"},"datePublished":"2025-09-29T11:28:21+00:00","dateModified":"2025-09-30T10:23:55+00:00","description":"Catamarano Lagoon 400 S2 - Con la sua larghezza e il modello perfetto per un diportista hobbista, questo modello \u00e8 costruito per avere il massimo della comodit\u00e0.","breadcrumb":{"@id":"https:\/\/orizzontevela.it\/barche\/bali-catspace-maui\/#breadcrumb"},"inLanguage":"es","potentialAction":[{"@type":"ReadAction","target":["https:\/\/orizzontevela.it\/barche\/bali-catspace-maui\/"]}]},{"@type":"BreadcrumbList","@id":"https:\/\/orizzontevela.it\/barche\/bali-catspace-maui\/#breadcrumb","itemListElement":[{"@type":"ListItem","position":1,"name":"Home","item":"https:\/\/orizzontevela.it\/"},{"@type":"ListItem","position":2,"name":"Barche","item":"https:\/\/orizzontevela.it\/barche\/"},{"@type":"ListItem","position":3,"name":"Bali CatSpace \u2013 MAUI"}]},{"@type":"WebSite","@id":"https:\/\/orizzontevela.it\/#website","url":"https:\/\/orizzontevela.it\/","name":"HorizonSail","description":"Un viaje, mil horizontes","publisher":{"@id":"https:\/\/orizzontevela.it\/#organization"},"alternateName":"Orizzontevela","potentialAction":[{"@type":"SearchAction","target":{"@type":"EntryPoint","urlTemplate":"https:\/\/orizzontevela.it\/?s={search_term_string}"},"query-input":{"@type":"PropertyValueSpecification","valueRequired":true,"valueName":"search_term_string"}}],"inLanguage":"es"},{"@type":"Organization","@id":"https:\/\/orizzontevela.it\/#organization","name":"HorizonSail","url":"https:\/\/orizzontevela.it\/","logo":{"@type":"ImageObject","inLanguage":"es","@id":"https:\/\/orizzontevela.it\/#\/schema\/logo\/image\/","url":"https:\/\/orizzontevela.it\/wp-content\/uploads\/2025\/09\/logo-colore.png","contentUrl":"https:\/\/orizzontevela.it\/wp-content\/uploads\/2025\/09\/logo-colore.png","width":2264,"height":579,"caption":"OrizzonteVela"},"image":{"@id":"https:\/\/orizzontevela.it\/#\/schema\/logo\/image\/"},"sameAs":["https:\/\/www.instagram.com\/orizzontevela\/"]}]}},"_links":{"self":[{"href":"https:\/\/orizzontevela.it\/es\/wp-json\/wp\/v2\/pages\/4086","targetHints":{"allow":["GET"]}}],"collection":[{"href":"https:\/\/orizzontevela.it\/es\/wp-json\/wp\/v2\/pages"}],"about":[{"href":"https:\/\/orizzontevela.it\/es\/wp-json\/wp\/v2\/types\/page"}],"author":[{"embeddable":true,"href":"https:\/\/orizzontevela.it\/es\/wp-json\/wp\/v2\/users\/1"}],"replies":[{"embeddable":true,"href":"https:\/\/orizzontevela.it\/es\/wp-json\/wp\/v2\/comments?post=4086"}],"version-history":[{"count":10,"href":"https:\/\/orizzontevela.it\/es\/wp-json\/wp\/v2\/pages\/4086\/revisions"}],"predecessor-version":[{"id":4195,"href":"https:\/\/orizzontevela.it\/es\/wp-json\/wp\/v2\/pages\/4086\/revisions\/4195"}],"up":[{"embeddable":true,"href":"https:\/\/orizzontevela.it\/es\/wp-json\/wp\/v2\/pages\/142"}],"wp:attachment":[{"href":"https:\/\/orizzontevela.it\/es\/wp-json\/wp\/v2\/media?parent=4086"}],"curies":[{"name":"wp","href":"https:\/\/api.w.org\/{rel}","templated":true}]}}