{"id":4121,"date":"2025-09-30T09:14:07","date_gmt":"2025-09-30T09:14:07","guid":{"rendered":"https:\/\/orizzontevela.it\/?page_id=4121"},"modified":"2025-09-30T09:17:51","modified_gmt":"2025-09-30T09:17:51","slug":"storia","status":"publish","type":"page","link":"https:\/\/orizzontevela.it\/es\/capo-carbonara\/territorio\/storia\/","title":{"rendered":"Historia"},"content":{"rendered":"<div data-elementor-type=\"wp-page\" data-elementor-id=\"4121\" class=\"elementor elementor-4121\" data-elementor-post-type=\"page\">\n\t\t\t\t<div class=\"elementor-element elementor-element-e5a54ef e-flex e-con-boxed e-con e-parent\" data-id=\"e5a54ef\" data-element_type=\"container\" data-e-type=\"container\">\n\t\t\t\t\t<div class=\"e-con-inner\">\n\t\t\t\t<div class=\"elementor-element elementor-element-e26ed89 elementor-widget elementor-widget-image\" data-id=\"e26ed89\" data-element_type=\"widget\" data-e-type=\"widget\" data-widget_type=\"image.default\">\n\t\t\t\t\t\t\t\t\t\t\t\t\t\t\t<img fetchpriority=\"high\" decoding=\"async\" width=\"800\" height=\"250\" src=\"https:\/\/orizzontevela.it\/wp-content\/uploads\/2025\/09\/bread-posidonia-1024x320.jpg\" class=\"attachment-large size-large wp-image-4122\" alt=\"\" srcset=\"https:\/\/orizzontevela.it\/wp-content\/uploads\/2025\/09\/bread-posidonia-1024x320.jpg 1024w, https:\/\/orizzontevela.it\/wp-content\/uploads\/2025\/09\/bread-posidonia-300x94.jpg 300w, https:\/\/orizzontevela.it\/wp-content\/uploads\/2025\/09\/bread-posidonia-768x240.jpg 768w, https:\/\/orizzontevela.it\/wp-content\/uploads\/2025\/09\/bread-posidonia-1536x480.jpg 1536w, https:\/\/orizzontevela.it\/wp-content\/uploads\/2025\/09\/bread-posidonia.jpg 1920w\" sizes=\"(max-width: 800px) 100vw, 800px\" \/>\t\t\t\t\t\t\t\t\t\t\t\t\t\t\t<\/div>\n\t\t\t\t\t<\/div>\n\t\t\t\t<\/div>\n\t\t<div class=\"elementor-element elementor-element-8cfe2b5 e-flex e-con-boxed e-con e-parent\" data-id=\"8cfe2b5\" data-element_type=\"container\" data-e-type=\"container\">\n\t\t\t\t\t<div class=\"e-con-inner\">\n\t\t\t\t<div class=\"elementor-element elementor-element-ccb840e elementor-widget elementor-widget-text-editor\" data-id=\"ccb840e\" data-element_type=\"widget\" data-e-type=\"widget\" data-widget_type=\"text-editor.default\">\n\t\t\t\t\t\t\t\t\t<p>Las zonas marinas protegidas son \"medios marinos constituidos por las aguas y sus fondos, as\u00ed como por las franjas de litoral frente a ellos, que presentan un inter\u00e9s significativo debido a sus caracter\u00edsticas naturales, geomorfol\u00f3gicas, f\u00edsicas y bioqu\u00edmicas, con especial atenci\u00f3n a la flora y fauna marinas y costeras, y debido a su importancia cient\u00edfica, ecol\u00f3gica, cultural, educativa y econ\u00f3mica\" (Ley n\u00ba 979\/82 de Defensa del Mar).<br \/><br \/>El \u00c1rea Marina Protegida de Capo Carbonara (AMPCC) est\u00e1 situada en la parte sudoriental de Cerde\u00f1a y fue establecida por Decreto del Ministerio de Medio Ambiente en 1998, modificado posteriormente en 1999 y sustituido en su totalidad en 2012. Con una superficie aproximada de 14.360 hect\u00e1reas, la AMPCC es la tercera zona marina m\u00e1s extensa de Cerde\u00f1a y est\u00e1 dividida en cuatro niveles de protecci\u00f3n: zona A (reserva integral), zona B (reserva general), zona C (reserva parcial) y zona D (reserva experimental).<br \/><br \/>El territorio del \u00c1rea Marina Protegida de Capo Carbonara se extiende desde Cala Pisano hasta Punta Is Proceddus e incluye la franja de mar que rodea las islas de Serpentara y Cavoli, as\u00ed como numerosos arrecifes menores como Congress, Proci, Santo Stefano y Variglioni, y varios bajos como Anchors, Berni, Dotti, Libeccio, Mezzo, Piscaddedus y Santa Caterina.<br \/><br \/>Las hermosas rocas de las playas, las extensas praderas de Posidonia oceanica y los extendidos sedimentos biocl\u00e1sticos marinos confieren a Capo Carbonara un paisaje terrestre y marino de gran valor medioambiental. Debido a este gran valor, la AMP tambi\u00e9n ha sido reconocida como zona ASPIM (Zona Especialmente Protegida de Importancia para el Mediterr\u00e1neo) en virtud del Convenio de Barcelona para la Protecci\u00f3n del Mar Mediterr\u00e1neo contra los Riesgos de Contaminaci\u00f3n. Adem\u00e1s, su per\u00edmetro coincide casi en su totalidad con el Lugar de Inter\u00e9s Comunitario Isola dei Cavoli, Serpentara, Punta Molentis y Campulongu, establecido en virtud de la Directiva 92\/43\/CEE sobre h\u00e1bitats, y existen varias Zonas de Especial Protecci\u00f3n para las Aves (ZEPA) establecidas en virtud de la Directiva 79\/409\/CEE sobre aves.<br \/><br \/>Hay numerosas playas que dan a la ZMP, una especie de istmo con el humedal del estanque de Notteri en su centro, rodeado por una de las costas m\u00e1s variadas y fascinantes del Mediterr\u00e1neo.<br \/><br \/>En el paisaje submarino, es posible admirar las formas de rocas gran\u00edticas, pin\u00e1culos, depresiones, hendiduras y tafoni, a menudo coloreadas por el amarillo de las margaritas de mar o el rojo de las gorgonias, donde tranquilas poblaciones de meros, dentones y grandes doradas y bancos de barracudas mediterr\u00e1neas patrullan en busca de alimento. Entre los mam\u00edferos marinos, adem\u00e1s de la frecuente presencia del delf\u00edn costero, el delf\u00edn mular, en los \u00faltimos a\u00f1os se han avistado algunos ejemplares de rorcual com\u00fan, cachalote, delf\u00edn com\u00fan y estenela en las aguas m\u00e1s profundas de la Zona Marina Protegida.<br \/><br \/><b>Curiosidades<\/b>\u00a0\u00bfSab\u00edas que el \u00c1rea Marina Protegida de Capo Carbonara toma su nombre del promontorio del mismo nombre? Deriva del antiguo nombre de Villasimius, \"Crabonaxa\", vinculado al uso de la madera para la producci\u00f3n de carb\u00f3n vegetal.<\/p>\t\t\t\t\t\t\t\t<\/div>\n\t\t\t\t\t<\/div>\n\t\t\t\t<\/div>\n\t\t\t\t<\/div>\n\t\t\n    <div class=\"xs_social_share_widget xs_share_url after_content \t\tmain_content  wslu-style-1 wslu-share-box-shaped wslu-fill-colored wslu-none wslu-share-horizontal wslu-theme-font-no wslu-main_content\">\n\n\t\t\n        <ul>\n\t\t\t        <\/ul>\n    <\/div>","protected":false},"excerpt":{"rendered":"<p>Le aree marine protette sono \u201cambienti marini costituiti dalle acque e dai relativi fondali nonch\u00e9 dai tratti di costa prospicienti, che presentano un rilevante interesse per le caratteristiche naturali, geomorfologiche, fisiche, biochimiche, con particolare riguardo alla flora e alla fauna marine e costiere e per l&#8217;importanza scientifica, ecologica, culturale, educativa ed economica che rivestono\u201d (Legge [&hellip;]<\/p>\n","protected":false},"author":1,"featured_media":0,"parent":4126,"menu_order":0,"comment_status":"closed","ping_status":"closed","template":"","meta":{"postBodyCss":"","postBodyMargin":[],"postBodyPadding":[],"postBodyBackground":{"backgroundType":"classic","gradient":""},"footnotes":""},"class_list":["post-4121","page","type-page","status-publish","hentry"],"yoast_head":"<!-- This site is optimized with the Yoast SEO plugin v27.5 - https:\/\/yoast.com\/product\/yoast-seo-wordpress\/ -->\n<title>Storia - OrizzonteVela<\/title>\n<meta name=\"robots\" content=\"index, follow, max-snippet:-1, max-image-preview:large, max-video-preview:-1\" \/>\n<link rel=\"canonical\" href=\"https:\/\/orizzontevela.it\/es\/capo-carbonara\/territorio\/storia\/\" \/>\n<meta property=\"og:locale\" content=\"es_ES\" \/>\n<meta property=\"og:type\" content=\"article\" \/>\n<meta property=\"og:title\" content=\"Storia - OrizzonteVela\" \/>\n<meta property=\"og:description\" content=\"Le aree marine protette sono \u201cambienti marini costituiti dalle acque e dai relativi fondali nonch\u00e9 dai tratti di costa prospicienti, che presentano un rilevante interesse per le caratteristiche naturali, geomorfologiche, fisiche, biochimiche, con particolare riguardo alla flora e alla fauna marine e costiere e per l&#8217;importanza scientifica, ecologica, culturale, educativa ed economica che rivestono\u201d (Legge [&hellip;]\" \/>\n<meta property=\"og:url\" content=\"https:\/\/orizzontevela.it\/es\/capo-carbonara\/territorio\/storia\/\" \/>\n<meta property=\"og:site_name\" content=\"OrizzonteVela\" \/>\n<meta property=\"article:modified_time\" content=\"2025-09-30T09:17:51+00:00\" \/>\n<meta property=\"og:image\" content=\"https:\/\/orizzontevela.it\/wp-content\/uploads\/2025\/09\/bread-posidonia-1024x320.jpg\" \/>\n<meta name=\"twitter:card\" content=\"summary_large_image\" \/>\n<meta name=\"twitter:label1\" content=\"Tiempo de lectura\" \/>\n\t<meta name=\"twitter:data1\" content=\"3 minutos\" \/>\n<script type=\"application\/ld+json\" class=\"yoast-schema-graph\">{\"@context\":\"https:\\\/\\\/schema.org\",\"@graph\":[{\"@type\":\"WebPage\",\"@id\":\"https:\\\/\\\/orizzontevela.it\\\/capo-carbonara\\\/territorio\\\/storia\\\/\",\"url\":\"https:\\\/\\\/orizzontevela.it\\\/capo-carbonara\\\/territorio\\\/storia\\\/\",\"name\":\"Storia - OrizzonteVela\",\"isPartOf\":{\"@id\":\"https:\\\/\\\/orizzontevela.it\\\/#website\"},\"primaryImageOfPage\":{\"@id\":\"https:\\\/\\\/orizzontevela.it\\\/capo-carbonara\\\/territorio\\\/storia\\\/#primaryimage\"},\"image\":{\"@id\":\"https:\\\/\\\/orizzontevela.it\\\/capo-carbonara\\\/territorio\\\/storia\\\/#primaryimage\"},\"thumbnailUrl\":\"https:\\\/\\\/orizzontevela.it\\\/wp-content\\\/uploads\\\/2025\\\/09\\\/bread-posidonia-1024x320.jpg\",\"datePublished\":\"2025-09-30T09:14:07+00:00\",\"dateModified\":\"2025-09-30T09:17:51+00:00\",\"breadcrumb\":{\"@id\":\"https:\\\/\\\/orizzontevela.it\\\/capo-carbonara\\\/territorio\\\/storia\\\/#breadcrumb\"},\"inLanguage\":\"es\",\"potentialAction\":[{\"@type\":\"ReadAction\",\"target\":[\"https:\\\/\\\/orizzontevela.it\\\/capo-carbonara\\\/territorio\\\/storia\\\/\"]}]},{\"@type\":\"ImageObject\",\"inLanguage\":\"es\",\"@id\":\"https:\\\/\\\/orizzontevela.it\\\/capo-carbonara\\\/territorio\\\/storia\\\/#primaryimage\",\"url\":\"https:\\\/\\\/orizzontevela.it\\\/wp-content\\\/uploads\\\/2025\\\/09\\\/bread-posidonia-1024x320.jpg\",\"contentUrl\":\"https:\\\/\\\/orizzontevela.it\\\/wp-content\\\/uploads\\\/2025\\\/09\\\/bread-posidonia-1024x320.jpg\"},{\"@type\":\"BreadcrumbList\",\"@id\":\"https:\\\/\\\/orizzontevela.it\\\/capo-carbonara\\\/territorio\\\/storia\\\/#breadcrumb\",\"itemListElement\":[{\"@type\":\"ListItem\",\"position\":1,\"name\":\"Home\",\"item\":\"https:\\\/\\\/orizzontevela.it\\\/\"},{\"@type\":\"ListItem\",\"position\":2,\"name\":\"Capo Carbonara\",\"item\":\"https:\\\/\\\/orizzontevela.it\\\/capo-carbonara\\\/\"},{\"@type\":\"ListItem\",\"position\":3,\"name\":\"Territorio\",\"item\":\"https:\\\/\\\/orizzontevela.it\\\/capo-carbonara\\\/territorio\\\/\"},{\"@type\":\"ListItem\",\"position\":4,\"name\":\"Storia\"}]},{\"@type\":\"WebSite\",\"@id\":\"https:\\\/\\\/orizzontevela.it\\\/#website\",\"url\":\"https:\\\/\\\/orizzontevela.it\\\/\",\"name\":\"OrizzonteVela\",\"description\":\"Un Viaggio, mille orizzonti\",\"publisher\":{\"@id\":\"https:\\\/\\\/orizzontevela.it\\\/#organization\"},\"alternateName\":\"Orizzontevela\",\"potentialAction\":[{\"@type\":\"SearchAction\",\"target\":{\"@type\":\"EntryPoint\",\"urlTemplate\":\"https:\\\/\\\/orizzontevela.it\\\/?s={search_term_string}\"},\"query-input\":{\"@type\":\"PropertyValueSpecification\",\"valueRequired\":true,\"valueName\":\"search_term_string\"}}],\"inLanguage\":\"es\"},{\"@type\":\"Organization\",\"@id\":\"https:\\\/\\\/orizzontevela.it\\\/#organization\",\"name\":\"OrizzonteVela\",\"url\":\"https:\\\/\\\/orizzontevela.it\\\/\",\"logo\":{\"@type\":\"ImageObject\",\"inLanguage\":\"es\",\"@id\":\"https:\\\/\\\/orizzontevela.it\\\/#\\\/schema\\\/logo\\\/image\\\/\",\"url\":\"https:\\\/\\\/orizzontevela.it\\\/wp-content\\\/uploads\\\/2025\\\/09\\\/logo-colore.png\",\"contentUrl\":\"https:\\\/\\\/orizzontevela.it\\\/wp-content\\\/uploads\\\/2025\\\/09\\\/logo-colore.png\",\"width\":2264,\"height\":579,\"caption\":\"OrizzonteVela\"},\"image\":{\"@id\":\"https:\\\/\\\/orizzontevela.it\\\/#\\\/schema\\\/logo\\\/image\\\/\"},\"sameAs\":[\"https:\\\/\\\/www.instagram.com\\\/orizzontevela\\\/\"]}]}<\/script>\n<!-- \/ Yoast SEO plugin. -->","yoast_head_json":{"title":"Storia - OrizzonteVela","robots":{"index":"index","follow":"follow","max-snippet":"max-snippet:-1","max-image-preview":"max-image-preview:large","max-video-preview":"max-video-preview:-1"},"canonical":"https:\/\/orizzontevela.it\/es\/capo-carbonara\/territorio\/storia\/","og_locale":"es_ES","og_type":"article","og_title":"Storia - OrizzonteVela","og_description":"Le aree marine protette sono \u201cambienti marini costituiti dalle acque e dai relativi fondali nonch\u00e9 dai tratti di costa prospicienti, che presentano un rilevante interesse per le caratteristiche naturali, geomorfologiche, fisiche, biochimiche, con particolare riguardo alla flora e alla fauna marine e costiere e per l&#8217;importanza scientifica, ecologica, culturale, educativa ed economica che rivestono\u201d (Legge [&hellip;]","og_url":"https:\/\/orizzontevela.it\/es\/capo-carbonara\/territorio\/storia\/","og_site_name":"OrizzonteVela","article_modified_time":"2025-09-30T09:17:51+00:00","og_image":[{"url":"https:\/\/orizzontevela.it\/wp-content\/uploads\/2025\/09\/bread-posidonia-1024x320.jpg","type":"","width":"","height":""}],"twitter_card":"summary_large_image","twitter_misc":{"Tiempo de lectura":"3 minutos"},"schema":{"@context":"https:\/\/schema.org","@graph":[{"@type":"WebPage","@id":"https:\/\/orizzontevela.it\/capo-carbonara\/territorio\/storia\/","url":"https:\/\/orizzontevela.it\/capo-carbonara\/territorio\/storia\/","name":"Storia - OrizzonteVela","isPartOf":{"@id":"https:\/\/orizzontevela.it\/#website"},"primaryImageOfPage":{"@id":"https:\/\/orizzontevela.it\/capo-carbonara\/territorio\/storia\/#primaryimage"},"image":{"@id":"https:\/\/orizzontevela.it\/capo-carbonara\/territorio\/storia\/#primaryimage"},"thumbnailUrl":"https:\/\/orizzontevela.it\/wp-content\/uploads\/2025\/09\/bread-posidonia-1024x320.jpg","datePublished":"2025-09-30T09:14:07+00:00","dateModified":"2025-09-30T09:17:51+00:00","breadcrumb":{"@id":"https:\/\/orizzontevela.it\/capo-carbonara\/territorio\/storia\/#breadcrumb"},"inLanguage":"es","potentialAction":[{"@type":"ReadAction","target":["https:\/\/orizzontevela.it\/capo-carbonara\/territorio\/storia\/"]}]},{"@type":"ImageObject","inLanguage":"es","@id":"https:\/\/orizzontevela.it\/capo-carbonara\/territorio\/storia\/#primaryimage","url":"https:\/\/orizzontevela.it\/wp-content\/uploads\/2025\/09\/bread-posidonia-1024x320.jpg","contentUrl":"https:\/\/orizzontevela.it\/wp-content\/uploads\/2025\/09\/bread-posidonia-1024x320.jpg"},{"@type":"BreadcrumbList","@id":"https:\/\/orizzontevela.it\/capo-carbonara\/territorio\/storia\/#breadcrumb","itemListElement":[{"@type":"ListItem","position":1,"name":"Home","item":"https:\/\/orizzontevela.it\/"},{"@type":"ListItem","position":2,"name":"Capo Carbonara","item":"https:\/\/orizzontevela.it\/capo-carbonara\/"},{"@type":"ListItem","position":3,"name":"Territorio","item":"https:\/\/orizzontevela.it\/capo-carbonara\/territorio\/"},{"@type":"ListItem","position":4,"name":"Storia"}]},{"@type":"WebSite","@id":"https:\/\/orizzontevela.it\/#website","url":"https:\/\/orizzontevela.it\/","name":"HorizonSail","description":"Un viaje, mil horizontes","publisher":{"@id":"https:\/\/orizzontevela.it\/#organization"},"alternateName":"Orizzontevela","potentialAction":[{"@type":"SearchAction","target":{"@type":"EntryPoint","urlTemplate":"https:\/\/orizzontevela.it\/?s={search_term_string}"},"query-input":{"@type":"PropertyValueSpecification","valueRequired":true,"valueName":"search_term_string"}}],"inLanguage":"es"},{"@type":"Organization","@id":"https:\/\/orizzontevela.it\/#organization","name":"HorizonSail","url":"https:\/\/orizzontevela.it\/","logo":{"@type":"ImageObject","inLanguage":"es","@id":"https:\/\/orizzontevela.it\/#\/schema\/logo\/image\/","url":"https:\/\/orizzontevela.it\/wp-content\/uploads\/2025\/09\/logo-colore.png","contentUrl":"https:\/\/orizzontevela.it\/wp-content\/uploads\/2025\/09\/logo-colore.png","width":2264,"height":579,"caption":"OrizzonteVela"},"image":{"@id":"https:\/\/orizzontevela.it\/#\/schema\/logo\/image\/"},"sameAs":["https:\/\/www.instagram.com\/orizzontevela\/"]}]}},"_links":{"self":[{"href":"https:\/\/orizzontevela.it\/es\/wp-json\/wp\/v2\/pages\/4121","targetHints":{"allow":["GET"]}}],"collection":[{"href":"https:\/\/orizzontevela.it\/es\/wp-json\/wp\/v2\/pages"}],"about":[{"href":"https:\/\/orizzontevela.it\/es\/wp-json\/wp\/v2\/types\/page"}],"author":[{"embeddable":true,"href":"https:\/\/orizzontevela.it\/es\/wp-json\/wp\/v2\/users\/1"}],"replies":[{"embeddable":true,"href":"https:\/\/orizzontevela.it\/es\/wp-json\/wp\/v2\/comments?post=4121"}],"version-history":[{"count":4,"href":"https:\/\/orizzontevela.it\/es\/wp-json\/wp\/v2\/pages\/4121\/revisions"}],"predecessor-version":[{"id":4128,"href":"https:\/\/orizzontevela.it\/es\/wp-json\/wp\/v2\/pages\/4121\/revisions\/4128"}],"up":[{"embeddable":true,"href":"https:\/\/orizzontevela.it\/es\/wp-json\/wp\/v2\/pages\/4126"}],"wp:attachment":[{"href":"https:\/\/orizzontevela.it\/es\/wp-json\/wp\/v2\/media?parent=4121"}],"curies":[{"name":"wp","href":"https:\/\/api.w.org\/{rel}","templated":true}]}}