{"id":4157,"date":"2025-09-30T09:40:50","date_gmt":"2025-09-30T09:40:50","guid":{"rendered":"https:\/\/orizzontevela.it\/?page_id=4157"},"modified":"2025-09-30T09:44:26","modified_gmt":"2025-09-30T09:44:26","slug":"attivita-consentite","status":"publish","type":"page","link":"https:\/\/orizzontevela.it\/es\/capo-carbonara\/regole\/attivita-consentite\/","title":{"rendered":"Actividades permitidas"},"content":{"rendered":"<div data-elementor-type=\"wp-page\" data-elementor-id=\"4157\" class=\"elementor elementor-4157\" data-elementor-post-type=\"page\">\n\t\t\t\t<div class=\"elementor-element elementor-element-93fc140 e-flex e-con-boxed e-con e-parent\" data-id=\"93fc140\" data-element_type=\"container\" data-e-type=\"container\">\n\t\t\t\t\t<div class=\"e-con-inner\">\n\t\t\t\t<div class=\"elementor-element elementor-element-1de9da2 elementor-widget elementor-widget-image\" data-id=\"1de9da2\" data-element_type=\"widget\" data-e-type=\"widget\" data-widget_type=\"image.default\">\n\t\t\t\t\t\t\t\t\t\t\t\t\t\t\t<img fetchpriority=\"high\" decoding=\"async\" width=\"800\" height=\"250\" src=\"https:\/\/orizzontevela.it\/wp-content\/uploads\/2025\/09\/bread-fauna-1-1024x320.jpg\" class=\"attachment-large size-large wp-image-4161\" alt=\"\" srcset=\"https:\/\/orizzontevela.it\/wp-content\/uploads\/2025\/09\/bread-fauna-1-1024x320.jpg 1024w, https:\/\/orizzontevela.it\/wp-content\/uploads\/2025\/09\/bread-fauna-1-300x94.jpg 300w, https:\/\/orizzontevela.it\/wp-content\/uploads\/2025\/09\/bread-fauna-1-768x240.jpg 768w, https:\/\/orizzontevela.it\/wp-content\/uploads\/2025\/09\/bread-fauna-1-1536x480.jpg 1536w, https:\/\/orizzontevela.it\/wp-content\/uploads\/2025\/09\/bread-fauna-1.jpg 1920w\" sizes=\"(max-width: 800px) 100vw, 800px\" \/>\t\t\t\t\t\t\t\t\t\t\t\t\t\t\t<\/div>\n\t\t\t\t\t<\/div>\n\t\t\t\t<\/div>\n\t\t<div class=\"elementor-element elementor-element-9e1ac39 e-flex e-con-boxed e-con e-parent\" data-id=\"9e1ac39\" data-element_type=\"container\" data-e-type=\"container\">\n\t\t\t\t\t<div class=\"e-con-inner\">\n\t\t\t\t<div class=\"elementor-element elementor-element-056335d elementor-widget elementor-widget-text-editor\" data-id=\"056335d\" data-element_type=\"widget\" data-e-type=\"widget\" data-widget_type=\"text-editor.default\">\n\t\t\t\t\t\t\t\t\t<p><strong>Zona A (Reserva integral)<\/strong><br \/>Est\u00e1 permitido:<\/p><ul><li>El acceso se concede al personal del organismo gestor, para actividades de servicio, y al personal cient\u00edfico, para la realizaci\u00f3n de actividades de investigaci\u00f3n autorizadas.<\/li><li>La organizaci\u00f3n de visitas subacu\u00e1ticas guiadas, reguladas por la Autoridad de Gesti\u00f3n, en zonas lim\u00edtrofes, seg\u00fan itinerarios preestablecidos, teniendo en cuenta los requisitos de alta protecci\u00f3n medioambiental.<\/li><li>Actividades de rescate y vigilancia.<\/li><li>Actividades de servicios realizadas por cuenta de la Autoridad de Gesti\u00f3n<\/li><\/ul><p><br \/>Est\u00e1 prohibido:<\/p><ul><li>Ba\u00f1arse.<\/li><li>Pesca profesional, deportiva y submarina.<\/li><li>El tr\u00e1nsito de embarcaciones, salvo las pertenecientes a la Zona Marina Protegida o autorizadas por ella.<\/li><\/ul><p><br \/><br \/><strong>Zona B (Reserva General)<\/strong><br \/>Las actividades de la Zona A est\u00e1n permitidas.<br \/>Tambi\u00e9n est\u00e1n permitidos:<\/p><ul><li>La navegaci\u00f3n de buques y embarcaciones a baja velocidad que no supere los 10 nudos.<\/li><li>Las visitas subacu\u00e1ticas guiadas est\u00e1n reguladas por la Autoridad de Gesti\u00f3n de la Zona Marina Protegida de acuerdo con los procedimientos establecidos en el Reglamento de Aplicaci\u00f3n y Organizaci\u00f3n.<\/li><li>Ba\u00f1arse.<\/li><li>Buceo libre sin escafandra aut\u00f3noma en pleno cumplimiento de las disposiciones de la Autoridad de Gesti\u00f3n y de las \u00f3rdenes de la Capitan\u00eda Mar\u00edtima.<\/li><li>Atraque en las instalaciones adecuadas proporcionadas por la Autoridad de Gesti\u00f3n o compatibles con la necesidad de proteger el fondo marino (fondo arenoso o rocoso).<\/li><li>Pesca artesanal, con artes selectivos que no da\u00f1en el fondo marino (redes de enmalle fijas, nasas y trasmallos), \u00fanicamente a los pescadores profesionales residentes en el municipio de Villasimius en la fecha de entrada en vigor del Decreto n.\u00ba 60, de 7 de febrero de 2012, de conformidad con los procedimientos establecidos en el Reglamento de Ejecuci\u00f3n y Organizaci\u00f3n.<\/li><li>Pesca deportiva s\u00f3lo a residentes o asimilados (propietarios de segundas residencias, amarre en la Liga Naval de Villasimius, amarre anual en la Marina de Villasimius), con las t\u00e9cnicas y cantidades previstas en el Reglamento de Aplicaci\u00f3n y Organizaci\u00f3n.<\/li><li>Actividades de observaci\u00f3n de ballenas (observaci\u00f3n de cet\u00e1ceos) en la forma prevista en el Reglamento de aplicaci\u00f3n y organizaci\u00f3n.<\/li><\/ul><p><br \/><br \/>Est\u00e1n prohibidos:<\/p><ul><li>Pesca submarina.<\/li><li>Buceo.<\/li><li>El uso de motos acu\u00e1ticas o motos de agua y medios similares, la pr\u00e1ctica del esqu\u00ed acu\u00e1tico y deportes n\u00e1uticos similares.<\/li><\/ul><p><br \/><br \/><strong>Zona C (Reserva parcial)<\/strong><br \/>Las actividades de la Zona B est\u00e1n permitidas.<br \/>Tambi\u00e9n est\u00e1n permitidos:<\/p><ul><li>Acceso a embarcaciones de recreo.<\/li><li>Navegaci\u00f3n de buques y embarcaciones a baja velocidad que no supere los 10 nudos. Atraque en las estructuras apropiadas proporcionadas por la Autoridad de Gesti\u00f3n o compatibles con la necesidad de proteger el lecho marino (lecho marino arenoso o rocoso).<\/li><li>Pesca artesanal, con artes selectivos que no da\u00f1en el fondo marino (redes de enmalle fijas, nasas y trasmallos), \u00fanicamente a los pescadores profesionales residentes en el municipio de Villasimius en la fecha de entrada en vigor del Decreto n.\u00ba 60, de 7 de febrero de 2012, de conformidad con los procedimientos establecidos en el Reglamento de Ejecuci\u00f3n y Organizaci\u00f3n.<\/li><li>Buceo libre con y\/o sin escafandra aut\u00f3noma previa autorizaci\u00f3n de la entidad gestora en los t\u00e9rminos del Reglamento de Ejecuci\u00f3n y Organizaci\u00f3n.<\/li><li>La pesca deportiva est\u00e1 abierta a los residentes o asimilados (propietarios de segundas residencias, amarre en la Liga Naval de Villasimius, amarre anual en el Puerto Deportivo de Villasimius) y a los no residentes, con las t\u00e9cnicas y cantidades previstas en el Reglamento de Aplicaci\u00f3n y Organizaci\u00f3n.<\/li><li>Actividades de observaci\u00f3n de ballenas (observaci\u00f3n de cet\u00e1ceos) en la forma prevista en el Reglamento de aplicaci\u00f3n y organizaci\u00f3n.<\/li><\/ul><p><br \/><br \/>Est\u00e1n prohibidos:<\/p><ul><li>Pesca submarina<\/li><li>El uso de motos acu\u00e1ticas o motos de agua y medios similares, la pr\u00e1ctica del esqu\u00ed acu\u00e1tico y deportes n\u00e1uticos similares.<\/li><\/ul><p><br \/><br \/><strong>Zona D (Reserva Experimental)<\/strong><br \/>Las actividades de la zona C est\u00e1n permitidas.<br \/>Tambi\u00e9n est\u00e1n permitidos:<\/p><ul><li>La navegaci\u00f3n de buques y embarcaciones a baja velocidad que no supere los 20 nudos.<\/li><\/ul><p><br \/>Est\u00e1n prohibidos:<\/p><ul><li>Pesca submarina.<\/li><li>El uso de motos acu\u00e1ticas o motos de agua y medios similares, la pr\u00e1ctica del esqu\u00ed acu\u00e1tico y deportes n\u00e1uticos similares.<\/li><\/ul>\t\t\t\t\t\t\t\t<\/div>\n\t\t\t\t\t<\/div>\n\t\t\t\t<\/div>\n\t\t\t\t<\/div>\n\t\t\n    <div class=\"xs_social_share_widget xs_share_url after_content \t\tmain_content  wslu-style-1 wslu-share-box-shaped wslu-fill-colored wslu-none wslu-share-horizontal wslu-theme-font-no wslu-main_content\">\n\n\t\t\n        <ul>\n\t\t\t        <\/ul>\n    <\/div>","protected":false},"excerpt":{"rendered":"<p>Zona A (Riserva Integrale)\u00c8 consentito: L\u2019accesso al personale dell\u2019Ente Gestore, per attivit\u00e0 di servizio, e al personale scientifico, per lo svolgimento di attivit\u00e0 di ricerca autorizzate. La realizzazione di visite guidate subacquee, regolamentate dall\u2019Ente Gestore, in aree limitrofe, secondo percorsi prefissati, tenendo comunque conto delle esigenze di elevata tutela ambientale. Le attivit\u00e0 di soccorso e [&hellip;]<\/p>\n","protected":false},"author":1,"featured_media":0,"parent":4150,"menu_order":0,"comment_status":"closed","ping_status":"closed","template":"","meta":{"postBodyCss":"","postBodyMargin":[],"postBodyPadding":[],"postBodyBackground":{"backgroundType":"classic","gradient":""},"footnotes":""},"class_list":["post-4157","page","type-page","status-publish","hentry"],"yoast_head":"<!-- This site is optimized with the Yoast SEO plugin v27.5 - https:\/\/yoast.com\/product\/yoast-seo-wordpress\/ -->\n<title>Attivit\u00e0 Consentite - OrizzonteVela<\/title>\n<meta name=\"robots\" content=\"index, follow, max-snippet:-1, max-image-preview:large, max-video-preview:-1\" \/>\n<link rel=\"canonical\" href=\"https:\/\/orizzontevela.it\/es\/capo-carbonara\/regole\/attivita-consentite\/\" \/>\n<meta property=\"og:locale\" content=\"es_ES\" \/>\n<meta property=\"og:type\" content=\"article\" \/>\n<meta property=\"og:title\" content=\"Attivit\u00e0 Consentite - OrizzonteVela\" \/>\n<meta property=\"og:description\" content=\"Zona A (Riserva Integrale)\u00c8 consentito: L\u2019accesso al personale dell\u2019Ente Gestore, per attivit\u00e0 di servizio, e al personale scientifico, per lo svolgimento di attivit\u00e0 di ricerca autorizzate. La realizzazione di visite guidate subacquee, regolamentate dall\u2019Ente Gestore, in aree limitrofe, secondo percorsi prefissati, tenendo comunque conto delle esigenze di elevata tutela ambientale. Le attivit\u00e0 di soccorso e [&hellip;]\" \/>\n<meta property=\"og:url\" content=\"https:\/\/orizzontevela.it\/es\/capo-carbonara\/regole\/attivita-consentite\/\" \/>\n<meta property=\"og:site_name\" content=\"OrizzonteVela\" \/>\n<meta property=\"article:modified_time\" content=\"2025-09-30T09:44:26+00:00\" \/>\n<meta property=\"og:image\" content=\"https:\/\/orizzontevela.it\/wp-content\/uploads\/2025\/09\/bread-fauna-1-1024x320.jpg\" \/>\n<meta name=\"twitter:card\" content=\"summary_large_image\" \/>\n<meta name=\"twitter:label1\" content=\"Tiempo de lectura\" \/>\n\t<meta name=\"twitter:data1\" content=\"4 minutos\" \/>\n<script type=\"application\/ld+json\" class=\"yoast-schema-graph\">{\"@context\":\"https:\\\/\\\/schema.org\",\"@graph\":[{\"@type\":\"WebPage\",\"@id\":\"https:\\\/\\\/orizzontevela.it\\\/capo-carbonara\\\/regole\\\/attivita-consentite\\\/\",\"url\":\"https:\\\/\\\/orizzontevela.it\\\/capo-carbonara\\\/regole\\\/attivita-consentite\\\/\",\"name\":\"Attivit\u00e0 Consentite - OrizzonteVela\",\"isPartOf\":{\"@id\":\"https:\\\/\\\/orizzontevela.it\\\/#website\"},\"primaryImageOfPage\":{\"@id\":\"https:\\\/\\\/orizzontevela.it\\\/capo-carbonara\\\/regole\\\/attivita-consentite\\\/#primaryimage\"},\"image\":{\"@id\":\"https:\\\/\\\/orizzontevela.it\\\/capo-carbonara\\\/regole\\\/attivita-consentite\\\/#primaryimage\"},\"thumbnailUrl\":\"https:\\\/\\\/orizzontevela.it\\\/wp-content\\\/uploads\\\/2025\\\/09\\\/bread-fauna-1-1024x320.jpg\",\"datePublished\":\"2025-09-30T09:40:50+00:00\",\"dateModified\":\"2025-09-30T09:44:26+00:00\",\"breadcrumb\":{\"@id\":\"https:\\\/\\\/orizzontevela.it\\\/capo-carbonara\\\/regole\\\/attivita-consentite\\\/#breadcrumb\"},\"inLanguage\":\"es\",\"potentialAction\":[{\"@type\":\"ReadAction\",\"target\":[\"https:\\\/\\\/orizzontevela.it\\\/capo-carbonara\\\/regole\\\/attivita-consentite\\\/\"]}]},{\"@type\":\"ImageObject\",\"inLanguage\":\"es\",\"@id\":\"https:\\\/\\\/orizzontevela.it\\\/capo-carbonara\\\/regole\\\/attivita-consentite\\\/#primaryimage\",\"url\":\"https:\\\/\\\/orizzontevela.it\\\/wp-content\\\/uploads\\\/2025\\\/09\\\/bread-fauna-1-1024x320.jpg\",\"contentUrl\":\"https:\\\/\\\/orizzontevela.it\\\/wp-content\\\/uploads\\\/2025\\\/09\\\/bread-fauna-1-1024x320.jpg\"},{\"@type\":\"BreadcrumbList\",\"@id\":\"https:\\\/\\\/orizzontevela.it\\\/capo-carbonara\\\/regole\\\/attivita-consentite\\\/#breadcrumb\",\"itemListElement\":[{\"@type\":\"ListItem\",\"position\":1,\"name\":\"Home\",\"item\":\"https:\\\/\\\/orizzontevela.it\\\/\"},{\"@type\":\"ListItem\",\"position\":2,\"name\":\"Capo Carbonara\",\"item\":\"https:\\\/\\\/orizzontevela.it\\\/capo-carbonara\\\/\"},{\"@type\":\"ListItem\",\"position\":3,\"name\":\"Regole\",\"item\":\"https:\\\/\\\/orizzontevela.it\\\/capo-carbonara\\\/regole\\\/\"},{\"@type\":\"ListItem\",\"position\":4,\"name\":\"Attivit\u00e0 Consentite\"}]},{\"@type\":\"WebSite\",\"@id\":\"https:\\\/\\\/orizzontevela.it\\\/#website\",\"url\":\"https:\\\/\\\/orizzontevela.it\\\/\",\"name\":\"OrizzonteVela\",\"description\":\"Un Viaggio, mille orizzonti\",\"publisher\":{\"@id\":\"https:\\\/\\\/orizzontevela.it\\\/#organization\"},\"alternateName\":\"Orizzontevela\",\"potentialAction\":[{\"@type\":\"SearchAction\",\"target\":{\"@type\":\"EntryPoint\",\"urlTemplate\":\"https:\\\/\\\/orizzontevela.it\\\/?s={search_term_string}\"},\"query-input\":{\"@type\":\"PropertyValueSpecification\",\"valueRequired\":true,\"valueName\":\"search_term_string\"}}],\"inLanguage\":\"es\"},{\"@type\":\"Organization\",\"@id\":\"https:\\\/\\\/orizzontevela.it\\\/#organization\",\"name\":\"OrizzonteVela\",\"url\":\"https:\\\/\\\/orizzontevela.it\\\/\",\"logo\":{\"@type\":\"ImageObject\",\"inLanguage\":\"es\",\"@id\":\"https:\\\/\\\/orizzontevela.it\\\/#\\\/schema\\\/logo\\\/image\\\/\",\"url\":\"https:\\\/\\\/orizzontevela.it\\\/wp-content\\\/uploads\\\/2025\\\/09\\\/logo-colore.png\",\"contentUrl\":\"https:\\\/\\\/orizzontevela.it\\\/wp-content\\\/uploads\\\/2025\\\/09\\\/logo-colore.png\",\"width\":2264,\"height\":579,\"caption\":\"OrizzonteVela\"},\"image\":{\"@id\":\"https:\\\/\\\/orizzontevela.it\\\/#\\\/schema\\\/logo\\\/image\\\/\"},\"sameAs\":[\"https:\\\/\\\/www.instagram.com\\\/orizzontevela\\\/\"]}]}<\/script>\n<!-- \/ Yoast SEO plugin. -->","yoast_head_json":{"title":"Attivit\u00e0 Consentite - OrizzonteVela","robots":{"index":"index","follow":"follow","max-snippet":"max-snippet:-1","max-image-preview":"max-image-preview:large","max-video-preview":"max-video-preview:-1"},"canonical":"https:\/\/orizzontevela.it\/es\/capo-carbonara\/regole\/attivita-consentite\/","og_locale":"es_ES","og_type":"article","og_title":"Attivit\u00e0 Consentite - OrizzonteVela","og_description":"Zona A (Riserva Integrale)\u00c8 consentito: L\u2019accesso al personale dell\u2019Ente Gestore, per attivit\u00e0 di servizio, e al personale scientifico, per lo svolgimento di attivit\u00e0 di ricerca autorizzate. La realizzazione di visite guidate subacquee, regolamentate dall\u2019Ente Gestore, in aree limitrofe, secondo percorsi prefissati, tenendo comunque conto delle esigenze di elevata tutela ambientale. Le attivit\u00e0 di soccorso e [&hellip;]","og_url":"https:\/\/orizzontevela.it\/es\/capo-carbonara\/regole\/attivita-consentite\/","og_site_name":"OrizzonteVela","article_modified_time":"2025-09-30T09:44:26+00:00","og_image":[{"url":"https:\/\/orizzontevela.it\/wp-content\/uploads\/2025\/09\/bread-fauna-1-1024x320.jpg","type":"","width":"","height":""}],"twitter_card":"summary_large_image","twitter_misc":{"Tiempo de lectura":"4 minutos"},"schema":{"@context":"https:\/\/schema.org","@graph":[{"@type":"WebPage","@id":"https:\/\/orizzontevela.it\/capo-carbonara\/regole\/attivita-consentite\/","url":"https:\/\/orizzontevela.it\/capo-carbonara\/regole\/attivita-consentite\/","name":"Attivit\u00e0 Consentite - OrizzonteVela","isPartOf":{"@id":"https:\/\/orizzontevela.it\/#website"},"primaryImageOfPage":{"@id":"https:\/\/orizzontevela.it\/capo-carbonara\/regole\/attivita-consentite\/#primaryimage"},"image":{"@id":"https:\/\/orizzontevela.it\/capo-carbonara\/regole\/attivita-consentite\/#primaryimage"},"thumbnailUrl":"https:\/\/orizzontevela.it\/wp-content\/uploads\/2025\/09\/bread-fauna-1-1024x320.jpg","datePublished":"2025-09-30T09:40:50+00:00","dateModified":"2025-09-30T09:44:26+00:00","breadcrumb":{"@id":"https:\/\/orizzontevela.it\/capo-carbonara\/regole\/attivita-consentite\/#breadcrumb"},"inLanguage":"es","potentialAction":[{"@type":"ReadAction","target":["https:\/\/orizzontevela.it\/capo-carbonara\/regole\/attivita-consentite\/"]}]},{"@type":"ImageObject","inLanguage":"es","@id":"https:\/\/orizzontevela.it\/capo-carbonara\/regole\/attivita-consentite\/#primaryimage","url":"https:\/\/orizzontevela.it\/wp-content\/uploads\/2025\/09\/bread-fauna-1-1024x320.jpg","contentUrl":"https:\/\/orizzontevela.it\/wp-content\/uploads\/2025\/09\/bread-fauna-1-1024x320.jpg"},{"@type":"BreadcrumbList","@id":"https:\/\/orizzontevela.it\/capo-carbonara\/regole\/attivita-consentite\/#breadcrumb","itemListElement":[{"@type":"ListItem","position":1,"name":"Home","item":"https:\/\/orizzontevela.it\/"},{"@type":"ListItem","position":2,"name":"Capo Carbonara","item":"https:\/\/orizzontevela.it\/capo-carbonara\/"},{"@type":"ListItem","position":3,"name":"Regole","item":"https:\/\/orizzontevela.it\/capo-carbonara\/regole\/"},{"@type":"ListItem","position":4,"name":"Attivit\u00e0 Consentite"}]},{"@type":"WebSite","@id":"https:\/\/orizzontevela.it\/#website","url":"https:\/\/orizzontevela.it\/","name":"HorizonSail","description":"Un viaje, mil horizontes","publisher":{"@id":"https:\/\/orizzontevela.it\/#organization"},"alternateName":"Orizzontevela","potentialAction":[{"@type":"SearchAction","target":{"@type":"EntryPoint","urlTemplate":"https:\/\/orizzontevela.it\/?s={search_term_string}"},"query-input":{"@type":"PropertyValueSpecification","valueRequired":true,"valueName":"search_term_string"}}],"inLanguage":"es"},{"@type":"Organization","@id":"https:\/\/orizzontevela.it\/#organization","name":"HorizonSail","url":"https:\/\/orizzontevela.it\/","logo":{"@type":"ImageObject","inLanguage":"es","@id":"https:\/\/orizzontevela.it\/#\/schema\/logo\/image\/","url":"https:\/\/orizzontevela.it\/wp-content\/uploads\/2025\/09\/logo-colore.png","contentUrl":"https:\/\/orizzontevela.it\/wp-content\/uploads\/2025\/09\/logo-colore.png","width":2264,"height":579,"caption":"OrizzonteVela"},"image":{"@id":"https:\/\/orizzontevela.it\/#\/schema\/logo\/image\/"},"sameAs":["https:\/\/www.instagram.com\/orizzontevela\/"]}]}},"_links":{"self":[{"href":"https:\/\/orizzontevela.it\/es\/wp-json\/wp\/v2\/pages\/4157","targetHints":{"allow":["GET"]}}],"collection":[{"href":"https:\/\/orizzontevela.it\/es\/wp-json\/wp\/v2\/pages"}],"about":[{"href":"https:\/\/orizzontevela.it\/es\/wp-json\/wp\/v2\/types\/page"}],"author":[{"embeddable":true,"href":"https:\/\/orizzontevela.it\/es\/wp-json\/wp\/v2\/users\/1"}],"replies":[{"embeddable":true,"href":"https:\/\/orizzontevela.it\/es\/wp-json\/wp\/v2\/comments?post=4157"}],"version-history":[{"count":4,"href":"https:\/\/orizzontevela.it\/es\/wp-json\/wp\/v2\/pages\/4157\/revisions"}],"predecessor-version":[{"id":4164,"href":"https:\/\/orizzontevela.it\/es\/wp-json\/wp\/v2\/pages\/4157\/revisions\/4164"}],"up":[{"embeddable":true,"href":"https:\/\/orizzontevela.it\/es\/wp-json\/wp\/v2\/pages\/4150"}],"wp:attachment":[{"href":"https:\/\/orizzontevela.it\/es\/wp-json\/wp\/v2\/media?parent=4157"}],"curies":[{"name":"wp","href":"https:\/\/api.w.org\/{rel}","templated":true}]}}