{"id":4165,"date":"2025-09-30T09:45:46","date_gmt":"2025-09-30T09:45:46","guid":{"rendered":"https:\/\/orizzontevela.it\/?page_id=4165"},"modified":"2025-09-30T09:47:01","modified_gmt":"2025-09-30T09:47:01","slug":"decreti","status":"publish","type":"page","link":"https:\/\/orizzontevela.it\/es\/capo-carbonara\/regole\/decreti\/","title":{"rendered":"Decretos"},"content":{"rendered":"<div data-elementor-type=\"wp-page\" data-elementor-id=\"4165\" class=\"elementor elementor-4165\" data-elementor-post-type=\"page\">\n\t\t\t\t<div class=\"elementor-element elementor-element-b2badb2 e-flex e-con-boxed e-con e-parent\" data-id=\"b2badb2\" data-element_type=\"container\" data-e-type=\"container\">\n\t\t\t\t\t<div class=\"e-con-inner\">\n\t\t\t\t<div class=\"elementor-element elementor-element-66fd9a5 elementor-widget elementor-widget-image\" data-id=\"66fd9a5\" data-element_type=\"widget\" data-e-type=\"widget\" data-widget_type=\"image.default\">\n\t\t\t\t\t\t\t\t\t\t\t\t\t\t\t<img fetchpriority=\"high\" decoding=\"async\" width=\"800\" height=\"250\" src=\"https:\/\/orizzontevela.it\/wp-content\/uploads\/2025\/09\/bread-posidonia-1024x320.jpg\" class=\"attachment-large size-large wp-image-4122\" alt=\"\" srcset=\"https:\/\/orizzontevela.it\/wp-content\/uploads\/2025\/09\/bread-posidonia-1024x320.jpg 1024w, https:\/\/orizzontevela.it\/wp-content\/uploads\/2025\/09\/bread-posidonia-300x94.jpg 300w, https:\/\/orizzontevela.it\/wp-content\/uploads\/2025\/09\/bread-posidonia-768x240.jpg 768w, https:\/\/orizzontevela.it\/wp-content\/uploads\/2025\/09\/bread-posidonia-1536x480.jpg 1536w, https:\/\/orizzontevela.it\/wp-content\/uploads\/2025\/09\/bread-posidonia.jpg 1920w\" sizes=\"(max-width: 800px) 100vw, 800px\" \/>\t\t\t\t\t\t\t\t\t\t\t\t\t\t\t<\/div>\n\t\t\t\t\t<\/div>\n\t\t\t\t<\/div>\n\t\t<div class=\"elementor-element elementor-element-1346124 e-flex e-con-boxed e-con e-parent\" data-id=\"1346124\" data-element_type=\"container\" data-e-type=\"container\">\n\t\t\t\t\t<div class=\"e-con-inner\">\n\t\t\t\t<div class=\"elementor-element elementor-element-c25c719 elementor-widget elementor-widget-text-editor\" data-id=\"c25c719\" data-element_type=\"widget\" data-e-type=\"widget\" data-widget_type=\"text-editor.default\">\n\t\t\t\t\t\t\t\t\t<p>El \u00c1rea Marina Protegida \u2019Capo Carbonara\u201c fue establecida por el Ministerio de Medio Ambiente y Protecci\u00f3n del Territorio y del Mar, con un Decreto Ministerial de 15 de septiembre de 1998, modificado posteriormente en 1999 y sustituido en su totalidad por el Decreto Ministerial de 7 de febrero de 2012 (Gaceta Oficial n\u00ba 113 de 16 de mayo de 2012). La gesti\u00f3n del \u00c1rea Marina Protegida se conf\u00eda \u00fanicamente al Ayuntamiento de Villasimius.<\/p><p><strong>Acu\u00e9rdate:<\/strong><\/p><p>El per\u00edmetro del \u00c1rea Marina Protegida de Capo Carbonara se encuentra casi en su totalidad dentro del Lugar de Inter\u00e9s Comunitario (LIC) establecido en virtud de la Directiva 92\/43\/CEE sobre h\u00e1bitats.\u00a0<\/p><p>En la Zona Marina Protegida \u2019Capo Carbonara\u201c encontramos varias Zonas de Especial Protecci\u00f3n para las Aves (ZEPA) establecidas en virtud de la Directiva 79\/409\/CEE relativa a la conservaci\u00f3n de las aves silvestres.<\/p><p>La Zona Marina Protegida \u2019Capo Carbonara\u201c se ha convertido en zona ASPIM (Zona Especialmente Protegida de Importancia para el Mediterr\u00e1neo) en virtud de la\u00a0<strong>Convenio para la Protecci\u00f3n del Mar Mediterr\u00e1neo contra los Riesgos de Contaminaci\u00f3n<\/strong>\u00a0m\u00e1s conocido como\u00a0<strong>Convenci\u00f3n de Barcelona.<\/strong><\/p><ul><li><img decoding=\"async\" src=\"https:\/\/www.ampcapocarbonara.it\/uploads\/pdf.png\" alt=\"PDF\" width=\"16\" height=\"16\" border=\"0\" \/>\u00a0<a href=\"https:\/\/www.ampcapocarbonara.it\/uploads\/pdf\/Legge.31.dic.1982.979-Disposiz.difesa.mare.pdf\">Ley n\u00ba 979 de 31 de diciembre de 1982 - Disposiciones relativas a la defensa mar\u00edtima<\/a><\/li><\/ul><ul><li><img decoding=\"async\" src=\"https:\/\/www.ampcapocarbonara.it\/uploads\/pdf.png\" alt=\"PDF\" width=\"16\" height=\"16\" border=\"0\" \/>\u00a0<a href=\"https:\/\/www.ampcapocarbonara.it\/uploads\/pdf\/6.Dicembre.1991-Legge394.pdf\">Ley n\u00ba 394 de 6 de diciembre de 1991 - Ley marco de zonas protegidas<\/a><\/li><\/ul><ul><li><img decoding=\"async\" src=\"https:\/\/www.ampcapocarbonara.it\/uploads\/pdf.png\" alt=\"PDF\" width=\"16\" height=\"16\" border=\"0\" \/>\u00a0<a href=\"https:\/\/www.ampcapocarbonara.it\/uploads\/pdf\/Decreto.7.Febbraio.2012.60.pdf\">Decreto n\u00ba 60 de 7 de febrero de 2012<\/a><\/li><\/ul><ul><li><img decoding=\"async\" src=\"https:\/\/www.ampcapocarbonara.it\/uploads\/pdf.png\" alt=\"PDF\" width=\"16\" height=\"16\" border=\"0\" \/>\u00a0<a href=\"https:\/\/www.ampcapocarbonara.it\/uploads\/pdf\/zonazione_2012.pdf\">Per\u00edmetro y zonificaci\u00f3n del \u00c1rea Marina Protegida \u201cCapo Carbonara\u201d<\/a><\/li><\/ul><ul><li><img decoding=\"async\" src=\"https:\/\/www.ampcapocarbonara.it\/uploads\/pdf.png\" alt=\"PDF\" width=\"16\" height=\"16\" border=\"0\" \/>\u00a0<a href=\"https:\/\/www.ampcapocarbonara.it\/uploads\/pdf\/2017_Regolamento%20di%20Esecuzione%20ed%20Organizzazione.pdf\">Normas de ejecuci\u00f3n y organizaci\u00f3n A\u00f1o 2017<\/a><\/li><\/ul><ul><li><img decoding=\"async\" src=\"https:\/\/www.ampcapocarbonara.it\/uploads\/pdf.png\" alt=\"PDF\" width=\"16\" height=\"16\" border=\"0\" \/>\u00a0<a href=\"https:\/\/www.ampcapocarbonara.it\/uploads\/pdf\/2022_Disciplinare%20AMP%20Capo%20Carbonara.pdf\">Especificaciones Capo Carbonara 2022 MiTE<\/a><\/li><\/ul><ul><li><img decoding=\"async\" src=\"https:\/\/www.ampcapocarbonara.it\/uploads\/pdf.png\" alt=\"PDF\" width=\"16\" height=\"16\" border=\"0\" \/>\u00a0<a href=\"https:\/\/www.ampcapocarbonara.it\/uploads\/pdf\/2023_Disciplinare%20AMP%20Capo%20Carbonara.pdf\">Especificaciones Capo Carbonara 2023<\/a><\/li><li><img decoding=\"async\" src=\"https:\/\/www.ampcapocarbonara.it\/uploads\/pdf.png\" alt=\"PDF\" width=\"16\" height=\"16\" border=\"0\" \/>\u00a0<a href=\"https:\/\/www.ampcapocarbonara.it\/uploads\/pdf\/2024_Disciplinare%20AMP%20Capo%20Carbonara.pdf\">Especificaciones Capo Carbonara 2024<\/a><\/li><li><img decoding=\"async\" src=\"https:\/\/www.ampcapocarbonara.it\/uploads\/pdf.png\" alt=\"PDF\" width=\"16\" height=\"16\" border=\"0\" \/>\u00a0<a href=\"https:\/\/www.ampcapocarbonara.it\/uploads\/pdf\/Disciplinare_Capo_Carbonara_2025.pdf\">Especificaciones Capo Carbonara 2025<\/a><\/li><\/ul>\t\t\t\t\t\t\t\t<\/div>\n\t\t\t\t\t<\/div>\n\t\t\t\t<\/div>\n\t\t\t\t<\/div>\n\t\t\n    <div class=\"xs_social_share_widget xs_share_url after_content \t\tmain_content  wslu-style-1 wslu-share-box-shaped wslu-fill-colored wslu-none wslu-share-horizontal wslu-theme-font-no wslu-main_content\">\n\n\t\t\n        <ul>\n\t\t\t        <\/ul>\n    <\/div>","protected":false},"excerpt":{"rendered":"<p>L\u2019 Area Marina Protetta \u201cCapo Carbonara\u201d \u00e8 stata istituita dal Ministero dell\u2019 Ambiente e della Tutela del Territorio e del Mare , con decreto Ministeriale del 15 Settembre 1998, poi modificato nel 1999 e sostituito integralmente dal Decreto Ministeriale del 7 Febbraio 2012 (Gazzetta ufficiale n\u00b0 113 del 16 Maggio 2012). La gestione dell\u2019 Area [&hellip;]<\/p>\n","protected":false},"author":1,"featured_media":0,"parent":4150,"menu_order":0,"comment_status":"closed","ping_status":"closed","template":"","meta":{"postBodyCss":"","postBodyMargin":[],"postBodyPadding":[],"postBodyBackground":{"backgroundType":"classic","gradient":""},"footnotes":""},"class_list":["post-4165","page","type-page","status-publish","hentry"],"yoast_head":"<!-- This site is optimized with the Yoast SEO plugin v27.5 - https:\/\/yoast.com\/product\/yoast-seo-wordpress\/ -->\n<title>Decreti - OrizzonteVela<\/title>\n<meta name=\"robots\" content=\"index, follow, max-snippet:-1, max-image-preview:large, max-video-preview:-1\" \/>\n<link rel=\"canonical\" href=\"https:\/\/orizzontevela.it\/es\/capo-carbonara\/regole\/decreti\/\" \/>\n<meta property=\"og:locale\" content=\"es_ES\" \/>\n<meta property=\"og:type\" content=\"article\" \/>\n<meta property=\"og:title\" content=\"Decreti - OrizzonteVela\" \/>\n<meta property=\"og:description\" content=\"L\u2019 Area Marina Protetta \u201cCapo Carbonara\u201d \u00e8 stata istituita dal Ministero dell\u2019 Ambiente e della Tutela del Territorio e del Mare , con decreto Ministeriale del 15 Settembre 1998, poi modificato nel 1999 e sostituito integralmente dal Decreto Ministeriale del 7 Febbraio 2012 (Gazzetta ufficiale n\u00b0 113 del 16 Maggio 2012). La gestione dell\u2019 Area [&hellip;]\" \/>\n<meta property=\"og:url\" content=\"https:\/\/orizzontevela.it\/es\/capo-carbonara\/regole\/decreti\/\" \/>\n<meta property=\"og:site_name\" content=\"OrizzonteVela\" \/>\n<meta property=\"article:modified_time\" content=\"2025-09-30T09:47:01+00:00\" \/>\n<meta property=\"og:image\" content=\"https:\/\/orizzontevela.it\/wp-content\/uploads\/2025\/09\/bread-posidonia-1024x320.jpg\" \/>\n<meta name=\"twitter:card\" content=\"summary_large_image\" \/>\n<meta name=\"twitter:label1\" content=\"Tiempo de lectura\" \/>\n\t<meta name=\"twitter:data1\" content=\"3 minutos\" \/>\n<script type=\"application\/ld+json\" class=\"yoast-schema-graph\">{\"@context\":\"https:\\\/\\\/schema.org\",\"@graph\":[{\"@type\":\"WebPage\",\"@id\":\"https:\\\/\\\/orizzontevela.it\\\/capo-carbonara\\\/regole\\\/decreti\\\/\",\"url\":\"https:\\\/\\\/orizzontevela.it\\\/capo-carbonara\\\/regole\\\/decreti\\\/\",\"name\":\"Decreti - OrizzonteVela\",\"isPartOf\":{\"@id\":\"https:\\\/\\\/orizzontevela.it\\\/#website\"},\"primaryImageOfPage\":{\"@id\":\"https:\\\/\\\/orizzontevela.it\\\/capo-carbonara\\\/regole\\\/decreti\\\/#primaryimage\"},\"image\":{\"@id\":\"https:\\\/\\\/orizzontevela.it\\\/capo-carbonara\\\/regole\\\/decreti\\\/#primaryimage\"},\"thumbnailUrl\":\"https:\\\/\\\/orizzontevela.it\\\/wp-content\\\/uploads\\\/2025\\\/09\\\/bread-posidonia-1024x320.jpg\",\"datePublished\":\"2025-09-30T09:45:46+00:00\",\"dateModified\":\"2025-09-30T09:47:01+00:00\",\"breadcrumb\":{\"@id\":\"https:\\\/\\\/orizzontevela.it\\\/capo-carbonara\\\/regole\\\/decreti\\\/#breadcrumb\"},\"inLanguage\":\"es\",\"potentialAction\":[{\"@type\":\"ReadAction\",\"target\":[\"https:\\\/\\\/orizzontevela.it\\\/capo-carbonara\\\/regole\\\/decreti\\\/\"]}]},{\"@type\":\"ImageObject\",\"inLanguage\":\"es\",\"@id\":\"https:\\\/\\\/orizzontevela.it\\\/capo-carbonara\\\/regole\\\/decreti\\\/#primaryimage\",\"url\":\"https:\\\/\\\/orizzontevela.it\\\/wp-content\\\/uploads\\\/2025\\\/09\\\/bread-posidonia-1024x320.jpg\",\"contentUrl\":\"https:\\\/\\\/orizzontevela.it\\\/wp-content\\\/uploads\\\/2025\\\/09\\\/bread-posidonia-1024x320.jpg\"},{\"@type\":\"BreadcrumbList\",\"@id\":\"https:\\\/\\\/orizzontevela.it\\\/capo-carbonara\\\/regole\\\/decreti\\\/#breadcrumb\",\"itemListElement\":[{\"@type\":\"ListItem\",\"position\":1,\"name\":\"Home\",\"item\":\"https:\\\/\\\/orizzontevela.it\\\/\"},{\"@type\":\"ListItem\",\"position\":2,\"name\":\"Capo Carbonara\",\"item\":\"https:\\\/\\\/orizzontevela.it\\\/capo-carbonara\\\/\"},{\"@type\":\"ListItem\",\"position\":3,\"name\":\"Regole\",\"item\":\"https:\\\/\\\/orizzontevela.it\\\/capo-carbonara\\\/regole\\\/\"},{\"@type\":\"ListItem\",\"position\":4,\"name\":\"Decreti\"}]},{\"@type\":\"WebSite\",\"@id\":\"https:\\\/\\\/orizzontevela.it\\\/#website\",\"url\":\"https:\\\/\\\/orizzontevela.it\\\/\",\"name\":\"OrizzonteVela\",\"description\":\"Un Viaggio, mille orizzonti\",\"publisher\":{\"@id\":\"https:\\\/\\\/orizzontevela.it\\\/#organization\"},\"alternateName\":\"Orizzontevela\",\"potentialAction\":[{\"@type\":\"SearchAction\",\"target\":{\"@type\":\"EntryPoint\",\"urlTemplate\":\"https:\\\/\\\/orizzontevela.it\\\/?s={search_term_string}\"},\"query-input\":{\"@type\":\"PropertyValueSpecification\",\"valueRequired\":true,\"valueName\":\"search_term_string\"}}],\"inLanguage\":\"es\"},{\"@type\":\"Organization\",\"@id\":\"https:\\\/\\\/orizzontevela.it\\\/#organization\",\"name\":\"OrizzonteVela\",\"url\":\"https:\\\/\\\/orizzontevela.it\\\/\",\"logo\":{\"@type\":\"ImageObject\",\"inLanguage\":\"es\",\"@id\":\"https:\\\/\\\/orizzontevela.it\\\/#\\\/schema\\\/logo\\\/image\\\/\",\"url\":\"https:\\\/\\\/orizzontevela.it\\\/wp-content\\\/uploads\\\/2025\\\/09\\\/logo-colore.png\",\"contentUrl\":\"https:\\\/\\\/orizzontevela.it\\\/wp-content\\\/uploads\\\/2025\\\/09\\\/logo-colore.png\",\"width\":2264,\"height\":579,\"caption\":\"OrizzonteVela\"},\"image\":{\"@id\":\"https:\\\/\\\/orizzontevela.it\\\/#\\\/schema\\\/logo\\\/image\\\/\"},\"sameAs\":[\"https:\\\/\\\/www.instagram.com\\\/orizzontevela\\\/\"]}]}<\/script>\n<!-- \/ Yoast SEO plugin. -->","yoast_head_json":{"title":"Decreti - OrizzonteVela","robots":{"index":"index","follow":"follow","max-snippet":"max-snippet:-1","max-image-preview":"max-image-preview:large","max-video-preview":"max-video-preview:-1"},"canonical":"https:\/\/orizzontevela.it\/es\/capo-carbonara\/regole\/decreti\/","og_locale":"es_ES","og_type":"article","og_title":"Decreti - OrizzonteVela","og_description":"L\u2019 Area Marina Protetta \u201cCapo Carbonara\u201d \u00e8 stata istituita dal Ministero dell\u2019 Ambiente e della Tutela del Territorio e del Mare , con decreto Ministeriale del 15 Settembre 1998, poi modificato nel 1999 e sostituito integralmente dal Decreto Ministeriale del 7 Febbraio 2012 (Gazzetta ufficiale n\u00b0 113 del 16 Maggio 2012). La gestione dell\u2019 Area [&hellip;]","og_url":"https:\/\/orizzontevela.it\/es\/capo-carbonara\/regole\/decreti\/","og_site_name":"OrizzonteVela","article_modified_time":"2025-09-30T09:47:01+00:00","og_image":[{"url":"https:\/\/orizzontevela.it\/wp-content\/uploads\/2025\/09\/bread-posidonia-1024x320.jpg","type":"","width":"","height":""}],"twitter_card":"summary_large_image","twitter_misc":{"Tiempo de lectura":"3 minutos"},"schema":{"@context":"https:\/\/schema.org","@graph":[{"@type":"WebPage","@id":"https:\/\/orizzontevela.it\/capo-carbonara\/regole\/decreti\/","url":"https:\/\/orizzontevela.it\/capo-carbonara\/regole\/decreti\/","name":"Decreti - OrizzonteVela","isPartOf":{"@id":"https:\/\/orizzontevela.it\/#website"},"primaryImageOfPage":{"@id":"https:\/\/orizzontevela.it\/capo-carbonara\/regole\/decreti\/#primaryimage"},"image":{"@id":"https:\/\/orizzontevela.it\/capo-carbonara\/regole\/decreti\/#primaryimage"},"thumbnailUrl":"https:\/\/orizzontevela.it\/wp-content\/uploads\/2025\/09\/bread-posidonia-1024x320.jpg","datePublished":"2025-09-30T09:45:46+00:00","dateModified":"2025-09-30T09:47:01+00:00","breadcrumb":{"@id":"https:\/\/orizzontevela.it\/capo-carbonara\/regole\/decreti\/#breadcrumb"},"inLanguage":"es","potentialAction":[{"@type":"ReadAction","target":["https:\/\/orizzontevela.it\/capo-carbonara\/regole\/decreti\/"]}]},{"@type":"ImageObject","inLanguage":"es","@id":"https:\/\/orizzontevela.it\/capo-carbonara\/regole\/decreti\/#primaryimage","url":"https:\/\/orizzontevela.it\/wp-content\/uploads\/2025\/09\/bread-posidonia-1024x320.jpg","contentUrl":"https:\/\/orizzontevela.it\/wp-content\/uploads\/2025\/09\/bread-posidonia-1024x320.jpg"},{"@type":"BreadcrumbList","@id":"https:\/\/orizzontevela.it\/capo-carbonara\/regole\/decreti\/#breadcrumb","itemListElement":[{"@type":"ListItem","position":1,"name":"Home","item":"https:\/\/orizzontevela.it\/"},{"@type":"ListItem","position":2,"name":"Capo Carbonara","item":"https:\/\/orizzontevela.it\/capo-carbonara\/"},{"@type":"ListItem","position":3,"name":"Regole","item":"https:\/\/orizzontevela.it\/capo-carbonara\/regole\/"},{"@type":"ListItem","position":4,"name":"Decreti"}]},{"@type":"WebSite","@id":"https:\/\/orizzontevela.it\/#website","url":"https:\/\/orizzontevela.it\/","name":"HorizonSail","description":"Un viaje, mil horizontes","publisher":{"@id":"https:\/\/orizzontevela.it\/#organization"},"alternateName":"Orizzontevela","potentialAction":[{"@type":"SearchAction","target":{"@type":"EntryPoint","urlTemplate":"https:\/\/orizzontevela.it\/?s={search_term_string}"},"query-input":{"@type":"PropertyValueSpecification","valueRequired":true,"valueName":"search_term_string"}}],"inLanguage":"es"},{"@type":"Organization","@id":"https:\/\/orizzontevela.it\/#organization","name":"HorizonSail","url":"https:\/\/orizzontevela.it\/","logo":{"@type":"ImageObject","inLanguage":"es","@id":"https:\/\/orizzontevela.it\/#\/schema\/logo\/image\/","url":"https:\/\/orizzontevela.it\/wp-content\/uploads\/2025\/09\/logo-colore.png","contentUrl":"https:\/\/orizzontevela.it\/wp-content\/uploads\/2025\/09\/logo-colore.png","width":2264,"height":579,"caption":"OrizzonteVela"},"image":{"@id":"https:\/\/orizzontevela.it\/#\/schema\/logo\/image\/"},"sameAs":["https:\/\/www.instagram.com\/orizzontevela\/"]}]}},"_links":{"self":[{"href":"https:\/\/orizzontevela.it\/es\/wp-json\/wp\/v2\/pages\/4165","targetHints":{"allow":["GET"]}}],"collection":[{"href":"https:\/\/orizzontevela.it\/es\/wp-json\/wp\/v2\/pages"}],"about":[{"href":"https:\/\/orizzontevela.it\/es\/wp-json\/wp\/v2\/types\/page"}],"author":[{"embeddable":true,"href":"https:\/\/orizzontevela.it\/es\/wp-json\/wp\/v2\/users\/1"}],"replies":[{"embeddable":true,"href":"https:\/\/orizzontevela.it\/es\/wp-json\/wp\/v2\/comments?post=4165"}],"version-history":[{"count":4,"href":"https:\/\/orizzontevela.it\/es\/wp-json\/wp\/v2\/pages\/4165\/revisions"}],"predecessor-version":[{"id":4169,"href":"https:\/\/orizzontevela.it\/es\/wp-json\/wp\/v2\/pages\/4165\/revisions\/4169"}],"up":[{"embeddable":true,"href":"https:\/\/orizzontevela.it\/es\/wp-json\/wp\/v2\/pages\/4150"}],"wp:attachment":[{"href":"https:\/\/orizzontevela.it\/es\/wp-json\/wp\/v2\/media?parent=4165"}],"curies":[{"name":"wp","href":"https:\/\/api.w.org\/{rel}","templated":true}]}}