{"id":4086,"date":"2025-09-29T11:28:21","date_gmt":"2025-09-29T11:28:21","guid":{"rendered":"https:\/\/orizzontevela.it\/?page_id=4086"},"modified":"2025-09-30T10:23:55","modified_gmt":"2025-09-30T10:23:55","slug":"bali-catspace-maui","status":"publish","type":"page","link":"https:\/\/orizzontevela.it\/fr\/barche\/bali-catspace-maui\/","title":{"rendered":"Espace Chat Bali - MAUI"},"content":{"rendered":"<div data-elementor-type=\"wp-page\" data-elementor-id=\"4086\" class=\"elementor elementor-4086\" data-elementor-post-type=\"page\">\n\t\t\t\t\t\t<section class=\"elementor-section elementor-top-section elementor-element elementor-element-b312923 elementor-section-boxed elementor-section-height-default elementor-section-height-default\" data-id=\"b312923\" data-element_type=\"section\" data-e-type=\"section\">\n\t\t\t\t\t\t<div class=\"elementor-container elementor-column-gap-no\">\n\t\t\t\t\t<div class=\"elementor-column elementor-col-50 elementor-top-column elementor-element elementor-element-fdff2b0\" data-id=\"fdff2b0\" data-element_type=\"column\" data-e-type=\"column\">\n\t\t\t<div class=\"elementor-widget-wrap elementor-element-populated\">\n\t\t\t\t\t\t<div class=\"elementor-element elementor-element-1a04904 elementor-widget elementor-widget-heading\" data-id=\"1a04904\" data-element_type=\"widget\" data-e-type=\"widget\" data-widget_type=\"heading.default\">\n\t\t\t\t\t<h2 class=\"elementor-heading-title elementor-size-default\">D\u00e9tails<\/h2>\t\t\t\t<\/div>\n\t\t\t\t<div class=\"elementor-element elementor-element-6143ac5 elementor-widget-divider--view-line elementor-widget elementor-widget-divider\" data-id=\"6143ac5\" data-element_type=\"widget\" data-e-type=\"widget\" data-widget_type=\"divider.default\">\n\t\t\t\t\t\t\t<div class=\"elementor-divider\">\n\t\t\t<span class=\"elementor-divider-separator\">\n\t\t\t\t\t\t<\/span>\n\t\t<\/div>\n\t\t\t\t\t\t<\/div>\n\t\t\t\t<div class=\"elementor-element elementor-element-0590c3b elementor-widget elementor-widget-text-editor\" data-id=\"0590c3b\" data-element_type=\"widget\" data-e-type=\"widget\" data-widget_type=\"text-editor.default\">\n\t\t\t\t\t\t\t\t\t<p style=\"margin-bottom: 5px;\"><span style=\"margin-right: 5px; color: #23282d;\">Chantier de construction :<\/span> Bali<\/p><p style=\"margin-bottom: 5px;\"><span style=\"margin-right: 5px; color: #23282d;\">Ann\u00e9e :<\/span> 2025<\/p><p style=\"margin-bottom: 5px;\"><span style=\"margin-right: 5px; color: #23282d;\">Pieds :<\/span> 40<\/p><p style=\"margin-bottom: 5px;\"><span style=\"margin-right: 5px; color: #23282d;\">Moteurs :<\/span> 38hp x 2<\/p><p style=\"margin-bottom: 5px;\"><span style=\"margin-right: 5px; color: #23282d;\">Lits :<\/span> 8 Lits<\/p><p style=\"margin-bottom: 5px;\"><span style=\"margin-right: 5px; color: #23282d;\">M\u00e8tres :<\/span> 11.97<\/p><p style=\"margin-bottom: 5px;\"><span style=\"margin-right: 5px; color: #23282d;\">Coque :<\/span> Catamaran<\/p>\t\t\t\t\t\t\t\t<\/div>\n\t\t\t\t\t<\/div>\n\t\t<\/div>\n\t\t\t\t<div class=\"elementor-column elementor-col-50 elementor-top-column elementor-element elementor-element-f71051d\" data-id=\"f71051d\" data-element_type=\"column\" data-e-type=\"column\">\n\t\t\t<div class=\"elementor-widget-wrap elementor-element-populated\">\n\t\t\t\t\t\t<div class=\"elementor-element elementor-element-15d445c elementor-widget elementor-widget-text-editor\" data-id=\"15d445c\" data-element_type=\"widget\" data-e-type=\"widget\" data-widget_type=\"text-editor.default\">\n\t\t\t\t\t\t\t\t\t<p>Bali Catspace \u2018Maui\u2019<\/p>\t\t\t\t\t\t\t\t<\/div>\n\t\t\t\t<div class=\"elementor-element elementor-element-83df10c elementor-widget elementor-widget-text-editor\" data-id=\"83df10c\" data-element_type=\"widget\" data-e-type=\"widget\" data-widget_type=\"text-editor.default\">\n\t\t\t\t\t\t\t\t\t<p>Catamaran<\/p>\t\t\t\t\t\t\t\t<\/div>\n\t\t\t\t<div class=\"elementor-element elementor-element-074e6d2 elementor-widget elementor-widget-text-editor\" data-id=\"074e6d2\" data-element_type=\"widget\" data-e-type=\"widget\" data-widget_type=\"text-editor.default\">\n\t\t\t\t\t\t\t\t\t<p>Espace et confort au plus haut niveau<\/p>\t\t\t\t\t\t\t\t<\/div>\n\t\t\t\t<div class=\"elementor-element elementor-element-e4971ec elementor-widget elementor-widget-text-editor\" data-id=\"e4971ec\" data-element_type=\"widget\" data-e-type=\"widget\" data-widget_type=\"text-editor.default\">\n\t\t\t\t\t\t\t\t\t<p>\u00a0<\/p><p>Maui est le catamaran con\u00e7u pour ceux qui souhaitent allier l'\u00e9l\u00e9gance du design au plaisir de la navigation. Avec son int\u00e9rieur lumineux et accueillant, il offre des espaces de vie surprenants pour sa cat\u00e9gorie, transformant chaque moment \u00e0 bord en une exp\u00e9rience relaxante et conviviale. Le grand salon panoramique, la cuisine moderne avec un r\u00e9frig\u00e9rateur \u00e0 colonne comme \u00e0 la maison et la salle \u00e0 manger int\u00e9gr\u00e9e cr\u00e9ent un environnement unique, ouvert et fonctionnel. Les cabines spacieuses et parfaitement am\u00e9nag\u00e9es garantissent un confort de haut niveau. Les cabines avant en particulier, dont les lits sont positionn\u00e9s de mani\u00e8re \u00e0 regarder la mer, disposent d'un lit pliant suppl\u00e9mentaire.  Les ext\u00e9rieurs offrent tout ce qu'il faut pour vivre la mer : de grands bains de soleil, un cockpit avant avec canap\u00e9s, tables et coussins est une nouveaut\u00e9 absolue, tout comme le tr\u00e8s confortable flybridge qui offre une vue \u00e0 couper le souffle dans toutes les situations. Un dessalinisateur de 200 litres\/heure permet ensuite de disposer d'eau douce en abondance, \u00e9vitant ainsi les files d'attente inutiles et fastidieuses dans le port pour remplir des r\u00e9servoirs vides. Enfin, l'annexe est r\u00e9solument adapt\u00e9e au niveau du bateau. Elle mesure en effet 3,10 m de long avec un moteur de 10 cv !<\/p><p>Avec le Bali Catspace, la croisi\u00e8re devient libert\u00e9 : des lignes modernes, une stabilit\u00e9 exceptionnelle et des performances de navigation qui permettent de profiter de la mer en toute s\u00e9curit\u00e9. Parfait pour les familles, les couples ou les groupes d'amis, c'est le catamaran qui transforme toutes les vacances en un souvenir inoubliable.<\/p>\t\t\t\t\t\t\t\t<\/div>\n\t\t\t\t\t<\/div>\n\t\t<\/div>\n\t\t\t\t\t<\/div>\n\t\t<\/section>\n\t\t\t\t<section class=\"elementor-section elementor-top-section elementor-element elementor-element-3193a2c elementor-section-boxed elementor-section-height-default elementor-section-height-default\" data-id=\"3193a2c\" data-element_type=\"section\" data-e-type=\"section\">\n\t\t\t\t\t\t<div class=\"elementor-container elementor-column-gap-no\">\n\t\t\t\t\t<div class=\"elementor-column elementor-col-100 elementor-top-column elementor-element elementor-element-59a8a6c\" data-id=\"59a8a6c\" data-element_type=\"column\" data-e-type=\"column\">\n\t\t\t<div class=\"elementor-widget-wrap\">\n\t\t\t\t\t\t\t<\/div>\n\t\t<\/div>\n\t\t\t\t\t<\/div>\n\t\t<\/section>\n\t\t\t\t<section class=\"elementor-section elementor-top-section elementor-element elementor-element-584d973 elementor-section-full_width elementor-section-height-default elementor-section-height-default\" data-id=\"584d973\" data-element_type=\"section\" data-e-type=\"section\">\n\t\t\t\t\t\t<div class=\"elementor-container elementor-column-gap-no\">\n\t\t\t\t\t<div class=\"elementor-column elementor-col-100 elementor-top-column elementor-element elementor-element-3b71602\" data-id=\"3b71602\" data-element_type=\"column\" data-e-type=\"column\">\n\t\t\t<div class=\"elementor-widget-wrap\">\n\t\t\t\t\t\t\t<\/div>\n\t\t<\/div>\n\t\t\t\t\t<\/div>\n\t\t<\/section>\n\t\t\t\t<\/div>\n\t\t\n    <div class=\"xs_social_share_widget xs_share_url after_content \t\tmain_content  wslu-style-1 wslu-share-box-shaped wslu-fill-colored wslu-none wslu-share-horizontal wslu-theme-font-no wslu-main_content\">\n\n\t\t\n        <ul>\n\t\t\t        <\/ul>\n    <\/div>","protected":false},"excerpt":{"rendered":"<p>Dettagli Cantiere: Bali Anno: 2025 Piedi: 40 Motori: 38cv x 2 Posti letto: 8 Posti letto Metri: 11.97 Scafo: Catamarano Bali Catspace \u2018Maui\u2019 Catamarano Spazio e comfort ai massimi livelli Maui \u00e8 il catamarano pensato per chi desidera unire l\u2019eleganza del design al piacere della navigazione. Con i suoi interni luminosi e accoglienti, offre spazi [&hellip;]<\/p>\n","protected":false},"author":1,"featured_media":0,"parent":142,"menu_order":0,"comment_status":"closed","ping_status":"closed","template":"elementor_header_footer","meta":{"postBodyCss":"","postBodyMargin":[],"postBodyPadding":[],"postBodyBackground":{"backgroundType":"classic","gradient":""},"footnotes":""},"class_list":["post-4086","page","type-page","status-publish","hentry"],"yoast_head":"<!-- This site is optimized with the Yoast SEO plugin v27.5 - https:\/\/yoast.com\/product\/yoast-seo-wordpress\/ -->\n<title>Bali CatSpace \u2013 MAUI - OrizzonteVela<\/title>\n<meta name=\"description\" content=\"Catamarano Lagoon 400 S2 - Con la sua larghezza e il modello perfetto per un diportista hobbista, questo modello \u00e8 costruito per avere il massimo della comodit\u00e0.\" \/>\n<meta name=\"robots\" content=\"index, follow, max-snippet:-1, max-image-preview:large, max-video-preview:-1\" \/>\n<link rel=\"canonical\" href=\"https:\/\/orizzontevela.it\/fr\/barche\/bali-catspace-maui\/\" \/>\n<meta property=\"og:locale\" content=\"fr_FR\" \/>\n<meta property=\"og:type\" content=\"article\" \/>\n<meta property=\"og:title\" content=\"Bali CatSpace \u2013 MAUI - OrizzonteVela\" \/>\n<meta property=\"og:description\" content=\"Catamarano Lagoon 400 S2 - Con la sua larghezza e il modello perfetto per un diportista hobbista, questo modello \u00e8 costruito per avere il massimo della comodit\u00e0.\" \/>\n<meta property=\"og:url\" content=\"https:\/\/orizzontevela.it\/fr\/barche\/bali-catspace-maui\/\" \/>\n<meta property=\"og:site_name\" content=\"OrizzonteVela\" \/>\n<meta property=\"article:modified_time\" content=\"2025-09-30T10:23:55+00:00\" \/>\n<meta name=\"twitter:card\" content=\"summary_large_image\" \/>\n<meta name=\"twitter:label1\" content=\"Dur\u00e9e de lecture estim\u00e9e\" \/>\n\t<meta name=\"twitter:data1\" content=\"2 minutes\" \/>\n<script type=\"application\/ld+json\" class=\"yoast-schema-graph\">{\"@context\":\"https:\\\/\\\/schema.org\",\"@graph\":[{\"@type\":\"WebPage\",\"@id\":\"https:\\\/\\\/orizzontevela.it\\\/barche\\\/bali-catspace-maui\\\/\",\"url\":\"https:\\\/\\\/orizzontevela.it\\\/barche\\\/bali-catspace-maui\\\/\",\"name\":\"Bali CatSpace \u2013 MAUI - OrizzonteVela\",\"isPartOf\":{\"@id\":\"https:\\\/\\\/orizzontevela.it\\\/#website\"},\"datePublished\":\"2025-09-29T11:28:21+00:00\",\"dateModified\":\"2025-09-30T10:23:55+00:00\",\"description\":\"Catamarano Lagoon 400 S2 - Con la sua larghezza e il modello perfetto per un diportista hobbista, questo modello \u00e8 costruito per avere il massimo della comodit\u00e0.\",\"breadcrumb\":{\"@id\":\"https:\\\/\\\/orizzontevela.it\\\/barche\\\/bali-catspace-maui\\\/#breadcrumb\"},\"inLanguage\":\"fr-FR\",\"potentialAction\":[{\"@type\":\"ReadAction\",\"target\":[\"https:\\\/\\\/orizzontevela.it\\\/barche\\\/bali-catspace-maui\\\/\"]}]},{\"@type\":\"BreadcrumbList\",\"@id\":\"https:\\\/\\\/orizzontevela.it\\\/barche\\\/bali-catspace-maui\\\/#breadcrumb\",\"itemListElement\":[{\"@type\":\"ListItem\",\"position\":1,\"name\":\"Home\",\"item\":\"https:\\\/\\\/orizzontevela.it\\\/\"},{\"@type\":\"ListItem\",\"position\":2,\"name\":\"Barche\",\"item\":\"https:\\\/\\\/orizzontevela.it\\\/barche\\\/\"},{\"@type\":\"ListItem\",\"position\":3,\"name\":\"Bali CatSpace \u2013 MAUI\"}]},{\"@type\":\"WebSite\",\"@id\":\"https:\\\/\\\/orizzontevela.it\\\/#website\",\"url\":\"https:\\\/\\\/orizzontevela.it\\\/\",\"name\":\"OrizzonteVela\",\"description\":\"Un Viaggio, mille orizzonti\",\"publisher\":{\"@id\":\"https:\\\/\\\/orizzontevela.it\\\/#organization\"},\"alternateName\":\"Orizzontevela\",\"potentialAction\":[{\"@type\":\"SearchAction\",\"target\":{\"@type\":\"EntryPoint\",\"urlTemplate\":\"https:\\\/\\\/orizzontevela.it\\\/?s={search_term_string}\"},\"query-input\":{\"@type\":\"PropertyValueSpecification\",\"valueRequired\":true,\"valueName\":\"search_term_string\"}}],\"inLanguage\":\"fr-FR\"},{\"@type\":\"Organization\",\"@id\":\"https:\\\/\\\/orizzontevela.it\\\/#organization\",\"name\":\"OrizzonteVela\",\"url\":\"https:\\\/\\\/orizzontevela.it\\\/\",\"logo\":{\"@type\":\"ImageObject\",\"inLanguage\":\"fr-FR\",\"@id\":\"https:\\\/\\\/orizzontevela.it\\\/#\\\/schema\\\/logo\\\/image\\\/\",\"url\":\"https:\\\/\\\/orizzontevela.it\\\/wp-content\\\/uploads\\\/2025\\\/09\\\/logo-colore.png\",\"contentUrl\":\"https:\\\/\\\/orizzontevela.it\\\/wp-content\\\/uploads\\\/2025\\\/09\\\/logo-colore.png\",\"width\":2264,\"height\":579,\"caption\":\"OrizzonteVela\"},\"image\":{\"@id\":\"https:\\\/\\\/orizzontevela.it\\\/#\\\/schema\\\/logo\\\/image\\\/\"},\"sameAs\":[\"https:\\\/\\\/www.instagram.com\\\/orizzontevela\\\/\"]}]}<\/script>\n<!-- \/ Yoast SEO plugin. -->","yoast_head_json":{"title":"Bali CatSpace \u2013 MAUI - OrizzonteVela","description":"Catamarano Lagoon 400 S2 - Con la sua larghezza e il modello perfetto per un diportista hobbista, questo modello \u00e8 costruito per avere il massimo della comodit\u00e0.","robots":{"index":"index","follow":"follow","max-snippet":"max-snippet:-1","max-image-preview":"max-image-preview:large","max-video-preview":"max-video-preview:-1"},"canonical":"https:\/\/orizzontevela.it\/fr\/barche\/bali-catspace-maui\/","og_locale":"fr_FR","og_type":"article","og_title":"Bali CatSpace \u2013 MAUI - OrizzonteVela","og_description":"Catamarano Lagoon 400 S2 - Con la sua larghezza e il modello perfetto per un diportista hobbista, questo modello \u00e8 costruito per avere il massimo della comodit\u00e0.","og_url":"https:\/\/orizzontevela.it\/fr\/barche\/bali-catspace-maui\/","og_site_name":"OrizzonteVela","article_modified_time":"2025-09-30T10:23:55+00:00","twitter_card":"summary_large_image","twitter_misc":{"Dur\u00e9e de lecture estim\u00e9e":"2 minutes"},"schema":{"@context":"https:\/\/schema.org","@graph":[{"@type":"WebPage","@id":"https:\/\/orizzontevela.it\/barche\/bali-catspace-maui\/","url":"https:\/\/orizzontevela.it\/barche\/bali-catspace-maui\/","name":"Bali CatSpace \u2013 MAUI - OrizzonteVela","isPartOf":{"@id":"https:\/\/orizzontevela.it\/#website"},"datePublished":"2025-09-29T11:28:21+00:00","dateModified":"2025-09-30T10:23:55+00:00","description":"Catamarano Lagoon 400 S2 - Con la sua larghezza e il modello perfetto per un diportista hobbista, questo modello \u00e8 costruito per avere il massimo della comodit\u00e0.","breadcrumb":{"@id":"https:\/\/orizzontevela.it\/barche\/bali-catspace-maui\/#breadcrumb"},"inLanguage":"fr-FR","potentialAction":[{"@type":"ReadAction","target":["https:\/\/orizzontevela.it\/barche\/bali-catspace-maui\/"]}]},{"@type":"BreadcrumbList","@id":"https:\/\/orizzontevela.it\/barche\/bali-catspace-maui\/#breadcrumb","itemListElement":[{"@type":"ListItem","position":1,"name":"Home","item":"https:\/\/orizzontevela.it\/"},{"@type":"ListItem","position":2,"name":"Barche","item":"https:\/\/orizzontevela.it\/barche\/"},{"@type":"ListItem","position":3,"name":"Bali CatSpace \u2013 MAUI"}]},{"@type":"WebSite","@id":"https:\/\/orizzontevela.it\/#website","url":"https:\/\/orizzontevela.it\/","name":"HorizonSail","description":"Un Viaggio, mille orizzonti","publisher":{"@id":"https:\/\/orizzontevela.it\/#organization"},"alternateName":"Orizzontevela","potentialAction":[{"@type":"SearchAction","target":{"@type":"EntryPoint","urlTemplate":"https:\/\/orizzontevela.it\/?s={search_term_string}"},"query-input":{"@type":"PropertyValueSpecification","valueRequired":true,"valueName":"search_term_string"}}],"inLanguage":"fr-FR"},{"@type":"Organization","@id":"https:\/\/orizzontevela.it\/#organization","name":"HorizonSail","url":"https:\/\/orizzontevela.it\/","logo":{"@type":"ImageObject","inLanguage":"fr-FR","@id":"https:\/\/orizzontevela.it\/#\/schema\/logo\/image\/","url":"https:\/\/orizzontevela.it\/wp-content\/uploads\/2025\/09\/logo-colore.png","contentUrl":"https:\/\/orizzontevela.it\/wp-content\/uploads\/2025\/09\/logo-colore.png","width":2264,"height":579,"caption":"OrizzonteVela"},"image":{"@id":"https:\/\/orizzontevela.it\/#\/schema\/logo\/image\/"},"sameAs":["https:\/\/www.instagram.com\/orizzontevela\/"]}]}},"_links":{"self":[{"href":"https:\/\/orizzontevela.it\/fr\/wp-json\/wp\/v2\/pages\/4086","targetHints":{"allow":["GET"]}}],"collection":[{"href":"https:\/\/orizzontevela.it\/fr\/wp-json\/wp\/v2\/pages"}],"about":[{"href":"https:\/\/orizzontevela.it\/fr\/wp-json\/wp\/v2\/types\/page"}],"author":[{"embeddable":true,"href":"https:\/\/orizzontevela.it\/fr\/wp-json\/wp\/v2\/users\/1"}],"replies":[{"embeddable":true,"href":"https:\/\/orizzontevela.it\/fr\/wp-json\/wp\/v2\/comments?post=4086"}],"version-history":[{"count":10,"href":"https:\/\/orizzontevela.it\/fr\/wp-json\/wp\/v2\/pages\/4086\/revisions"}],"predecessor-version":[{"id":4195,"href":"https:\/\/orizzontevela.it\/fr\/wp-json\/wp\/v2\/pages\/4086\/revisions\/4195"}],"up":[{"embeddable":true,"href":"https:\/\/orizzontevela.it\/fr\/wp-json\/wp\/v2\/pages\/142"}],"wp:attachment":[{"href":"https:\/\/orizzontevela.it\/fr\/wp-json\/wp\/v2\/media?parent=4086"}],"curies":[{"name":"wp","href":"https:\/\/api.w.org\/{rel}","templated":true}]}}