{"id":4140,"date":"2025-09-30T09:32:05","date_gmt":"2025-09-30T09:32:05","guid":{"rendered":"https:\/\/orizzontevela.it\/?page_id=4140"},"modified":"2025-09-30T09:35:42","modified_gmt":"2025-09-30T09:35:42","slug":"spiagge","status":"publish","type":"page","link":"https:\/\/orizzontevela.it\/fr\/capo-carbonara\/territorio\/spiagge\/","title":{"rendered":"Plages"},"content":{"rendered":"<div data-elementor-type=\"wp-page\" data-elementor-id=\"4140\" class=\"elementor elementor-4140\" data-elementor-post-type=\"page\">\n\t\t\t\t<div class=\"elementor-element elementor-element-977902a e-flex e-con-boxed e-con e-parent\" data-id=\"977902a\" data-element_type=\"container\" data-e-type=\"container\">\n\t\t\t\t\t<div class=\"e-con-inner\">\n\t\t\t\t<div class=\"elementor-element elementor-element-0c132bd elementor-widget elementor-widget-image\" data-id=\"0c132bd\" data-element_type=\"widget\" data-e-type=\"widget\" data-widget_type=\"image.default\">\n\t\t\t\t\t\t\t\t\t\t\t\t\t\t\t<img fetchpriority=\"high\" decoding=\"async\" width=\"800\" height=\"250\" src=\"https:\/\/orizzontevela.it\/wp-content\/uploads\/2025\/09\/bread-portogiunco-1024x320.jpg\" class=\"attachment-large size-large wp-image-4141\" alt=\"\" srcset=\"https:\/\/orizzontevela.it\/wp-content\/uploads\/2025\/09\/bread-portogiunco-1024x320.jpg 1024w, https:\/\/orizzontevela.it\/wp-content\/uploads\/2025\/09\/bread-portogiunco-300x94.jpg 300w, https:\/\/orizzontevela.it\/wp-content\/uploads\/2025\/09\/bread-portogiunco-768x240.jpg 768w, https:\/\/orizzontevela.it\/wp-content\/uploads\/2025\/09\/bread-portogiunco-1536x480.jpg 1536w, https:\/\/orizzontevela.it\/wp-content\/uploads\/2025\/09\/bread-portogiunco.jpg 1920w\" sizes=\"(max-width: 800px) 100vw, 800px\" \/>\t\t\t\t\t\t\t\t\t\t\t\t\t\t\t<\/div>\n\t\t\t\t\t<\/div>\n\t\t\t\t<\/div>\n\t\t<div class=\"elementor-element elementor-element-54cb81f e-flex e-con-boxed e-con e-parent\" data-id=\"54cb81f\" data-element_type=\"container\" data-e-type=\"container\">\n\t\t\t\t\t<div class=\"e-con-inner\">\n\t\t\t\t<div class=\"elementor-element elementor-element-16f483a elementor-widget elementor-widget-text-editor\" data-id=\"16f483a\" data-element_type=\"widget\" data-e-type=\"widget\" data-widget_type=\"text-editor.default\">\n\t\t\t\t\t\t\t\t\t<p>L'aire marine prot\u00e9g\u00e9e de Capo Carbonara, situ\u00e9e \u00e0 l'extr\u00e9mit\u00e9 sud-est de la Sardaigne, est divis\u00e9e en deux larges baies, l'une s'\u00e9tendant \u00e0 l'est du promontoire granitique de Capo Carbonara et de l'Isola dei Cavoli (c\u00f4t\u00e9 est) et l'autre s'\u00e9tendant \u00e0 l'ouest (c\u00f4t\u00e9 ouest). Dans cette partie du littoral, on trouve des falaises c\u00f4ti\u00e8res, des rivages sablonneux, des zones humides et des environnements bois\u00e9s. La diversit\u00e9 du littoral est essentiellement d\u00e9termin\u00e9e par le mouvement des vagues qui, avec le vent, exercent sans cesse une action \u00e9rosive et adoucissante. Le vent, caract\u00e9ristique bien connue de la r\u00e9gion, ainsi que la mer et les cours d'eau saisonniers transportent des s\u00e9diments, alimentant le littoral en pr\u00e9cieux \u201csables\u201d.<br \/><br \/>Une alternance de petites et de grandes plages situ\u00e9es entre les promontoires rocheux qui constituent le prolongement vers la mer des cr\u00eates rocheuses appartenant au massif granitique du Serpedd\u00ec - Sette Fratelli (r\u00e9gion historico-g\u00e9ographique du Sarrabus). C'est au processus incessant et cyclique de d\u00e9molition du substrat rocheux, aliment\u00e9 par le vent et l'\u00e9nergie des masses d'eau (les vagues), qu'il faut rattacher la pr\u00e9sence des plages blanches. Il s'agit d'un cycle incessant et complexe bas\u00e9 sur deux forces oppos\u00e9es : \u2019d\u00e9molition et reconstruction\u201c, au cours duquel la Posidonia oceanica qui s'\u00e9tend sur les plages forme des monticules appel\u00e9s \u201dbanquettes\u201c. Ce cycle a pour fonction fondamentale d'amortir et de r\u00e9guler la r\u00e9partition du sable entre la plage \u00e9merg\u00e9e et la plage submerg\u00e9e, en le retenant puis en le lib\u00e9rant naturellement. C'est \u00e0 cette fonction d'amortissement ou de dissipation de l'\u00e9nergie de la mer, assur\u00e9e par les posidonies, que l'on doit la pr\u00e9sence des plages qui sont la principale valeur \u00e9conomique de Villasimius mais aussi le symbole de l'excellence naturaliste de l'Aire Marine Prot\u00e9g\u00e9e.<br \/><br \/>Les plages de Villasimius g\u00e9n\u00e8rent des sensations d'un grand int\u00e9r\u00eat esth\u00e9tique et, d'un point de vue naturaliste, sont le r\u00e9sultat d'\u00e9quilibres dynamiques primordiaux entre les s\u00e9diments d'origine terrestre et ceux d'origine marine, en \u00e9troite relation avec le climat m\u00e9diterran\u00e9en en g\u00e9n\u00e9ral et le climat local en particulier.<br \/><br \/>En observant les diff\u00e9rentes plages, on saisit l'extraordinaire diversit\u00e9 de l'image paysag\u00e8re que l'imagination collective d\u00e9crit, \u00e0 partir de nombreux points de vue et perspectives, comme belle, suggestive, spectaculaire, fantastique. Leur originalit\u00e9 est le r\u00e9sultat de ph\u00e9nom\u00e8nes naturels anciens, complexes et uniques (climatiques, g\u00e9ologiques et biologiques) et de ph\u00e9nom\u00e8nes anthropiques moins anciens (carri\u00e8res, tours, etc.). Il s'agit d'\u00e9pisodes uniques, non reproductibles, \u00e0 caract\u00e8re m\u00e9diterran\u00e9en, dont les caract\u00e9ristiques doivent \u00eatre sauvegard\u00e9es car elles sont le patrimoine de tous, aujourd'hui et pour longtemps.<br \/><br \/><b>Porto Sa Ruxi<\/b><br \/>La plage est immerg\u00e9e dans un paysage m\u00e9diterran\u00e9en typique, nich\u00e9e entre les falaises et caract\u00e9ris\u00e9e par des dunes de sable blanc prot\u00e9g\u00e9es par des gen\u00e9vriers centenaires (Juniperus spp.). Ce milieu \u201cDunes c\u00f4ti\u00e8res \u00e0 Juniperus spp.\u201d, qui pr\u00e9sente un int\u00e9r\u00eat prioritaire au titre de dispositions telles que la directive \"Habitats\" 92\/43\/CEE, a une grande valeur environnementale car il constitue l'identit\u00e9 de la garrigue m\u00e9diterran\u00e9enne non d\u00e9grad\u00e9e et fait l'objet d'actions de conservation.<br \/><br \/><b>Campus<\/b><br \/>Plage situ\u00e9e \u00e0 l'ouest de l'aire marine prot\u00e9g\u00e9e, surplomb\u00e9e par le site ph\u00e9nicien de Cuccureddus, o\u00f9 le Rio Foxi se jette dans la mer avec une large embouchure, nous rappelant que les Ph\u00e9niciens ont \u00e9galement choisi de s'installer dans cette zone pour leur commerce.<br \/><br \/><b>Campulongu<\/b><br \/>La plage se caract\u00e9rise par un long arc de sable fin et clair d'un kilom\u00e8tre de long, entrecoup\u00e9 de charmantes falaises de granit au sud et de petites criques de galets au nord, situ\u00e9 \u00e0 l'ouest du promontoire de Capo Carbonara. Derri\u00e8re la plage, on trouve des dunes entrecoup\u00e9es de maquis m\u00e9diterran\u00e9en et, plus \u00e0 l'int\u00e9rieur des terres, une grande pin\u00e8de.<br \/><br \/><b>Vieille forteresse<\/b><br \/>Pr\u00e8s du petit port de Villasimius se trouve cette petite plage qui tire son nom de la forteresse espagnole de 1572 qui domine la plage et qui est \u00e9galement appel\u00e9e Torre Vecchia, une fortification surplombant la mer, signe d'un syst\u00e8me de surveillance qui, avec la tour de Porto Giunco et celle de Capo Boi, caract\u00e9risait cette partie de la c\u00f4te afin de d\u00e9fendre le territoire contre les raids des pirates. La plage a la forme d'un croissant au milieu des granits typiques de Villasimius, fa\u00e7onn\u00e9s par la mer et le vent. La mer est presque toujours calme car elle est bien prot\u00e9g\u00e9e par le promontoire qui abrite la forteresse et le fond de la baie qui alterne entre les prairies de Posidonia oceanica, le sable et les fonds rocheux, font de cette plage un endroit idyllique pour faire de la plong\u00e9e avec masque et tuba et admirer la faune et la flore marines.<br \/>Cette plage a \u00e9t\u00e9 d\u00e9finie comme une \u201cplage \u00e9cologique\u201d dans la mesure o\u00f9 la protection de l'environnement est favoris\u00e9e par le choix de ne pas enlever les feuilles de Posidonia oceanica, qui tombent naturellement de la plante et arrivent sur la plage apr\u00e8s les temp\u00eates de mer, mais de laisser la mer et le vent g\u00e9rer naturellement ses rythmes, sans aucune intervention humaine. En outre, pendant la p\u00e9riode estivale, une campagne de sensibilisation \u00e0 la valeur des banquettes et des herbiers de posidonies est men\u00e9e sur la plage, \u00e0 l'intention de tous les usagers de la plage et des \u00e9coles.<br \/><br \/><b>Carri\u00e8re d'Usai<\/b><br \/>Situ\u00e9 sur le versant oriental du Capo Carbonara, il se caract\u00e9rise par la pr\u00e9sence de l'imposante ancienne carri\u00e8re de granit d\u00e9saffect\u00e9e (Sa Cava Manna). Le granit de cette carri\u00e8re \u00e9tait utilis\u00e9 pour la construction de b\u00e2timents et d'ouvrages, mais il \u00e9tait \u00e9galement export\u00e9. On y trouve des sables (issus de l'\u00e9rosion du granit), des pierres aujourd'hui polies par les vagues et le vent, ainsi que des affleurements rocheux.<br \/><br \/><b>Porto Giunco<\/b><br \/>Le chemin qui m\u00e8ne \u00e0 la plage longe l'\u00e9tang de Notteri situ\u00e9 derri\u00e8re la plage, choisi comme habitat par les flamants roses et d'autres oiseaux migrateurs.<br \/>Une langue de sable s\u00e9pare les deux masses d'eau, la mer et l'\u00e9tang de Notteri, ce qui a valu \u00e0 cette plage le surnom de \u201cdes deux mers\u201d. C'est un excellent exemple d'\u00e9cosyst\u00e8me de transition car cette langue de sable s\u00e9pare l'\u00e9tang de la mer. Porto Giunco est bord\u00e9 de dunes couvertes de gen\u00e9vriers, de lentisques et de maquis m\u00e9diterran\u00e9en. Depuis le parking, un sendiero permet d'escalader le promontoire au sud-ouest, au sommet duquel se dresse l'imposante tour de Porto Giunco, haute de neuf m\u00e8tres, \u2018m\u00e9moire\u2019 du XVIIe si\u00e8cle \u00e9rig\u00e9e par les Espagnols face aux attaques des pirates venus de la mer. De l\u00e0-haut, vous profiterez d'un \u2018tableau\u2019 \u00e9blouissant.<br \/><br \/><b>Simius<\/b><br \/>Cette plage est le prolongement de l'immense Porto Giunco. Longue de 1 km, c'est la principale plage qui donne son nom \u00e0 Villasimius, \u00e0 laquelle on acc\u00e8de directement depuis le centre de la ville par la Via del Mare. Le sable blanc et les eaux cristallines en font l'une des plages les plus populaires et les plus fr\u00e9quent\u00e9es.<br \/><br \/><b>Punta est Molentis\u00a0<\/b>Situ\u00e9e \u00e0 l'embouchure du Rio Trottu, elle se caract\u00e9rise par la pr\u00e9sence d'une carri\u00e8re de granit d\u00e9saffect\u00e9e. Le nom de la plage d\u00e9rive de \u201csu molentu\u201d, c'est-\u00e0-dire \u201cl'\u00e2ne\u201d, qui \u00e9tait le v\u00e9hicule utilis\u00e9 pour transporter le mat\u00e9riau extrait de la carri\u00e8re de granit voisine. La forme particuli\u00e8re de la plage, en demi-lune ou en arc de cercle, semble r\u00e9unir deux bandes de terre qui rendent la plage plut\u00f4t abrit\u00e9e des vents : d'un c\u00f4t\u00e9, elle est entour\u00e9e d'un promontoire bas qui s'amincit en falaise, de l'autre, elle est constitu\u00e9e d'un amas de roches creuses et d'un maquis m\u00e9diterran\u00e9en dense.<br \/>Une petite plage tr\u00e8s particuli\u00e8re, dont l'acc\u00e8s est ferm\u00e9 depuis 2019 pendant la haute saison. Cette mesure restrictive a \u00e9t\u00e9 mise en place pour pr\u00e9server l'\u00e9cosyst\u00e8me de la zone d'un afflux excessif de touristes.<br \/><br \/><img decoding=\"async\" src=\"https:\/\/www.ampcapocarbonara.it\/uploads\/cartina_spiagge.png\" \/><\/p>\t\t\t\t\t\t\t\t<\/div>\n\t\t\t\t\t<\/div>\n\t\t\t\t<\/div>\n\t\t\t\t<\/div>\n\t\t\n    <div class=\"xs_social_share_widget xs_share_url after_content \t\tmain_content  wslu-style-1 wslu-share-box-shaped wslu-fill-colored wslu-none wslu-share-horizontal wslu-theme-font-no wslu-main_content\">\n\n\t\t\n        <ul>\n\t\t\t        <\/ul>\n    <\/div>","protected":false},"excerpt":{"rendered":"<p>L&#8217;Area Marina Protetta Capo Carbonara, ubicata nell&#8217;estremit\u00e0 sud &#8211; est della Sardegna \u00e8 suddivisa in due ampie baie, una si estende ad est rispetto al promontorio granitico di Capo Carbonara e l&#8217;Isola dei Cavoli (versante orientale) e l\u2019altra si estende a ovest (versante occidentale). In questo tratto di costa si riconoscono ambienti di rupi costiere, [&hellip;]<\/p>\n","protected":false},"author":1,"featured_media":0,"parent":4126,"menu_order":0,"comment_status":"closed","ping_status":"closed","template":"","meta":{"postBodyCss":"","postBodyMargin":[],"postBodyPadding":[],"postBodyBackground":{"backgroundType":"classic","gradient":""},"footnotes":""},"class_list":["post-4140","page","type-page","status-publish","hentry"],"yoast_head":"<!-- This site is optimized with the Yoast SEO plugin v27.5 - https:\/\/yoast.com\/product\/yoast-seo-wordpress\/ -->\n<title>Spiagge - OrizzonteVela<\/title>\n<meta name=\"robots\" content=\"index, follow, max-snippet:-1, max-image-preview:large, max-video-preview:-1\" \/>\n<link rel=\"canonical\" href=\"https:\/\/orizzontevela.it\/fr\/capo-carbonara\/territorio\/spiagge\/\" \/>\n<meta property=\"og:locale\" content=\"fr_FR\" \/>\n<meta property=\"og:type\" content=\"article\" \/>\n<meta property=\"og:title\" content=\"Spiagge - OrizzonteVela\" \/>\n<meta property=\"og:description\" content=\"L&#8217;Area Marina Protetta Capo Carbonara, ubicata nell&#8217;estremit\u00e0 sud &#8211; est della Sardegna \u00e8 suddivisa in due ampie baie, una si estende ad est rispetto al promontorio granitico di Capo Carbonara e l&#8217;Isola dei Cavoli (versante orientale) e l\u2019altra si estende a ovest (versante occidentale). In questo tratto di costa si riconoscono ambienti di rupi costiere, [&hellip;]\" \/>\n<meta property=\"og:url\" content=\"https:\/\/orizzontevela.it\/fr\/capo-carbonara\/territorio\/spiagge\/\" \/>\n<meta property=\"og:site_name\" content=\"OrizzonteVela\" \/>\n<meta property=\"article:modified_time\" content=\"2025-09-30T09:35:42+00:00\" \/>\n<meta property=\"og:image\" content=\"https:\/\/orizzontevela.it\/wp-content\/uploads\/2025\/09\/bread-portogiunco-1024x320.jpg\" \/>\n<meta name=\"twitter:card\" content=\"summary_large_image\" \/>\n<meta name=\"twitter:label1\" content=\"Dur\u00e9e de lecture estim\u00e9e\" \/>\n\t<meta name=\"twitter:data1\" content=\"7 minutes\" \/>\n<script type=\"application\/ld+json\" class=\"yoast-schema-graph\">{\"@context\":\"https:\\\/\\\/schema.org\",\"@graph\":[{\"@type\":\"WebPage\",\"@id\":\"https:\\\/\\\/orizzontevela.it\\\/capo-carbonara\\\/territorio\\\/spiagge\\\/\",\"url\":\"https:\\\/\\\/orizzontevela.it\\\/capo-carbonara\\\/territorio\\\/spiagge\\\/\",\"name\":\"Spiagge - OrizzonteVela\",\"isPartOf\":{\"@id\":\"https:\\\/\\\/orizzontevela.it\\\/#website\"},\"primaryImageOfPage\":{\"@id\":\"https:\\\/\\\/orizzontevela.it\\\/capo-carbonara\\\/territorio\\\/spiagge\\\/#primaryimage\"},\"image\":{\"@id\":\"https:\\\/\\\/orizzontevela.it\\\/capo-carbonara\\\/territorio\\\/spiagge\\\/#primaryimage\"},\"thumbnailUrl\":\"https:\\\/\\\/orizzontevela.it\\\/wp-content\\\/uploads\\\/2025\\\/09\\\/bread-portogiunco-1024x320.jpg\",\"datePublished\":\"2025-09-30T09:32:05+00:00\",\"dateModified\":\"2025-09-30T09:35:42+00:00\",\"breadcrumb\":{\"@id\":\"https:\\\/\\\/orizzontevela.it\\\/capo-carbonara\\\/territorio\\\/spiagge\\\/#breadcrumb\"},\"inLanguage\":\"fr-FR\",\"potentialAction\":[{\"@type\":\"ReadAction\",\"target\":[\"https:\\\/\\\/orizzontevela.it\\\/capo-carbonara\\\/territorio\\\/spiagge\\\/\"]}]},{\"@type\":\"ImageObject\",\"inLanguage\":\"fr-FR\",\"@id\":\"https:\\\/\\\/orizzontevela.it\\\/capo-carbonara\\\/territorio\\\/spiagge\\\/#primaryimage\",\"url\":\"https:\\\/\\\/orizzontevela.it\\\/wp-content\\\/uploads\\\/2025\\\/09\\\/bread-portogiunco-1024x320.jpg\",\"contentUrl\":\"https:\\\/\\\/orizzontevela.it\\\/wp-content\\\/uploads\\\/2025\\\/09\\\/bread-portogiunco-1024x320.jpg\"},{\"@type\":\"BreadcrumbList\",\"@id\":\"https:\\\/\\\/orizzontevela.it\\\/capo-carbonara\\\/territorio\\\/spiagge\\\/#breadcrumb\",\"itemListElement\":[{\"@type\":\"ListItem\",\"position\":1,\"name\":\"Home\",\"item\":\"https:\\\/\\\/orizzontevela.it\\\/\"},{\"@type\":\"ListItem\",\"position\":2,\"name\":\"Capo Carbonara\",\"item\":\"https:\\\/\\\/orizzontevela.it\\\/capo-carbonara\\\/\"},{\"@type\":\"ListItem\",\"position\":3,\"name\":\"Territorio\",\"item\":\"https:\\\/\\\/orizzontevela.it\\\/capo-carbonara\\\/territorio\\\/\"},{\"@type\":\"ListItem\",\"position\":4,\"name\":\"Spiagge\"}]},{\"@type\":\"WebSite\",\"@id\":\"https:\\\/\\\/orizzontevela.it\\\/#website\",\"url\":\"https:\\\/\\\/orizzontevela.it\\\/\",\"name\":\"OrizzonteVela\",\"description\":\"Un Viaggio, mille orizzonti\",\"publisher\":{\"@id\":\"https:\\\/\\\/orizzontevela.it\\\/#organization\"},\"alternateName\":\"Orizzontevela\",\"potentialAction\":[{\"@type\":\"SearchAction\",\"target\":{\"@type\":\"EntryPoint\",\"urlTemplate\":\"https:\\\/\\\/orizzontevela.it\\\/?s={search_term_string}\"},\"query-input\":{\"@type\":\"PropertyValueSpecification\",\"valueRequired\":true,\"valueName\":\"search_term_string\"}}],\"inLanguage\":\"fr-FR\"},{\"@type\":\"Organization\",\"@id\":\"https:\\\/\\\/orizzontevela.it\\\/#organization\",\"name\":\"OrizzonteVela\",\"url\":\"https:\\\/\\\/orizzontevela.it\\\/\",\"logo\":{\"@type\":\"ImageObject\",\"inLanguage\":\"fr-FR\",\"@id\":\"https:\\\/\\\/orizzontevela.it\\\/#\\\/schema\\\/logo\\\/image\\\/\",\"url\":\"https:\\\/\\\/orizzontevela.it\\\/wp-content\\\/uploads\\\/2025\\\/09\\\/logo-colore.png\",\"contentUrl\":\"https:\\\/\\\/orizzontevela.it\\\/wp-content\\\/uploads\\\/2025\\\/09\\\/logo-colore.png\",\"width\":2264,\"height\":579,\"caption\":\"OrizzonteVela\"},\"image\":{\"@id\":\"https:\\\/\\\/orizzontevela.it\\\/#\\\/schema\\\/logo\\\/image\\\/\"},\"sameAs\":[\"https:\\\/\\\/www.instagram.com\\\/orizzontevela\\\/\"]}]}<\/script>\n<!-- \/ Yoast SEO plugin. -->","yoast_head_json":{"title":"Spiagge - OrizzonteVela","robots":{"index":"index","follow":"follow","max-snippet":"max-snippet:-1","max-image-preview":"max-image-preview:large","max-video-preview":"max-video-preview:-1"},"canonical":"https:\/\/orizzontevela.it\/fr\/capo-carbonara\/territorio\/spiagge\/","og_locale":"fr_FR","og_type":"article","og_title":"Spiagge - OrizzonteVela","og_description":"L&#8217;Area Marina Protetta Capo Carbonara, ubicata nell&#8217;estremit\u00e0 sud &#8211; est della Sardegna \u00e8 suddivisa in due ampie baie, una si estende ad est rispetto al promontorio granitico di Capo Carbonara e l&#8217;Isola dei Cavoli (versante orientale) e l\u2019altra si estende a ovest (versante occidentale). In questo tratto di costa si riconoscono ambienti di rupi costiere, [&hellip;]","og_url":"https:\/\/orizzontevela.it\/fr\/capo-carbonara\/territorio\/spiagge\/","og_site_name":"OrizzonteVela","article_modified_time":"2025-09-30T09:35:42+00:00","og_image":[{"url":"https:\/\/orizzontevela.it\/wp-content\/uploads\/2025\/09\/bread-portogiunco-1024x320.jpg","type":"","width":"","height":""}],"twitter_card":"summary_large_image","twitter_misc":{"Dur\u00e9e de lecture estim\u00e9e":"7 minutes"},"schema":{"@context":"https:\/\/schema.org","@graph":[{"@type":"WebPage","@id":"https:\/\/orizzontevela.it\/capo-carbonara\/territorio\/spiagge\/","url":"https:\/\/orizzontevela.it\/capo-carbonara\/territorio\/spiagge\/","name":"Spiagge - OrizzonteVela","isPartOf":{"@id":"https:\/\/orizzontevela.it\/#website"},"primaryImageOfPage":{"@id":"https:\/\/orizzontevela.it\/capo-carbonara\/territorio\/spiagge\/#primaryimage"},"image":{"@id":"https:\/\/orizzontevela.it\/capo-carbonara\/territorio\/spiagge\/#primaryimage"},"thumbnailUrl":"https:\/\/orizzontevela.it\/wp-content\/uploads\/2025\/09\/bread-portogiunco-1024x320.jpg","datePublished":"2025-09-30T09:32:05+00:00","dateModified":"2025-09-30T09:35:42+00:00","breadcrumb":{"@id":"https:\/\/orizzontevela.it\/capo-carbonara\/territorio\/spiagge\/#breadcrumb"},"inLanguage":"fr-FR","potentialAction":[{"@type":"ReadAction","target":["https:\/\/orizzontevela.it\/capo-carbonara\/territorio\/spiagge\/"]}]},{"@type":"ImageObject","inLanguage":"fr-FR","@id":"https:\/\/orizzontevela.it\/capo-carbonara\/territorio\/spiagge\/#primaryimage","url":"https:\/\/orizzontevela.it\/wp-content\/uploads\/2025\/09\/bread-portogiunco-1024x320.jpg","contentUrl":"https:\/\/orizzontevela.it\/wp-content\/uploads\/2025\/09\/bread-portogiunco-1024x320.jpg"},{"@type":"BreadcrumbList","@id":"https:\/\/orizzontevela.it\/capo-carbonara\/territorio\/spiagge\/#breadcrumb","itemListElement":[{"@type":"ListItem","position":1,"name":"Home","item":"https:\/\/orizzontevela.it\/"},{"@type":"ListItem","position":2,"name":"Capo Carbonara","item":"https:\/\/orizzontevela.it\/capo-carbonara\/"},{"@type":"ListItem","position":3,"name":"Territorio","item":"https:\/\/orizzontevela.it\/capo-carbonara\/territorio\/"},{"@type":"ListItem","position":4,"name":"Spiagge"}]},{"@type":"WebSite","@id":"https:\/\/orizzontevela.it\/#website","url":"https:\/\/orizzontevela.it\/","name":"HorizonSail","description":"Un Viaggio, mille orizzonti","publisher":{"@id":"https:\/\/orizzontevela.it\/#organization"},"alternateName":"Orizzontevela","potentialAction":[{"@type":"SearchAction","target":{"@type":"EntryPoint","urlTemplate":"https:\/\/orizzontevela.it\/?s={search_term_string}"},"query-input":{"@type":"PropertyValueSpecification","valueRequired":true,"valueName":"search_term_string"}}],"inLanguage":"fr-FR"},{"@type":"Organization","@id":"https:\/\/orizzontevela.it\/#organization","name":"HorizonSail","url":"https:\/\/orizzontevela.it\/","logo":{"@type":"ImageObject","inLanguage":"fr-FR","@id":"https:\/\/orizzontevela.it\/#\/schema\/logo\/image\/","url":"https:\/\/orizzontevela.it\/wp-content\/uploads\/2025\/09\/logo-colore.png","contentUrl":"https:\/\/orizzontevela.it\/wp-content\/uploads\/2025\/09\/logo-colore.png","width":2264,"height":579,"caption":"OrizzonteVela"},"image":{"@id":"https:\/\/orizzontevela.it\/#\/schema\/logo\/image\/"},"sameAs":["https:\/\/www.instagram.com\/orizzontevela\/"]}]}},"_links":{"self":[{"href":"https:\/\/orizzontevela.it\/fr\/wp-json\/wp\/v2\/pages\/4140","targetHints":{"allow":["GET"]}}],"collection":[{"href":"https:\/\/orizzontevela.it\/fr\/wp-json\/wp\/v2\/pages"}],"about":[{"href":"https:\/\/orizzontevela.it\/fr\/wp-json\/wp\/v2\/types\/page"}],"author":[{"embeddable":true,"href":"https:\/\/orizzontevela.it\/fr\/wp-json\/wp\/v2\/users\/1"}],"replies":[{"embeddable":true,"href":"https:\/\/orizzontevela.it\/fr\/wp-json\/wp\/v2\/comments?post=4140"}],"version-history":[{"count":7,"href":"https:\/\/orizzontevela.it\/fr\/wp-json\/wp\/v2\/pages\/4140\/revisions"}],"predecessor-version":[{"id":4149,"href":"https:\/\/orizzontevela.it\/fr\/wp-json\/wp\/v2\/pages\/4140\/revisions\/4149"}],"up":[{"embeddable":true,"href":"https:\/\/orizzontevela.it\/fr\/wp-json\/wp\/v2\/pages\/4126"}],"wp:attachment":[{"href":"https:\/\/orizzontevela.it\/fr\/wp-json\/wp\/v2\/media?parent=4140"}],"curies":[{"name":"wp","href":"https:\/\/api.w.org\/{rel}","templated":true}]}}